{"id":30836,"date":"2020-11-18T20:22:47","date_gmt":"2020-11-18T20:22:47","guid":{"rendered":"https:\/\/silver-louse-480719.hostingersite.com\/tienda\/producto\/bicicleta-ss160-small-fully-upright-rehab-kidsfit-ref-zakids160\/"},"modified":"2024-04-08T19:03:30","modified_gmt":"2024-04-08T19:03:30","slug":"bicicleta-ss160-small-fully-upright-rehab-kidsfit-ref-zakids160","status":"publish","type":"product","link":"https:\/\/www.zannasalud.com\/tienda\/producto\/bicicleta-ss160-small-fully-upright-rehab-kidsfit-ref-zakids160\/","title":{"rendered":"BICICLETA SS160 SMALL FULLY UPRIGHT REHAB KIDSFIT REF. ZAKIDS160"},"content":{"rendered":"<div id=\"goog-gt-tt\" class=\"skiptranslate\" dir=\"ltr\">\n<div style=\"padding: 8px;\">Las obras el\u00edpticas en la secuenciaci\u00f3n, el calendario y la estabilizaci\u00f3n total del cuerpo. Tanto las extremidades inferiores y superiores son impulsados<\/p>\n<div><\/div>\n<\/div>\n<\/div>\n<div class=\"goog-te-spinner-pos\">\n<div class=\"goog-te-spinner-animation\"><\/div>\n<\/div>\n","protected":false},"excerpt":{"rendered":"<p>Las obras el\u00edpticas en la secuenciaci\u00f3n, el calendario y la estabilizaci\u00f3n total del cuerpo. Tanto las extremidades inferiores y superiores son impulsados<\/p>\n","protected":false},"featured_media":9978,"template":"","meta":{"_acf_changed":false,"content-type":""},"product_brand":[],"product_cat":[13386,13255,13387,13368],"product_tag":[12654],"class_list":{"0":"post-30836","1":"product","2":"type-product","3":"status-publish","4":"has-post-thumbnail","6":"product_cat-maquinas-de-ejercicio-pediatricas","7":"product_cat-marca","8":"product_cat-kids-fit","9":"product_cat-mecanoterapia","10":"product_tag-kids-fit","12":"first","13":"onbackorder","14":"taxable","15":"shipping-taxable","16":"purchasable","17":"product-type-simple"},"acf":[],"_links":{"self":[{"href":"https:\/\/www.zannasalud.com\/tienda\/wp-json\/wp\/v2\/product\/30836","targetHints":{"allow":["GET"]}}],"collection":[{"href":"https:\/\/www.zannasalud.com\/tienda\/wp-json\/wp\/v2\/product"}],"about":[{"href":"https:\/\/www.zannasalud.com\/tienda\/wp-json\/wp\/v2\/types\/product"}],"wp:featuredmedia":[{"embeddable":true,"href":"https:\/\/www.zannasalud.com\/tienda\/wp-json\/wp\/v2\/media\/9978"}],"wp:attachment":[{"href":"https:\/\/www.zannasalud.com\/tienda\/wp-json\/wp\/v2\/media?parent=30836"}],"wp:term":[{"taxonomy":"product_brand","embeddable":true,"href":"https:\/\/www.zannasalud.com\/tienda\/wp-json\/wp\/v2\/product_brand?post=30836"},{"taxonomy":"product_cat","embeddable":true,"href":"https:\/\/www.zannasalud.com\/tienda\/wp-json\/wp\/v2\/product_cat?post=30836"},{"taxonomy":"product_tag","embeddable":true,"href":"https:\/\/www.zannasalud.com\/tienda\/wp-json\/wp\/v2\/product_tag?post=30836"}],"curies":[{"name":"wp","href":"https:\/\/api.w.org\/{rel}","templated":true}]}}