{"id":30834,"date":"2020-11-18T20:22:40","date_gmt":"2020-11-18T20:22:40","guid":{"rendered":"https:\/\/silver-louse-480719.hostingersite.com\/tienda\/producto\/bicicleta-recumbent-ss101-super-small-fully-kidsfit-ref-zakids101\/"},"modified":"2024-04-08T19:03:30","modified_gmt":"2024-04-08T19:03:30","slug":"bicicleta-recumbent-ss101-super-small-fully-kidsfit-ref-zakids101","status":"publish","type":"product","link":"https:\/\/www.zannasalud.com\/tienda\/producto\/bicicleta-recumbent-ss101-super-small-fully-kidsfit-ref-zakids101\/","title":{"rendered":"BICICLETA RECUMBENT SS101 SUPER SMALL FULLY KIDSFIT REF. ZAKIDS101"},"content":{"rendered":"<div id=\"goog-gt-tt\" class=\"skiptranslate\" dir=\"ltr\">\n<div style=\"padding: 8px;\">M\u00e1s peque\u00f1a bicicleta est\u00e1tica calidad comercial del mundo! Las caracter\u00edsticas incluyen: tensi\u00f3n sencillo ajustable, as\u00ed como varios programas de computadora, sistema de ruedas port\u00e1til, asiento ajustable, correas de los pedales ajustables, capacidad de control de la frecuencia card\u00edaca, sensores de frecuencia card\u00edaca de contacto, lectura computadora de frecuencia cardiaca, velocidad, tiempo, distancia y calor\u00edas. Esta moto est\u00e1 dise\u00f1ado para ni\u00f1os de primaria en edad temprana (grados K-3\u00ba). El SS101 es utilizado por escuelas, YMCA&#8217;s, fisioterapeutas pedi\u00e1tricos para la rehabilitaci\u00f3n y el trabajo f\u00edsico con los ni\u00f1os muy peque\u00f1os. (Edades 4 a 9)<\/p>\n<div><\/div>\n<\/div>\n<\/div>\n<div class=\"goog-te-spinner-pos\">\n<div class=\"goog-te-spinner-animation\"><\/div>\n<\/div>\n","protected":false},"excerpt":{"rendered":"<p>M\u00e1s peque\u00f1a bicicleta est\u00e1tica calidad comercial del mundo! Las caracter\u00edsticas incluyen: tensi\u00f3n sencillo ajustable, as\u00ed como varios programas de computadora, sistema de ruedas port\u00e1til, asiento ajustable, correas de los pedales ajustables, capacidad de control de la frecuencia card\u00edaca, sensores de frecuencia card\u00edaca de contacto, lectura computadora de frecuencia cardiaca, velocidad, tiempo, distancia y calor\u00edas. Esta moto est\u00e1 dise\u00f1ado para ni\u00f1os de primaria en edad temprana (grados K-3\u00ba). El SS101 es utilizado por escuelas, YMCA&#8217;s, fisioterapeutas pedi\u00e1tricos para la rehabilitaci\u00f3n y el trabajo f\u00edsico con los ni\u00f1os muy peque\u00f1os. (Edades 4 a 9)<\/p>\n","protected":false},"featured_media":4026,"template":"","meta":{"_acf_changed":false,"content-type":""},"product_brand":[],"product_cat":[13386,13255,13387,13368],"product_tag":[12654],"class_list":{"0":"post-30834","1":"product","2":"type-product","3":"status-publish","4":"has-post-thumbnail","6":"product_cat-maquinas-de-ejercicio-pediatricas","7":"product_cat-marca","8":"product_cat-kids-fit","9":"product_cat-mecanoterapia","10":"product_tag-kids-fit","12":"first","13":"onbackorder","14":"taxable","15":"shipping-taxable","16":"purchasable","17":"product-type-simple"},"acf":[],"_links":{"self":[{"href":"https:\/\/www.zannasalud.com\/tienda\/wp-json\/wp\/v2\/product\/30834","targetHints":{"allow":["GET"]}}],"collection":[{"href":"https:\/\/www.zannasalud.com\/tienda\/wp-json\/wp\/v2\/product"}],"about":[{"href":"https:\/\/www.zannasalud.com\/tienda\/wp-json\/wp\/v2\/types\/product"}],"wp:featuredmedia":[{"embeddable":true,"href":"https:\/\/www.zannasalud.com\/tienda\/wp-json\/wp\/v2\/media\/4026"}],"wp:attachment":[{"href":"https:\/\/www.zannasalud.com\/tienda\/wp-json\/wp\/v2\/media?parent=30834"}],"wp:term":[{"taxonomy":"product_brand","embeddable":true,"href":"https:\/\/www.zannasalud.com\/tienda\/wp-json\/wp\/v2\/product_brand?post=30834"},{"taxonomy":"product_cat","embeddable":true,"href":"https:\/\/www.zannasalud.com\/tienda\/wp-json\/wp\/v2\/product_cat?post=30834"},{"taxonomy":"product_tag","embeddable":true,"href":"https:\/\/www.zannasalud.com\/tienda\/wp-json\/wp\/v2\/product_tag?post=30834"}],"curies":[{"name":"wp","href":"https:\/\/api.w.org\/{rel}","templated":true}]}}