{"id":30818,"date":"2020-11-18T20:22:40","date_gmt":"2020-11-18T20:22:40","guid":{"rendered":"https:\/\/silver-louse-480719.hostingersite.com\/tienda\/producto\/equipo-de-suspension-resistencia-pragma-tecnomex-t-europea-ref-za13205001\/"},"modified":"2024-04-08T19:03:29","modified_gmt":"2024-04-08T19:03:29","slug":"equipo-de-suspension-resistencia-pragma-tecnomex-t-europea-ref-za13205001","status":"publish","type":"product","link":"https:\/\/www.zannasalud.com\/tienda\/producto\/equipo-de-suspension-resistencia-pragma-tecnomex-t-europea-ref-za13205001\/","title":{"rendered":"EQUIPO DE SUSPENSI\u00d3N RESISTENCIA PRAGMA. TECNOMEX.T. EUROPEA REF. ZA13205001"},"content":{"rendered":"<div id=\"goog-gt-tt\" class=\"skiptranslate\" dir=\"ltr\">\n<div style=\"padding: 8px;\">PRAGMA es un dispositivo que favorece el desarrollo de nuestro sistema muscular. Todos los m\u00fasculos pueden desarrollarse de forma individual o colectiva. Gracias a Pragma, podemos incrementar la fuerza, la resistencia y la masa muscular. PRAGMA &#8211; Dispositivo universal para la ejecuci\u00f3n de ejercicios de suspensi\u00f3n con resistencia. Fue dise\u00f1ado pensando en quienes quieren mejorar su eficiencia f\u00edsica. <\/p>\n<p>PRAGMA podr\u00eda ser \u00fatil en:<br \/>\n\u2022 Ortopedia y traumatolog\u00eda<br \/>\n\u2022 Reumatolog\u00eda<br \/>\n\u2022 Neurolog\u00eda<br \/>\n\u2022 Cardiolog\u00eda<br \/>\n\u2022 Diabetolog\u00eda<br \/>\n\u2022 Pediatr\u00eda<br \/>\n\u2022 Geriatr\u00eda<br \/>\n\u2022 Endocrinolog\u00eda<br \/>\n\u2022 Medicina deportiva. <\/p>\n<p>Caracteristicas Principales: Puede ser utilizado en rehabilitaci\u00f3n, deporte, para la conservaci\u00f3n del buen estado de salud y para corregir malas posturas.<br \/>\n\u2022 Los ejercicios pueden llevarse a cabo no s\u00f3lo por las mujeres j\u00f3venes y maduras y los hombres, sino tambi\u00e9n las personas con discapacidad.<br \/>\n\u2022 Alternativa econ\u00f3mica de los equipos de gimnasio.<br \/>\n\u2022 Aplicaci\u00f3n simple y f\u00e1cil.<br \/>\n\u2022 Permite la ejercitaci\u00f3n de todos los grupos de m\u00fasculos.<br \/>\n\u2022 Permite el ajuste individual de los ejercicios, seg\u00fan las necesidades y habilidades del paciente.<br \/>\n\u2022 Incremento progresivo y lineal de la resistencia.<br \/>\n\u2022 Permite la auto-evaluaci\u00f3n del programa de la rehabilitaci\u00f3n.<br \/>\n\u2022 Puede ser virtualmente instalado en cualquier parte.<br \/>\n\u2022 Requiere poco espacio.<br \/>\n\u2022 El practicante puede realizar los ejercicios en un solo lugar. <\/p>\n<p>Variedad de Ejercicios:<br \/>\nEl dispositivo PRAGMA permite la realizaci\u00f3n de los ejercicios descritos en fisioterapia como:<br \/>\n\u2022 Ejercicios pasivos.<br \/>\n\u2022 Ejercicios activos-pasivos.<br \/>\n\u2022 Ejercicios autoestables.<br \/>\n\u2022 Ejercicios activos con apoyo de peso.<br \/>\n\u2022 Ejercicios activos libres.<br \/>\n\u2022 Ejercicios de resistencia.<br \/>\n\u2022 Ejercicios isom\u00e9tricos.<br \/>\n\u2022 Ejercicios sinerg\u00e9ticos.<br \/>\n\u2022 Ejercicios para mejorar la salud general.<br \/>\n\u2022 Ejercicios de estiramiento. <\/p>\n<p>Accesorios Incluidos:<br \/>\n\u2022 Izador de rehabilitaci\u00f3n 13.205.002<br \/>\n\u2022 Goma de rehabilitaci\u00f3n 13.205.003<br \/>\n\u2022 Pu\u00f1o 13.205.004<br \/>\n\u2022 Polea y cuerda 13.205.005<br \/>\n\u2022 Palo corto 13.205.006<br \/>\n\u2022 Palo largo 13.205.007<br \/>\n\u2022 Cintur\u00f3n para \u201csqatts\u201d 13.205.008<br \/>\n\u2022 Cintur\u00f3n para ejercicios 13.205.009<br \/>\n\u2022 Guante 13.205.010<br \/>\n\u2022 Tubo amarillo (ligero) 13.205.011<br \/>\n\u2022 Tubo rojo (semiduro) 13.205.012<br \/>\n\u2022 Tubo verde (duro) 13.205.013<br \/>\n\u2022 Tubo azul (muy duro) 13.205.014<br \/>\n\u2022 Tubo negro (duro especial) 13.205.015<br \/>\n\u2022 Tubo plateado (s\u00faper duro) 13.205.016<br \/>\n\u2022 Agarradera 13.205.017<br \/>\n\u2022 Eslinga de mano y pie 13.205.018<br \/>\n\u2022 Eslinga de cabeza 13.205.019<br \/>\n\u2022 Eslinga estrecha de cadera y lumbar 13.205.020<br \/>\n\u2022 Eslinga ancha de cadera y lumbar 13.205.021.<\/p>\n<div><\/div>\n<\/div>\n<\/div>\n<div class=\"goog-te-spinner-pos\">\n<div class=\"goog-te-spinner-animation\"><\/div>\n<\/div>\n","protected":false},"excerpt":{"rendered":"<p>PRAGMA es un dispositivo que favorece el desarrollo de nuestro sistema muscular. Todos los m\u00fasculos pueden desarrollarse de forma individual o colectiva. Gracias a Pragma, podemos incrementar la fuerza, la resistencia y la masa muscular. PRAGMA &#8211; Dispositivo universal para la ejecuci\u00f3n de ejercicios de suspensi\u00f3n con resistencia. Fue dise\u00f1ado pensando en quienes quieren mejorar su eficiencia f\u00edsica. <\/p>\n<p>PRAGMA podr\u00eda ser \u00fatil en:<br \/>\n\u2022 Ortopedia y traumatolog\u00eda<br \/>\n\u2022 Reumatolog\u00eda<br \/>\n\u2022 Neurolog\u00eda<br \/>\n\u2022 Cardiolog\u00eda<br \/>\n\u2022 Diabetolog\u00eda<br \/>\n\u2022 Pediatr\u00eda<br \/>\n\u2022 Geriatr\u00eda<br \/>\n\u2022 Endocrinolog\u00eda<br \/>\n\u2022 Medicina deportiva. <\/p>\n<p>Caracteristicas Principales: Puede ser utilizado en rehabilitaci\u00f3n, deporte, para la conservaci\u00f3n del buen estado de salud y para corregir malas posturas.<br \/>\n\u2022 Los ejercicios pueden llevarse a cabo no s\u00f3lo por las mujeres j\u00f3venes y maduras y los hombres, sino tambi\u00e9n las personas con discapacidad.<br \/>\n\u2022 Alternativa econ\u00f3mica de los equipos de gimnasio.<br \/>\n\u2022 Aplicaci\u00f3n simple y f\u00e1cil.<br \/>\n\u2022 Permite la ejercitaci\u00f3n de todos los grupos de m\u00fasculos.<br \/>\n\u2022 Permite el ajuste individual de los ejercicios, seg\u00fan las necesidades y habilidades del paciente.<br \/>\n\u2022 Incremento progresivo y lineal de la resistencia.<br \/>\n\u2022 Permite la auto-evaluaci\u00f3n del programa de la rehabilitaci\u00f3n.<br \/>\n\u2022 Puede ser virtualmente instalado en cualquier parte.<br \/>\n\u2022 Requiere poco espacio.<br \/>\n\u2022 El practicante puede realizar los ejercicios en un solo lugar. <\/p>\n<p>Variedad de Ejercicios:<br \/>\nEl dispositivo PRAGMA permite la realizaci\u00f3n de los ejercicios descritos en fisioterapia como:<br \/>\n\u2022 Ejercicios pasivos.<br \/>\n\u2022 Ejercicios activos-pasivos.<br \/>\n\u2022 Ejercicios autoestables.<br \/>\n\u2022 Ejercicios activos con apoyo de peso.<br \/>\n\u2022 Ejercicios activos libres.<br \/>\n\u2022 Ejercicios de resistencia.<br \/>\n\u2022 Ejercicios isom\u00e9tricos.<br \/>\n\u2022 Ejercicios sinerg\u00e9ticos.<br \/>\n\u2022 Ejercicios para mejorar la salud general.<br \/>\n\u2022 Ejercicios de estiramiento. <\/p>\n<p>Accesorios Incluidos:<br \/>\n\u2022 Izador de rehabilitaci\u00f3n 13.205.002<br \/>\n\u2022 Goma de rehabilitaci\u00f3n 13.205.003<br \/>\n\u2022 Pu\u00f1o 13.205.004<br \/>\n\u2022 Polea y cuerda 13.205.005<br \/>\n\u2022 Palo corto 13.205.006<br \/>\n\u2022 Palo largo 13.205.007<br \/>\n\u2022 Cintur\u00f3n para \u201csqatts\u201d 13.205.008<br \/>\n\u2022 Cintur\u00f3n para ejercicios 13.205.009<br \/>\n\u2022 Guante 13.205.010<br \/>\n\u2022 Tubo amarillo (ligero) 13.205.011<br \/>\n\u2022 Tubo rojo (semiduro) 13.205.012<br \/>\n\u2022 Tubo verde (duro) 13.205.013<br \/>\n\u2022 Tubo azul (muy duro) 13.205.014<br \/>\n\u2022 Tubo negro (duro especial) 13.205.015<br \/>\n\u2022 Tubo plateado (s\u00faper duro) 13.205.016<br \/>\n\u2022 Agarradera 13.205.017<br \/>\n\u2022 Eslinga de mano y pie 13.205.018<br \/>\n\u2022 Eslinga de cabeza 13.205.019<br \/>\n\u2022 Eslinga estrecha de cadera y lumbar 13.205.020<br \/>\n\u2022 Eslinga ancha de cadera y lumbar 13.205.021.<\/p>\n","protected":false},"featured_media":3978,"template":"","meta":{"_acf_changed":false,"content-type":""},"product_brand":[],"product_cat":[13378,13255,13301,13368],"product_tag":[11803],"class_list":{"0":"post-30818","1":"product","2":"type-product","3":"status-publish","4":"has-post-thumbnail","6":"product_cat-equipos-de-suspension-e-isokineticos","7":"product_cat-marca","8":"product_cat-technomex","9":"product_cat-mecanoterapia","10":"product_tag-technomex","12":"first","13":"instock","14":"taxable","15":"shipping-taxable","16":"purchasable","17":"product-type-simple"},"acf":[],"_links":{"self":[{"href":"https:\/\/www.zannasalud.com\/tienda\/wp-json\/wp\/v2\/product\/30818","targetHints":{"allow":["GET"]}}],"collection":[{"href":"https:\/\/www.zannasalud.com\/tienda\/wp-json\/wp\/v2\/product"}],"about":[{"href":"https:\/\/www.zannasalud.com\/tienda\/wp-json\/wp\/v2\/types\/product"}],"wp:featuredmedia":[{"embeddable":true,"href":"https:\/\/www.zannasalud.com\/tienda\/wp-json\/wp\/v2\/media\/3978"}],"wp:attachment":[{"href":"https:\/\/www.zannasalud.com\/tienda\/wp-json\/wp\/v2\/media?parent=30818"}],"wp:term":[{"taxonomy":"product_brand","embeddable":true,"href":"https:\/\/www.zannasalud.com\/tienda\/wp-json\/wp\/v2\/product_brand?post=30818"},{"taxonomy":"product_cat","embeddable":true,"href":"https:\/\/www.zannasalud.com\/tienda\/wp-json\/wp\/v2\/product_cat?post=30818"},{"taxonomy":"product_tag","embeddable":true,"href":"https:\/\/www.zannasalud.com\/tienda\/wp-json\/wp\/v2\/product_tag?post=30818"}],"curies":[{"name":"wp","href":"https:\/\/api.w.org\/{rel}","templated":true}]}}