{"id":30816,"date":"2020-11-18T20:22:40","date_gmt":"2020-11-18T20:22:40","guid":{"rendered":"https:\/\/silver-louse-480719.hostingersite.com\/tienda\/producto\/traccion-cervical-neumatica-pronex-ref-zanc2370-3\/"},"modified":"2025-04-04T14:30:50","modified_gmt":"2025-04-04T14:30:50","slug":"traccion-cervical-neumatica-pronex-ref-zanc2370-3","status":"publish","type":"product","link":"https:\/\/www.zannasalud.com\/tienda\/producto\/traccion-cervical-neumatica-pronex-ref-zanc2370-3\/","title":{"rendered":"TRACCION CERVICAL NEUMATICA  PRONEX\u00ae REF. ZANC2370-3"},"content":{"rendered":"<p>El dispositivo de tracci\u00f3n neum\u00e1tica Pronex\u00ae, f\u00e1cil de usar, sostiene c\u00f3modamente la cabeza y la curva natural de la columna cervical.<br \/>\nEjerce la fuerza de manera uniforme y suave sin agravar la articulaci\u00f3n temporomandibular.<br \/>\nLa cabeza y el cuello se acunan sobre dos cojines de espuma suave cuando est\u00e1n reclinados. Un coj\u00edn sostiene el occipucio y el otro descansa contra el trapecio superior.<br \/>\nUn fuelle inflado por aire entre los cojines proporciona hasta 35 lb (16 kg) de tracci\u00f3n ajustable continuamente. A medida que el fuelle se expande, levanta la cabeza hacia arriba, apoyando la curva cervical y manteniendo una distracci\u00f3n uniforme en los discos cervicales anterior y posterior.<br \/>\nSe puede obtener una flexi\u00f3n lateral del cuello de 15\u00b0 a 25\u00b0 utilizando el protocolo de abdominoplastia.<br \/>\nEl usuario controla la cantidad de tracci\u00f3n aplicada apretando una bombilla de inflado para aumentar la presi\u00f3n y usando una perilla para liberar suavemente la tracci\u00f3n.<br \/>\nIncluye estuche de transporte liviano, correa para la cabeza, manual de operaci\u00f3n y cu\u00f1a de flexi\u00f3n.<br \/>\nGarant\u00eda del fabricante de un a\u00f1o.<br \/>\nPara tallar, mida la circunferencia del cuello.<br \/>\nNo requiere montaje.<\/p>\n","protected":false},"excerpt":{"rendered":"<p>Tratamiento de tracci\u00f3n cervical f\u00e1cil de usar en la comodidad del hogar.<\/p>\n","protected":false},"featured_media":4061,"template":"","meta":{"_acf_changed":false,"content-type":""},"product_brand":[],"product_cat":[13255,13276,13368,13376],"product_tag":[11849],"class_list":{"0":"post-30816","1":"product","2":"type-product","3":"status-publish","4":"has-post-thumbnail","6":"product_cat-marca","7":"product_cat-north-coast","8":"product_cat-mecanoterapia","9":"product_cat-poleas-y-tracciones","10":"product_tag-north-coast","12":"first","13":"onbackorder","14":"taxable","15":"shipping-taxable","16":"purchasable","17":"product-type-simple"},"acf":[],"_links":{"self":[{"href":"https:\/\/www.zannasalud.com\/tienda\/wp-json\/wp\/v2\/product\/30816","targetHints":{"allow":["GET"]}}],"collection":[{"href":"https:\/\/www.zannasalud.com\/tienda\/wp-json\/wp\/v2\/product"}],"about":[{"href":"https:\/\/www.zannasalud.com\/tienda\/wp-json\/wp\/v2\/types\/product"}],"wp:featuredmedia":[{"embeddable":true,"href":"https:\/\/www.zannasalud.com\/tienda\/wp-json\/wp\/v2\/media\/4061"}],"wp:attachment":[{"href":"https:\/\/www.zannasalud.com\/tienda\/wp-json\/wp\/v2\/media?parent=30816"}],"wp:term":[{"taxonomy":"product_brand","embeddable":true,"href":"https:\/\/www.zannasalud.com\/tienda\/wp-json\/wp\/v2\/product_brand?post=30816"},{"taxonomy":"product_cat","embeddable":true,"href":"https:\/\/www.zannasalud.com\/tienda\/wp-json\/wp\/v2\/product_cat?post=30816"},{"taxonomy":"product_tag","embeddable":true,"href":"https:\/\/www.zannasalud.com\/tienda\/wp-json\/wp\/v2\/product_tag?post=30816"}],"curies":[{"name":"wp","href":"https:\/\/api.w.org\/{rel}","templated":true}]}}