{"id":30811,"date":"2020-11-18T20:22:30","date_gmt":"2020-11-18T20:22:30","guid":{"rendered":"https:\/\/silver-louse-480719.hostingersite.com\/tienda\/producto\/polea-para-hombros-regular-norco-ref-zanc52069\/"},"modified":"2025-04-04T14:30:50","modified_gmt":"2025-04-04T14:30:50","slug":"polea-para-hombros-regular-norco-ref-zanc52069","status":"publish","type":"product","link":"https:\/\/www.zannasalud.com\/tienda\/producto\/polea-para-hombros-regular-norco-ref-zanc52069\/","title":{"rendered":"POLEA PARA HOMBROS REGULAR NORCO\u2122 REF. ZANC52069"},"content":{"rendered":"<p>La polea de hombro Norco\u00ae es ideal para uso dom\u00e9stico, para mejorar de forma independiente el rango de movimiento y la coordinaci\u00f3n del hombro despu\u00e9s de una lesi\u00f3n en el hombro o una cirug\u00eda.<br \/>\nSe puede usar para hacer ejercicios mientras est\u00e1 sentado, de pie o acostado.<br \/>\nSe configura en minutos colocando la correa de tela en la parte superior a lo largo del lado con bisagras de cualquier puerta est\u00e1ndar.<br \/>\nPremontada y lista para usar, la polea de hombro incluye: folleto de ejercicios con instrucciones paso a paso y fotos, correa de puerta de red antideslizante, cable de 6-1\/2 pies (2,4 m), mecanismo de polea y manijas de dise\u00f1o ergon\u00f3mico para mayor comodidad y efectividad.<br \/>\nEl anclaje de cincha encaja perfectamente entre la puerta y el marco y no raya las superficies.<br \/>\nPara una fijaci\u00f3n \u00f3ptima a la puerta, utilice el soporte universal para puerta Norco\u00ae (se vende por separado).<br \/>\nNo est\u00e1 fabricado con l\u00e1tex de caucho natural.<\/p>\n","protected":false},"excerpt":{"rendered":"<p>Polea de hombro econ\u00f3mica que es ideal para programas en el hogar.<\/p>\n","protected":false},"featured_media":4064,"template":"","meta":{"_acf_changed":false,"content-type":""},"product_brand":[],"product_cat":[13255,13276,13368,13376],"product_tag":[11849],"class_list":{"0":"post-30811","1":"product","2":"type-product","3":"status-publish","4":"has-post-thumbnail","6":"product_cat-marca","7":"product_cat-north-coast","8":"product_cat-mecanoterapia","9":"product_cat-poleas-y-tracciones","10":"product_tag-north-coast","12":"first","13":"instock","14":"taxable","15":"shipping-taxable","16":"purchasable","17":"product-type-simple"},"acf":[],"_links":{"self":[{"href":"https:\/\/www.zannasalud.com\/tienda\/wp-json\/wp\/v2\/product\/30811","targetHints":{"allow":["GET"]}}],"collection":[{"href":"https:\/\/www.zannasalud.com\/tienda\/wp-json\/wp\/v2\/product"}],"about":[{"href":"https:\/\/www.zannasalud.com\/tienda\/wp-json\/wp\/v2\/types\/product"}],"wp:featuredmedia":[{"embeddable":true,"href":"https:\/\/www.zannasalud.com\/tienda\/wp-json\/wp\/v2\/media\/4064"}],"wp:attachment":[{"href":"https:\/\/www.zannasalud.com\/tienda\/wp-json\/wp\/v2\/media?parent=30811"}],"wp:term":[{"taxonomy":"product_brand","embeddable":true,"href":"https:\/\/www.zannasalud.com\/tienda\/wp-json\/wp\/v2\/product_brand?post=30811"},{"taxonomy":"product_cat","embeddable":true,"href":"https:\/\/www.zannasalud.com\/tienda\/wp-json\/wp\/v2\/product_cat?post=30811"},{"taxonomy":"product_tag","embeddable":true,"href":"https:\/\/www.zannasalud.com\/tienda\/wp-json\/wp\/v2\/product_tag?post=30811"}],"curies":[{"name":"wp","href":"https:\/\/api.w.org\/{rel}","templated":true}]}}