{"id":30795,"date":"2020-11-18T20:22:21","date_gmt":"2020-11-18T20:22:21","guid":{"rendered":"https:\/\/silver-louse-480719.hostingersite.com\/tienda\/producto\/cicloergometro-magneciser-ref-zafab01-8030\/"},"modified":"2025-04-04T14:30:48","modified_gmt":"2025-04-04T14:30:48","slug":"cicloergometro-magneciser-ref-zafab01-8030","status":"publish","type":"product","link":"https:\/\/www.zannasalud.com\/tienda\/producto\/cicloergometro-magneciser-ref-zafab01-8030\/","title":{"rendered":"CICLOERGOMETRO MAGNECISER\u2122  REF. ZAFAB01-8030"},"content":{"rendered":"<p>El ejercitador de pedales CanDo Magneciser es un ejercicio para la parte superior e inferior del cuerpo ideal para aumentar la fuerza muscular, mejorar el rango de movimiento, desarrollar la coordinaci\u00f3n y mejorar la circulaci\u00f3n. Desarrollado tanto para uso en mesa como en suelo, el ejercitador utiliza resistencia magn\u00e9tica para permitir un funcionamiento suave y silencioso.<\/p>\n","protected":false},"excerpt":{"rendered":"<p>Ejercitador Dual para Fuerza y Circulaci\u00f3n Mejorada<\/p>\n","protected":false},"featured_media":4015,"template":"","meta":{"_acf_changed":false,"content-type":""},"product_brand":[],"product_cat":[13370,13369,13255,13311,13368],"product_tag":[11858],"class_list":{"0":"post-30795","1":"product","2":"type-product","3":"status-publish","4":"has-post-thumbnail","6":"product_cat-cicloergometros","7":"product_cat-maquinas-de-ejercicio-adulto","8":"product_cat-marca","9":"product_cat-fabrication-enterpreses","10":"product_cat-mecanoterapia","11":"product_tag-fabrication-enterpreses","13":"first","14":"onbackorder","15":"taxable","16":"shipping-taxable","17":"purchasable","18":"product-type-simple"},"acf":[],"_links":{"self":[{"href":"https:\/\/www.zannasalud.com\/tienda\/wp-json\/wp\/v2\/product\/30795","targetHints":{"allow":["GET"]}}],"collection":[{"href":"https:\/\/www.zannasalud.com\/tienda\/wp-json\/wp\/v2\/product"}],"about":[{"href":"https:\/\/www.zannasalud.com\/tienda\/wp-json\/wp\/v2\/types\/product"}],"wp:featuredmedia":[{"embeddable":true,"href":"https:\/\/www.zannasalud.com\/tienda\/wp-json\/wp\/v2\/media\/4015"}],"wp:attachment":[{"href":"https:\/\/www.zannasalud.com\/tienda\/wp-json\/wp\/v2\/media?parent=30795"}],"wp:term":[{"taxonomy":"product_brand","embeddable":true,"href":"https:\/\/www.zannasalud.com\/tienda\/wp-json\/wp\/v2\/product_brand?post=30795"},{"taxonomy":"product_cat","embeddable":true,"href":"https:\/\/www.zannasalud.com\/tienda\/wp-json\/wp\/v2\/product_cat?post=30795"},{"taxonomy":"product_tag","embeddable":true,"href":"https:\/\/www.zannasalud.com\/tienda\/wp-json\/wp\/v2\/product_tag?post=30795"}],"curies":[{"name":"wp","href":"https:\/\/api.w.org\/{rel}","templated":true}]}}