{"id":30794,"date":"2020-11-18T20:22:21","date_gmt":"2020-11-18T20:22:21","guid":{"rendered":"https:\/\/silver-louse-480719.hostingersite.com\/tienda\/producto\/cicloergometro-pedal-ejercitador-cando-deluxe-ref-zafab01-8010\/"},"modified":"2025-04-04T14:30:48","modified_gmt":"2025-04-04T14:30:48","slug":"cicloergometro-pedal-ejercitador-cando-deluxe-ref-zafab01-8010","status":"publish","type":"product","link":"https:\/\/www.zannasalud.com\/tienda\/producto\/cicloergometro-pedal-ejercitador-cando-deluxe-ref-zafab01-8010\/","title":{"rendered":"CICLOERGOMETRO PEDAL EJERCITADOR CANDO \u00ae DELUXE  REF. ZAFAB01-8010"},"content":{"rendered":"<p>El camino hacia una mejor salud y estado f\u00edsico es mucho m\u00e1s conveniente de lo que crees. Este ejercitador de pedales de lujo de CanDo ofrece entrenamientos para la parte superior e inferior del cuerpo sin tener que levantarse de la silla. Ideal para aumentar la fuerza muscular, alargar el rango de movimiento, mejorar el acondicionamiento, desarrollar la coordinaci\u00f3n y mejorar la circulaci\u00f3n, este ejercitador de pedales proporciona un beneficio tras otro. Desarrollado tanto para uso en la mesa como en el suelo, el ejercitador funciona tanto hacia adelante como hacia atr\u00e1s para un entrenamiento completo de brazos y piernas. Los pedales resistentes funcionan como empu\u00f1aduras ergon\u00f3micas, mientras que las correas ajustables brindan mayor comodidad y seguridad. Tan silencioso que pod\u00edas pedalear por debajo del escritorio y nadie lo sabr\u00eda. La perilla de control de resistencia permite a los usuarios elegir la resistencia del pedal que mejor se adapte a ellos, lo que permite un entrenamiento personalizado. Cambiar las resistencias es tan sencillo como girar el pomo. Los usuarios pueden aumentar la resistencia y el desaf\u00edo para ejercicios progresivos o disminuir la resistencia para un entrenamiento m\u00e1s aer\u00f3bico o centrado en el cardio. El progreso se rastrea f\u00e1cilmente con una computadora de ejercicios de 5 funciones. Este dispositivo indica el tiempo de ejercicio, las calor\u00edas quemadas, la distancia recorrida, cu\u00e1ntas rotaciones de pedal se completaron y las rotaciones por minuto (RPM). Escanear es una opci\u00f3n en la que la computadora gira a trav\u00e9s de todas las funciones, mostrando cada una brevemente. La pantalla cobra vida con el primer giro de un pedal, mientras que la pila de bot\u00f3n de 1,5 V incluida garantiza que todos los datos se muestren correctamente en la pantalla. El dise\u00f1o resistente hace que este ejercitador sea ideal para cl\u00ednicas concurridas, mientras que su tama\u00f1o y conveniencia lo hacen excelente para uso dom\u00e9stico. Se recomienda que se usen zapatos para correr mientras se pedalea con los pies y hay una capacidad de peso en la unidad de 220 libras. El ejercitador de pedales CanDo Deluxe viene completo con un manual de montaje y una gu\u00eda de instrucciones. Tenga en cuenta que todo lo necesario para completar el conjunto de luces requerido est\u00e1 incluido. Ser bidireccional no solo hace que este vendedor ambulante sea vers\u00e1til, sino que permite el doble de ejercicios y beneficios en comparaci\u00f3n con un vendedor ambulante unidireccional. La computadora de ejercicios se apagar\u00e1 autom\u00e1ticamente despu\u00e9s de 4-5 minutos de inactividad en el ejercitador. La base cuenta con pies estabilizadores antideslizantes que garantizan que la unidad no se mueva una vez que comience el ejercicio. Con un peso de menos de 20 libras, el ejercitador es port\u00e1til, silencioso y adecuado tanto para el hogar como para la oficina. F\u00e1cil de limpiar, solo necesita un pa\u00f1o h\u00famedo y jab\u00f3n suave<\/p>\n","protected":false},"excerpt":{"rendered":"<p>Entrenador Dual de Pedales CanDo: Fitness Conveniente y Completo<\/p>\n","protected":false},"featured_media":4009,"template":"","meta":{"_acf_changed":false,"content-type":""},"product_brand":[],"product_cat":[13370,13369,13255,13311,13368],"product_tag":[11858],"class_list":{"0":"post-30794","1":"product","2":"type-product","3":"status-publish","4":"has-post-thumbnail","6":"product_cat-cicloergometros","7":"product_cat-maquinas-de-ejercicio-adulto","8":"product_cat-marca","9":"product_cat-fabrication-enterpreses","10":"product_cat-mecanoterapia","11":"product_tag-fabrication-enterpreses","13":"first","14":"onbackorder","15":"taxable","16":"shipping-taxable","17":"purchasable","18":"product-type-simple"},"acf":[],"_links":{"self":[{"href":"https:\/\/www.zannasalud.com\/tienda\/wp-json\/wp\/v2\/product\/30794","targetHints":{"allow":["GET"]}}],"collection":[{"href":"https:\/\/www.zannasalud.com\/tienda\/wp-json\/wp\/v2\/product"}],"about":[{"href":"https:\/\/www.zannasalud.com\/tienda\/wp-json\/wp\/v2\/types\/product"}],"wp:featuredmedia":[{"embeddable":true,"href":"https:\/\/www.zannasalud.com\/tienda\/wp-json\/wp\/v2\/media\/4009"}],"wp:attachment":[{"href":"https:\/\/www.zannasalud.com\/tienda\/wp-json\/wp\/v2\/media?parent=30794"}],"wp:term":[{"taxonomy":"product_brand","embeddable":true,"href":"https:\/\/www.zannasalud.com\/tienda\/wp-json\/wp\/v2\/product_brand?post=30794"},{"taxonomy":"product_cat","embeddable":true,"href":"https:\/\/www.zannasalud.com\/tienda\/wp-json\/wp\/v2\/product_cat?post=30794"},{"taxonomy":"product_tag","embeddable":true,"href":"https:\/\/www.zannasalud.com\/tienda\/wp-json\/wp\/v2\/product_tag?post=30794"}],"curies":[{"name":"wp","href":"https:\/\/api.w.org\/{rel}","templated":true}]}}