{"id":30792,"date":"2020-11-18T20:22:21","date_gmt":"2020-11-18T20:22:21","guid":{"rendered":"https:\/\/silver-louse-480719.hostingersite.com\/tienda\/producto\/cicloergometro-de-brazos-hudson-ube-ref-zafab10-2870\/"},"modified":"2025-04-04T14:30:48","modified_gmt":"2025-04-04T14:30:48","slug":"cicloergometro-de-brazos-hudson-ube-ref-zafab10-2870","status":"publish","type":"product","link":"https:\/\/www.zannasalud.com\/tienda\/producto\/cicloergometro-de-brazos-hudson-ube-ref-zafab10-2870\/","title":{"rendered":"CICLOERGOMETRO DE BRAZOS HUDSON UBE REF. ZAFAB10-2870"},"content":{"rendered":"<p>El erg\u00f3metro bidireccional para la parte superior del cuerpo (UBE) de PhysioTrainer est\u00e1 dise\u00f1ado para usarse en una mesa o en el suelo como ejercitador de piernas. Es el m\u00e1s asequible de todos los erg\u00f3metros bidireccionales de la parte superior del cuerpo en el mercado. La construcci\u00f3n pesada de este dispositivo lo convierte en una opci\u00f3n perfecta para una cl\u00ednica o un entorno dom\u00e9stico. El proceso de fabricaci\u00f3n incluye un marco de acero totalmente soldado, pintura industrial resistente a la oxidaci\u00f3n y una carcasa de grado comercial resistente a las grietas. El PhysioTrainer UBE cuenta con una pantalla f\u00e1cil de leer que se autoalimenta. Muestra su velocidad actual (mph o kph), distancia, calor\u00edas quemadas, tiempo transcurrido y modo de escaneo. El panel de visualizaci\u00f3n tiene una funci\u00f3n de inclinaci\u00f3n que permite al usuario ver claramente las lecturas si la unidad se est\u00e1 utilizando sobre una mesa o en el suelo como ejercitador de piernas. El erg\u00f3metro para la parte superior del cuerpo PhysioTrainer es el primer UBE de alta calidad disponible a un precio asequible.<\/p>\n","protected":false},"excerpt":{"rendered":"<p>Erg\u00f3metro bidireccional  vers\u00e1til con pantalla intuitiva y perfecto para cl\u00ednicas y hogares.<\/p>\n","protected":false},"featured_media":4021,"template":"","meta":{"_acf_changed":false,"content-type":""},"product_brand":[],"product_cat":[13370,13369,13255,13311,13368],"product_tag":[11858],"class_list":{"0":"post-30792","1":"product","2":"type-product","3":"status-publish","4":"has-post-thumbnail","6":"product_cat-cicloergometros","7":"product_cat-maquinas-de-ejercicio-adulto","8":"product_cat-marca","9":"product_cat-fabrication-enterpreses","10":"product_cat-mecanoterapia","11":"product_tag-fabrication-enterpreses","13":"first","14":"onbackorder","15":"taxable","16":"shipping-taxable","17":"purchasable","18":"product-type-simple"},"acf":[],"_links":{"self":[{"href":"https:\/\/www.zannasalud.com\/tienda\/wp-json\/wp\/v2\/product\/30792","targetHints":{"allow":["GET"]}}],"collection":[{"href":"https:\/\/www.zannasalud.com\/tienda\/wp-json\/wp\/v2\/product"}],"about":[{"href":"https:\/\/www.zannasalud.com\/tienda\/wp-json\/wp\/v2\/types\/product"}],"wp:featuredmedia":[{"embeddable":true,"href":"https:\/\/www.zannasalud.com\/tienda\/wp-json\/wp\/v2\/media\/4021"}],"wp:attachment":[{"href":"https:\/\/www.zannasalud.com\/tienda\/wp-json\/wp\/v2\/media?parent=30792"}],"wp:term":[{"taxonomy":"product_brand","embeddable":true,"href":"https:\/\/www.zannasalud.com\/tienda\/wp-json\/wp\/v2\/product_brand?post=30792"},{"taxonomy":"product_cat","embeddable":true,"href":"https:\/\/www.zannasalud.com\/tienda\/wp-json\/wp\/v2\/product_cat?post=30792"},{"taxonomy":"product_tag","embeddable":true,"href":"https:\/\/www.zannasalud.com\/tienda\/wp-json\/wp\/v2\/product_tag?post=30792"}],"curies":[{"name":"wp","href":"https:\/\/api.w.org\/{rel}","templated":true}]}}