{"id":30790,"date":"2020-11-18T20:22:21","date_gmt":"2020-11-18T20:22:21","guid":{"rendered":"https:\/\/silver-louse-480719.hostingersite.com\/tienda\/producto\/spray-ktape-ultra-stick-ref-zakt2214\/"},"modified":"2024-04-08T19:03:24","modified_gmt":"2024-04-08T19:03:24","slug":"spray-ktape-ultra-stick-ref-zakt2214","status":"publish","type":"product","link":"https:\/\/www.zannasalud.com\/tienda\/producto\/spray-ktape-ultra-stick-ref-zakt2214\/","title":{"rendered":"SPRAY KTAPE \u201cULTRA STICK\u201d REF. ZAKT2214"},"content":{"rendered":"<div id=\"goog-gt-tt\" class=\"skiptranslate\" dir=\"ltr\">\n<div style=\"padding: 8px;\">Spray adhesivo que provee mayor adhesi\u00f3n del tape. Dise\u00f1ado especialmente para pieles de dif\u00edcil adherencia y en zonas del cuerpo de alta movilidad. Resistente al agua e hipoalerg\u00e9nico. Spray de larga duraci\u00f3n.<\/p>\n<div><\/div>\n<\/div>\n<\/div>\n<div class=\"goog-te-spinner-pos\">\n<div class=\"goog-te-spinner-animation\"><\/div>\n<\/div>\n","protected":false},"excerpt":{"rendered":"<p>Spray adhesivo que provee mayor adhesi\u00f3n del tape. Dise\u00f1ado especialmente para pieles de dif\u00edcil adherencia y en zonas del cuerpo de alta movilidad. Resistente al agua e hipoalerg\u00e9nico. Spray de larga duraci\u00f3n.<\/p>\n","protected":false},"featured_media":0,"template":"","meta":{"_acf_changed":false,"content-type":""},"product_brand":[],"product_cat":[13365,13255,13361,13359],"product_tag":[12032],"class_list":{"0":"post-30790","1":"product","2":"type-product","3":"status-publish","5":"product_cat-herramienta-vendaje","6":"product_cat-marca","7":"product_cat-biviax","8":"product_cat-vendaje-kinesiologico-k-tape","9":"product_tag-biviax","11":"first","12":"onbackorder","13":"shipping-taxable","14":"purchasable","15":"product-type-simple"},"acf":[],"_links":{"self":[{"href":"https:\/\/www.zannasalud.com\/tienda\/wp-json\/wp\/v2\/product\/30790","targetHints":{"allow":["GET"]}}],"collection":[{"href":"https:\/\/www.zannasalud.com\/tienda\/wp-json\/wp\/v2\/product"}],"about":[{"href":"https:\/\/www.zannasalud.com\/tienda\/wp-json\/wp\/v2\/types\/product"}],"wp:attachment":[{"href":"https:\/\/www.zannasalud.com\/tienda\/wp-json\/wp\/v2\/media?parent=30790"}],"wp:term":[{"taxonomy":"product_brand","embeddable":true,"href":"https:\/\/www.zannasalud.com\/tienda\/wp-json\/wp\/v2\/product_brand?post=30790"},{"taxonomy":"product_cat","embeddable":true,"href":"https:\/\/www.zannasalud.com\/tienda\/wp-json\/wp\/v2\/product_cat?post=30790"},{"taxonomy":"product_tag","embeddable":true,"href":"https:\/\/www.zannasalud.com\/tienda\/wp-json\/wp\/v2\/product_tag?post=30790"}],"curies":[{"name":"wp","href":"https:\/\/api.w.org\/{rel}","templated":true}]}}