{"id":30788,"date":"2020-11-18T20:22:21","date_gmt":"2020-11-18T20:22:21","guid":{"rendered":"https:\/\/silver-louse-480719.hostingersite.com\/tienda\/producto\/tijeras-k-tape-especiales-ref-zaktp300101\/"},"modified":"2024-04-08T19:03:24","modified_gmt":"2024-04-08T19:03:24","slug":"tijeras-k-tape-especiales-ref-zaktp300101","status":"publish","type":"product","link":"https:\/\/www.zannasalud.com\/tienda\/producto\/tijeras-k-tape-especiales-ref-zaktp300101\/","title":{"rendered":"TIJERAS K-TAPE ESPECIALES REF. ZAKTP300101"},"content":{"rendered":"<div id=\"goog-gt-tt\" class=\"skiptranslate\" dir=\"ltr\">\n<div style=\"padding: 8px;\">Tijeras especiales para K-Taping con superficies de corte recubiertas de tefl\u00f3n. Fabricadas en Jap\u00f3n. El recubrimiento evita que el adhesivo acr\u00edlico penetre en los poros met\u00e1licos de las aristas cortantes. Si se utilizan adecuadamente, las tijeras conservar\u00e1n su precisi\u00f3n durante a\u00f1os.<\/p>\n<div><\/div>\n<\/div>\n<\/div>\n<div class=\"goog-te-spinner-pos\">\n<div class=\"goog-te-spinner-animation\"><\/div>\n<\/div>\n","protected":false},"excerpt":{"rendered":"<p>Tijeras especiales para K-Taping con superficies de corte recubiertas de tefl\u00f3n. Fabricadas en Jap\u00f3n. El recubrimiento evita que el adhesivo acr\u00edlico penetre en los poros met\u00e1licos de las aristas cortantes. Si se utilizan adecuadamente, las tijeras conservar\u00e1n su precisi\u00f3n durante a\u00f1os.<\/p>\n","protected":false},"featured_media":9917,"template":"","meta":{"_acf_changed":false,"content-type":""},"product_brand":[],"product_cat":[13364,13255,13361,13359],"product_tag":[12032],"class_list":{"0":"post-30788","1":"product","2":"type-product","3":"status-publish","4":"has-post-thumbnail","6":"product_cat-herramientas-vendaje","7":"product_cat-marca","8":"product_cat-biviax","9":"product_cat-vendaje-kinesiologico-k-tape","10":"product_tag-biviax","12":"first","13":"onbackorder","14":"taxable","15":"shipping-taxable","16":"purchasable","17":"product-type-simple"},"acf":[],"_links":{"self":[{"href":"https:\/\/www.zannasalud.com\/tienda\/wp-json\/wp\/v2\/product\/30788","targetHints":{"allow":["GET"]}}],"collection":[{"href":"https:\/\/www.zannasalud.com\/tienda\/wp-json\/wp\/v2\/product"}],"about":[{"href":"https:\/\/www.zannasalud.com\/tienda\/wp-json\/wp\/v2\/types\/product"}],"wp:featuredmedia":[{"embeddable":true,"href":"https:\/\/www.zannasalud.com\/tienda\/wp-json\/wp\/v2\/media\/9917"}],"wp:attachment":[{"href":"https:\/\/www.zannasalud.com\/tienda\/wp-json\/wp\/v2\/media?parent=30788"}],"wp:term":[{"taxonomy":"product_brand","embeddable":true,"href":"https:\/\/www.zannasalud.com\/tienda\/wp-json\/wp\/v2\/product_brand?post=30788"},{"taxonomy":"product_cat","embeddable":true,"href":"https:\/\/www.zannasalud.com\/tienda\/wp-json\/wp\/v2\/product_cat?post=30788"},{"taxonomy":"product_tag","embeddable":true,"href":"https:\/\/www.zannasalud.com\/tienda\/wp-json\/wp\/v2\/product_tag?post=30788"}],"curies":[{"name":"wp","href":"https:\/\/api.w.org\/{rel}","templated":true}]}}