{"id":30779,"date":"2020-11-18T20:22:21","date_gmt":"2020-11-18T20:22:21","guid":{"rendered":"https:\/\/silver-louse-480719.hostingersite.com\/tienda\/producto\/kumbrink-crosstape-mix-con-instrucciones-ref-zaktp103105\/"},"modified":"2024-04-08T19:03:24","modified_gmt":"2024-04-08T19:03:24","slug":"kumbrink-crosstape-mix-con-instrucciones-ref-zaktp103105","status":"publish","type":"product","link":"https:\/\/www.zannasalud.com\/tienda\/producto\/kumbrink-crosstape-mix-con-instrucciones-ref-zaktp103105\/","title":{"rendered":"KUMBRINK CROSSTAPE\u00ae MIX CON INSTRUCCIONES REF. ZAKTP103105"},"content":{"rendered":"<div id=\"goog-gt-tt\" class=\"skiptranslate\" dir=\"ltr\">\n<div style=\"padding: 8px;\">Contenido: 27 cintas M -size, 6 cintas L -size y 2 cintas XL -size, ahora, con manual de instrucciones<br \/>\n\u00c1rea de uso: puntos dolorosos, puntos gatillo y de acupuntura puntos son \u00e1reas de alta energ\u00eda que alteran la conductividad funcional muscular, neural y meridiano. La fibra especialmente desarrollado en el KUMBRINK CROSSTAPE\u00ae cobra a s\u00ed misma electrost\u00e1ticamente cuando se retira el papel protector especial.<br \/>\nLa aplicaci\u00f3n de KUMBRINK CROSSTAPE\u00ae en los puntos dolorosos, puntos gatillo y puntos de acupuntura armoniza y es compatible con el flujo de energ\u00eda en los tejidos. KUMBRINK CROSSTAPE\u00ae es resistente al agua y se puede usar durante varios d\u00edas sin ning\u00fan tipo de restricciones.<\/p>\n<div><\/div>\n<\/div>\n<\/div>\n<div class=\"goog-te-spinner-pos\">\n<div class=\"goog-te-spinner-animation\"><\/div>\n<\/div>\n","protected":false},"excerpt":{"rendered":"<p>Contenido: 27 cintas M -size, 6 cintas L -size y 2 cintas XL -size, ahora, con manual de instrucciones<br \/>\n\u00c1rea de uso: puntos dolorosos, puntos gatillo y de acupuntura puntos son \u00e1reas de alta energ\u00eda que alteran la conductividad funcional muscular, neural y meridiano. La fibra especialmente desarrollado en el KUMBRINK CROSSTAPE\u00ae cobra a s\u00ed misma electrost\u00e1ticamente cuando se retira el papel protector especial.<br \/>\nLa aplicaci\u00f3n de KUMBRINK CROSSTAPE\u00ae en los puntos dolorosos, puntos gatillo y puntos de acupuntura armoniza y es compatible con el flujo de energ\u00eda en los tejidos. KUMBRINK CROSSTAPE\u00ae es resistente al agua y se puede usar durante varios d\u00edas sin ning\u00fan tipo de restricciones.<\/p>\n","protected":false},"featured_media":9898,"template":"","meta":{"_acf_changed":false,"content-type":""},"product_brand":[],"product_cat":[13255,13361,13360,13359],"product_tag":[12032],"class_list":{"0":"post-30779","1":"product","2":"type-product","3":"status-publish","4":"has-post-thumbnail","6":"product_cat-marca","7":"product_cat-biviax","8":"product_cat-vendaje-crosstape","9":"product_cat-vendaje-kinesiologico-k-tape","10":"product_tag-biviax","12":"first","13":"instock","14":"shipping-taxable","15":"purchasable","16":"product-type-simple"},"acf":[],"_links":{"self":[{"href":"https:\/\/www.zannasalud.com\/tienda\/wp-json\/wp\/v2\/product\/30779","targetHints":{"allow":["GET"]}}],"collection":[{"href":"https:\/\/www.zannasalud.com\/tienda\/wp-json\/wp\/v2\/product"}],"about":[{"href":"https:\/\/www.zannasalud.com\/tienda\/wp-json\/wp\/v2\/types\/product"}],"wp:featuredmedia":[{"embeddable":true,"href":"https:\/\/www.zannasalud.com\/tienda\/wp-json\/wp\/v2\/media\/9898"}],"wp:attachment":[{"href":"https:\/\/www.zannasalud.com\/tienda\/wp-json\/wp\/v2\/media?parent=30779"}],"wp:term":[{"taxonomy":"product_brand","embeddable":true,"href":"https:\/\/www.zannasalud.com\/tienda\/wp-json\/wp\/v2\/product_brand?post=30779"},{"taxonomy":"product_cat","embeddable":true,"href":"https:\/\/www.zannasalud.com\/tienda\/wp-json\/wp\/v2\/product_cat?post=30779"},{"taxonomy":"product_tag","embeddable":true,"href":"https:\/\/www.zannasalud.com\/tienda\/wp-json\/wp\/v2\/product_tag?post=30779"}],"curies":[{"name":"wp","href":"https:\/\/api.w.org\/{rel}","templated":true}]}}