{"id":30770,"date":"2020-11-18T20:22:11","date_gmt":"2020-11-18T20:22:11","guid":{"rendered":"https:\/\/silver-louse-480719.hostingersite.com\/tienda\/producto\/tanque-institucional-para-moldear-material-thermoplastico-clinical-splint-pan-water-bath-ref-zawhallsp-1502\/"},"modified":"2024-04-08T19:03:23","modified_gmt":"2024-04-08T19:03:23","slug":"tanque-institucional-para-moldear-material-thermoplastico-clinical-splint-pan-water-bath-ref-zawhallsp-1502","status":"publish","type":"product","link":"https:\/\/www.zannasalud.com\/tienda\/producto\/tanque-institucional-para-moldear-material-thermoplastico-clinical-splint-pan-water-bath-ref-zawhallsp-1502\/","title":{"rendered":"TANQUE INSTITUCIONAL PARA MOLDEAR MATERIAL THERMOPLASTICO CLINICAL SPLINT PAN\/WATER BATH REF. ZAWHALLSP-1502"},"content":{"rendered":"<div id=\"goog-gt-tt\" class=\"skiptranslate\" dir=\"ltr\">\n<div style=\"padding: 8px;\">Un dise\u00f1o compacto hace que el SP-1502 universal ideal para uso cl\u00ednico, con capacidad para hojas de hasta 19 \u00abx 11\u00bb (480 mm x 280 mm). El termostato de temperatura variable mantiene el agua a una temperatura ajustable por el usuario entre 150 \u00b0 F y 190 \u00b0 F (66 \u00b0 C a 88 \u00b0 C). La dimensi\u00f3n global es 23,5 W x 14,25 L x 7 \u00abH (600 x 360 x 180 mm ), mientras que la dimensi\u00f3n interna pan es 19,5 W x L x 11.875 4.5 \u00abH (500 x 180 x 110 mm).  <\/p>\n<p>Detalles Del Producto<br \/>\nMaterial: Acero inoxidable<br \/>\nLegado del modelo: TS-1<br \/>\nMarca: FormaSplint<br \/>\nAdecuada para: Hand Therapy, Preparador F\u00edsico, Terapia F\u00edsica, Terapia Ocupacional, Spa, Oncolog\u00eda, Cuidados a Largo Plazo<\/p>\n<div><\/div>\n<\/div>\n<\/div>\n<div class=\"goog-te-spinner-pos\">\n<div class=\"goog-te-spinner-animation\"><\/div>\n<\/div>\n","protected":false},"excerpt":{"rendered":"<p>Un dise\u00f1o compacto hace que el SP-1502 universal ideal para uso cl\u00ednico, con capacidad para hojas de hasta 19 \u00abx 11\u00bb (480 mm x 280 mm). El termostato de temperatura variable mantiene el agua a una temperatura ajustable por el usuario entre 150 \u00b0 F y 190 \u00b0 F (66 \u00b0 C a 88 \u00b0 C). La dimensi\u00f3n global es 23,5 W x 14,25 L x 7 \u00abH (600 x 360 x 180 mm ), mientras que la dimensi\u00f3n interna pan es 19,5 W x L x 11.875 4.5 \u00abH (500 x 180 x 110 mm).  <\/p>\n<p>Detalles Del Producto<br \/>\nMaterial: Acero inoxidable<br \/>\nLegado del modelo: TS-1<br \/>\nMarca: FormaSplint<br \/>\nAdecuada para: Hand Therapy, Preparador F\u00edsico, Terapia F\u00edsica, Terapia Ocupacional, Spa, Oncolog\u00eda, Cuidados a Largo Plazo<\/p>\n","protected":false},"featured_media":9883,"template":"","meta":{"_acf_changed":false,"content-type":""},"product_brand":[],"product_cat":[13255,13275,13356,13338,13347],"product_tag":[11840],"class_list":{"0":"post-30770","1":"product","2":"type-product","3":"status-publish","4":"has-post-thumbnail","6":"product_cat-marca","7":"product_cat-whitehall","8":"product_cat-tanques-profesionales","9":"product_cat-terapia-para-miembro-superior","10":"product_cat-ferulaje","11":"product_tag-whitehall","13":"first","14":"onbackorder","15":"taxable","16":"shipping-taxable","17":"purchasable","18":"product-type-simple"},"acf":[],"_links":{"self":[{"href":"https:\/\/www.zannasalud.com\/tienda\/wp-json\/wp\/v2\/product\/30770","targetHints":{"allow":["GET"]}}],"collection":[{"href":"https:\/\/www.zannasalud.com\/tienda\/wp-json\/wp\/v2\/product"}],"about":[{"href":"https:\/\/www.zannasalud.com\/tienda\/wp-json\/wp\/v2\/types\/product"}],"wp:featuredmedia":[{"embeddable":true,"href":"https:\/\/www.zannasalud.com\/tienda\/wp-json\/wp\/v2\/media\/9883"}],"wp:attachment":[{"href":"https:\/\/www.zannasalud.com\/tienda\/wp-json\/wp\/v2\/media?parent=30770"}],"wp:term":[{"taxonomy":"product_brand","embeddable":true,"href":"https:\/\/www.zannasalud.com\/tienda\/wp-json\/wp\/v2\/product_brand?post=30770"},{"taxonomy":"product_cat","embeddable":true,"href":"https:\/\/www.zannasalud.com\/tienda\/wp-json\/wp\/v2\/product_cat?post=30770"},{"taxonomy":"product_tag","embeddable":true,"href":"https:\/\/www.zannasalud.com\/tienda\/wp-json\/wp\/v2\/product_tag?post=30770"}],"curies":[{"name":"wp","href":"https:\/\/api.w.org\/{rel}","templated":true}]}}