{"id":30769,"date":"2020-11-18T20:22:11","date_gmt":"2020-11-18T20:22:11","guid":{"rendered":"https:\/\/silver-louse-480719.hostingersite.com\/tienda\/producto\/tanque-institucional-para-moldear-material-thermoplastico-compact-splint-ref-zawhallls-1\/"},"modified":"2024-04-08T19:03:23","modified_gmt":"2024-04-08T19:03:23","slug":"tanque-institucional-para-moldear-material-thermoplastico-compact-splint-ref-zawhallls-1","status":"publish","type":"product","link":"https:\/\/www.zannasalud.com\/tienda\/producto\/tanque-institucional-para-moldear-material-thermoplastico-compact-splint-ref-zawhallls-1\/","title":{"rendered":"TANQUE INSTITUCIONAL PARA MOLDEAR MATERIAL THERMOPLASTICO COMPACT SPLINT REF. ZAWHALLLS-1"},"content":{"rendered":"<div id=\"goog-gt-tt\" class=\"skiptranslate\" dir=\"ltr\">\n<div style=\"padding: 8px;\">La peque\u00f1a f\u00e9rula es la primera de su tipo. Su construcci\u00f3n en acero inoxidable duradero y tiempo de calentamiento muy r\u00e1pido que sea el \u00fanico pan f\u00e9rula ultra port\u00e1til capaz de cumplir con las rutinas m\u00e1s exigentes. La dimensi\u00f3n total es de 16 W x 10,5 L x 5,1875 \u00abH (406 x 267x 132 mm), mientras que la dimensi\u00f3n interna de pan es de 13 W x 9,5 L x 2.25 \u00abH (330 x 241 x 56 mm). <\/p>\n<p>Detalles Del Producto<br \/>\nMaterial: Acero inoxidable<br \/>\nAdecuada para: Hand Therapy, Preparador F\u00edsico, Terapia F\u00edsica, Terapia Ocupacional, atenci\u00f3n a largo plazo, Spa, Oncolog\u00eda<br \/>\nMarca: Peque\u00f1a serie, Little f\u00e9rula<\/p>\n<div><\/div>\n<\/div>\n<\/div>\n<div class=\"goog-te-spinner-pos\">\n<div class=\"goog-te-spinner-animation\"><\/div>\n<\/div>\n","protected":false},"excerpt":{"rendered":"<p>La peque\u00f1a f\u00e9rula es la primera de su tipo. Su construcci\u00f3n en acero inoxidable duradero y tiempo de calentamiento muy r\u00e1pido que sea el \u00fanico pan f\u00e9rula ultra port\u00e1til capaz de cumplir con las rutinas m\u00e1s exigentes. La dimensi\u00f3n total es de 16 W x 10,5 L x 5,1875 \u00abH (406 x 267x 132 mm), mientras que la dimensi\u00f3n interna de pan es de 13 W x 9,5 L x 2.25 \u00abH (330 x 241 x 56 mm). <\/p>\n<p>Detalles Del Producto<br \/>\nMaterial: Acero inoxidable<br \/>\nAdecuada para: Hand Therapy, Preparador F\u00edsico, Terapia F\u00edsica, Terapia Ocupacional, atenci\u00f3n a largo plazo, Spa, Oncolog\u00eda<br \/>\nMarca: Peque\u00f1a serie, Little f\u00e9rula<\/p>\n","protected":false},"featured_media":9881,"template":"","meta":{"_acf_changed":false,"content-type":""},"product_brand":[],"product_cat":[13255,13275,13356,13338,13347],"product_tag":[11840],"class_list":{"0":"post-30769","1":"product","2":"type-product","3":"status-publish","4":"has-post-thumbnail","6":"product_cat-marca","7":"product_cat-whitehall","8":"product_cat-tanques-profesionales","9":"product_cat-terapia-para-miembro-superior","10":"product_cat-ferulaje","11":"product_tag-whitehall","13":"first","14":"onbackorder","15":"taxable","16":"shipping-taxable","17":"purchasable","18":"product-type-simple"},"acf":[],"_links":{"self":[{"href":"https:\/\/www.zannasalud.com\/tienda\/wp-json\/wp\/v2\/product\/30769","targetHints":{"allow":["GET"]}}],"collection":[{"href":"https:\/\/www.zannasalud.com\/tienda\/wp-json\/wp\/v2\/product"}],"about":[{"href":"https:\/\/www.zannasalud.com\/tienda\/wp-json\/wp\/v2\/types\/product"}],"wp:featuredmedia":[{"embeddable":true,"href":"https:\/\/www.zannasalud.com\/tienda\/wp-json\/wp\/v2\/media\/9881"}],"wp:attachment":[{"href":"https:\/\/www.zannasalud.com\/tienda\/wp-json\/wp\/v2\/media?parent=30769"}],"wp:term":[{"taxonomy":"product_brand","embeddable":true,"href":"https:\/\/www.zannasalud.com\/tienda\/wp-json\/wp\/v2\/product_brand?post=30769"},{"taxonomy":"product_cat","embeddable":true,"href":"https:\/\/www.zannasalud.com\/tienda\/wp-json\/wp\/v2\/product_cat?post=30769"},{"taxonomy":"product_tag","embeddable":true,"href":"https:\/\/www.zannasalud.com\/tienda\/wp-json\/wp\/v2\/product_tag?post=30769"}],"curies":[{"name":"wp","href":"https:\/\/api.w.org\/{rel}","templated":true}]}}