{"id":30765,"date":"2020-11-18T20:22:11","date_gmt":"2020-11-18T20:22:11","guid":{"rendered":"https:\/\/silver-louse-480719.hostingersite.com\/tienda\/producto\/pistola-profesional-para-ferulaje-point-heat-gun-ref-zanc11446\/"},"modified":"2024-04-08T19:03:22","modified_gmt":"2024-04-08T19:03:22","slug":"pistola-profesional-para-ferulaje-point-heat-gun-ref-zanc11446","status":"publish","type":"product","link":"https:\/\/www.zannasalud.com\/tienda\/producto\/pistola-profesional-para-ferulaje-point-heat-gun-ref-zanc11446\/","title":{"rendered":"PISTOLA PROFESIONAL PARA FERULAJE POINT HEAT GUN REF. ZANC11446"},"content":{"rendered":"<div id=\"goog-gt-tt\" class=\"skiptranslate\" dir=\"ltr\">\n<div style=\"padding: 8px;\">ideal para pegar termopl\u00e1sticos con calor al contacto. Ideal para el acabado de bordes y para suavizar las superficies. Punto de precisi\u00f3n: cabe en la mano c\u00f3modamente. Posiciones convenientes del soporte, de forma segura, en la superficie de trabajo. Temperatura de 650 \u00b0 F (343 \u00b0 C). Potencia: 360 vatios. Garant\u00eda de un a\u00f1o. Sin l\u00e1tex.<\/p>\n<div><\/div>\n<\/div>\n<\/div>\n<div class=\"goog-te-spinner-pos\">\n<div class=\"goog-te-spinner-animation\"><\/div>\n<\/div>\n","protected":false},"excerpt":{"rendered":"<p>ideal para pegar termopl\u00e1sticos con calor al contacto. Ideal para el acabado de bordes y para suavizar las superficies. Punto de precisi\u00f3n: cabe en la mano c\u00f3modamente. Posiciones convenientes del soporte, de forma segura, en la superficie de trabajo. Temperatura de 650 \u00b0 F (343 \u00b0 C). Potencia: 360 vatios. Garant\u00eda de un a\u00f1o. Sin l\u00e1tex.<\/p>\n","protected":false},"featured_media":9874,"template":"","meta":{"_acf_changed":false,"content-type":""},"product_brand":[],"product_cat":[13354,13255,13276,13338,13347],"product_tag":[11849],"class_list":{"0":"post-30765","1":"product","2":"type-product","3":"status-publish","4":"has-post-thumbnail","6":"product_cat-herramientas","7":"product_cat-marca","8":"product_cat-north-coast","9":"product_cat-terapia-para-miembro-superior","10":"product_cat-ferulaje","11":"product_tag-north-coast","13":"first","14":"onbackorder","15":"taxable","16":"shipping-taxable","17":"purchasable","18":"product-type-simple"},"acf":[],"_links":{"self":[{"href":"https:\/\/www.zannasalud.com\/tienda\/wp-json\/wp\/v2\/product\/30765","targetHints":{"allow":["GET"]}}],"collection":[{"href":"https:\/\/www.zannasalud.com\/tienda\/wp-json\/wp\/v2\/product"}],"about":[{"href":"https:\/\/www.zannasalud.com\/tienda\/wp-json\/wp\/v2\/types\/product"}],"wp:featuredmedia":[{"embeddable":true,"href":"https:\/\/www.zannasalud.com\/tienda\/wp-json\/wp\/v2\/media\/9874"}],"wp:attachment":[{"href":"https:\/\/www.zannasalud.com\/tienda\/wp-json\/wp\/v2\/media?parent=30765"}],"wp:term":[{"taxonomy":"product_brand","embeddable":true,"href":"https:\/\/www.zannasalud.com\/tienda\/wp-json\/wp\/v2\/product_brand?post=30765"},{"taxonomy":"product_cat","embeddable":true,"href":"https:\/\/www.zannasalud.com\/tienda\/wp-json\/wp\/v2\/product_cat?post=30765"},{"taxonomy":"product_tag","embeddable":true,"href":"https:\/\/www.zannasalud.com\/tienda\/wp-json\/wp\/v2\/product_tag?post=30765"}],"curies":[{"name":"wp","href":"https:\/\/api.w.org\/{rel}","templated":true}]}}