{"id":30764,"date":"2020-11-18T20:22:11","date_gmt":"2020-11-18T20:22:11","guid":{"rendered":"https:\/\/silver-louse-480719.hostingersite.com\/tienda\/producto\/pistola-profesional-para-ferulaje-ref-zanc12716\/"},"modified":"2025-04-04T14:30:47","modified_gmt":"2025-04-04T14:30:47","slug":"pistola-profesional-para-ferulaje-ref-zanc12716","status":"publish","type":"product","link":"https:\/\/www.zannasalud.com\/tienda\/producto\/pistola-profesional-para-ferulaje-ref-zanc12716\/","title":{"rendered":"PISTOLA PROFESIONAL PARA FERULAJE REF. ZANC12716"},"content":{"rendered":"<p>La pistola de calor est\u00e1 dise\u00f1ada para su uso con todo tipo de materiales termopl\u00e1sticos.<br \/>\nEl elemento calefactor tiene una clasificaci\u00f3n de 650 \u00b0 F (343 \u00b0 C) y usa solo 4.5 amperios. Tambi\u00e9n est\u00e1 disponible un elemento de actualizaci\u00f3n que aumenta el rango de temperatura a 800 \u00b0 F (427 \u00b0 C).<br \/>\nDos niveles de voltaje disponibles. El modelo de 120 voltios tiene un enchufe de tres clavijas. El modelo internacional de 220 voltios requiere una adaptaci\u00f3n de enchufe.<br \/>\nLa boquilla Pinpoint se vende por separado.<br \/>\nLibre de amianto.<br \/>\nSin l\u00e1tex.<br \/>\nUn a\u00f1o de garant\u00eda.<\/p>\n","protected":false},"excerpt":{"rendered":"<p>La conveniente pistola de calor es silenciosa y liviana.<\/p>\n","protected":false},"featured_media":9872,"template":"","meta":{"_acf_changed":false,"content-type":""},"product_brand":[],"product_cat":[13354,13255,13276,13338,13347],"product_tag":[11849],"class_list":{"0":"post-30764","1":"product","2":"type-product","3":"status-publish","4":"has-post-thumbnail","6":"product_cat-herramientas","7":"product_cat-marca","8":"product_cat-north-coast","9":"product_cat-terapia-para-miembro-superior","10":"product_cat-ferulaje","11":"product_tag-north-coast","13":"first","14":"onbackorder","15":"taxable","16":"shipping-taxable","17":"purchasable","18":"product-type-simple"},"acf":[],"_links":{"self":[{"href":"https:\/\/www.zannasalud.com\/tienda\/wp-json\/wp\/v2\/product\/30764","targetHints":{"allow":["GET"]}}],"collection":[{"href":"https:\/\/www.zannasalud.com\/tienda\/wp-json\/wp\/v2\/product"}],"about":[{"href":"https:\/\/www.zannasalud.com\/tienda\/wp-json\/wp\/v2\/types\/product"}],"wp:featuredmedia":[{"embeddable":true,"href":"https:\/\/www.zannasalud.com\/tienda\/wp-json\/wp\/v2\/media\/9872"}],"wp:attachment":[{"href":"https:\/\/www.zannasalud.com\/tienda\/wp-json\/wp\/v2\/media?parent=30764"}],"wp:term":[{"taxonomy":"product_brand","embeddable":true,"href":"https:\/\/www.zannasalud.com\/tienda\/wp-json\/wp\/v2\/product_brand?post=30764"},{"taxonomy":"product_cat","embeddable":true,"href":"https:\/\/www.zannasalud.com\/tienda\/wp-json\/wp\/v2\/product_cat?post=30764"},{"taxonomy":"product_tag","embeddable":true,"href":"https:\/\/www.zannasalud.com\/tienda\/wp-json\/wp\/v2\/product_tag?post=30764"}],"curies":[{"name":"wp","href":"https:\/\/api.w.org\/{rel}","templated":true}]}}