{"id":30744,"date":"2020-11-18T20:22:01","date_gmt":"2020-11-18T20:22:01","guid":{"rendered":"https:\/\/silver-louse-480719.hostingersite.com\/tienda\/producto\/resorte-espiral-de-extension-de-la-muneca-10-pzas-5-izquierda-5-derecha-ref-zaoft35804\/"},"modified":"2025-04-04T14:30:44","modified_gmt":"2025-04-04T14:30:44","slug":"resorte-espiral-de-extension-de-la-muneca-10-pzas-5-izquierda-5-derecha-ref-zaoft35804","status":"publish","type":"product","link":"https:\/\/www.zannasalud.com\/tienda\/producto\/resorte-espiral-de-extension-de-la-muneca-10-pzas-5-izquierda-5-derecha-ref-zaoft35804\/","title":{"rendered":"RESORTE ESPIRAL DE EXTENSION DE LA MU\u00d1ECA &#8211; 10 PZAS. ( 5 IZQUIERDA + 5 DERECHA ) REF. ZAOFT35804"},"content":{"rendered":"<p>Resorte de acero inoxidable. Se suministran dos tipos: en espiral para l\u00f1a izquierda o la derecha . Fuerza de torsi\u00f3n cuando se aprieta en un \u00e1ngulo de 130\u00ba : 5000 g\/cm.<\/p>\n","protected":false},"excerpt":{"rendered":"<p>Resorte de acero inoxidable. Se suministran dos tipos: en espiral para l\u00f1a izquierda o la derecha . Fuerza de torsi\u00f3n cuando se aprieta en un \u00e1ngulo de 130\u00ba : 5000 g\/cm.<\/p>\n","protected":false},"featured_media":5161,"template":"","meta":{"_acf_changed":false,"content-type":""},"product_brand":[],"product_cat":[13255,13349,13338,13347,13267],"product_tag":[12011],"class_list":{"0":"post-30744","1":"product","2":"type-product","3":"status-publish","4":"has-post-thumbnail","6":"product_cat-marca","7":"product_cat-orfit","8":"product_cat-terapia-para-miembro-superior","9":"product_cat-ferulaje","10":"product_cat-accesorios","11":"product_tag-orfit","13":"first","14":"onbackorder","15":"taxable","16":"shipping-taxable","17":"purchasable","18":"product-type-simple"},"acf":[],"_links":{"self":[{"href":"https:\/\/www.zannasalud.com\/tienda\/wp-json\/wp\/v2\/product\/30744","targetHints":{"allow":["GET"]}}],"collection":[{"href":"https:\/\/www.zannasalud.com\/tienda\/wp-json\/wp\/v2\/product"}],"about":[{"href":"https:\/\/www.zannasalud.com\/tienda\/wp-json\/wp\/v2\/types\/product"}],"wp:featuredmedia":[{"embeddable":true,"href":"https:\/\/www.zannasalud.com\/tienda\/wp-json\/wp\/v2\/media\/5161"}],"wp:attachment":[{"href":"https:\/\/www.zannasalud.com\/tienda\/wp-json\/wp\/v2\/media?parent=30744"}],"wp:term":[{"taxonomy":"product_brand","embeddable":true,"href":"https:\/\/www.zannasalud.com\/tienda\/wp-json\/wp\/v2\/product_brand?post=30744"},{"taxonomy":"product_cat","embeddable":true,"href":"https:\/\/www.zannasalud.com\/tienda\/wp-json\/wp\/v2\/product_cat?post=30744"},{"taxonomy":"product_tag","embeddable":true,"href":"https:\/\/www.zannasalud.com\/tienda\/wp-json\/wp\/v2\/product_tag?post=30744"}],"curies":[{"name":"wp","href":"https:\/\/api.w.org\/{rel}","templated":true}]}}