{"id":30743,"date":"2020-11-18T20:22:01","date_gmt":"2020-11-18T20:22:01","guid":{"rendered":"https:\/\/silver-louse-480719.hostingersite.com\/tienda\/producto\/resorte-ayuda-para-la-extension-del-dedo-10-pzas-ref-zaoft35802\/"},"modified":"2025-04-04T14:30:44","modified_gmt":"2025-04-04T14:30:44","slug":"resorte-ayuda-para-la-extension-del-dedo-10-pzas-ref-zaoft35802","status":"publish","type":"product","link":"https:\/\/www.zannasalud.com\/tienda\/producto\/resorte-ayuda-para-la-extension-del-dedo-10-pzas-ref-zaoft35802\/","title":{"rendered":"RESORTE AYUDA PARA LA EXTENSION DEL DEDO &#8211; 10 PZAS REF. ZAOFT35802"},"content":{"rendered":"<p>Resorte de acero inoxidable. La pata corta se fija entre dos capas de ORFIT\u00ae CLASSIC. La pata larga se dobla a la longitud deseada. Con la flexion total del dedo, el resorte est\u00e1 en tensi\u00f3n con una fuerza de torsi\u00f3n de aproximadamente 2000 g\/cm. El resorte est\u00e1 especialmente dise\u00f1ado para ayudar a la extensi\u00f3n del dedo en combinaci\u00f3n con la f\u00e9rula ORFIT\u00ae. (calibre 1 mm &#8211; 1\/24&#8243;  &#8211; di\u00e1metro de la espiral 4 mm &#8211; 2\/12&#8243;)<\/p>\n","protected":false},"excerpt":{"rendered":"<p>Resorte de acero inoxidable. La pata corta se fija entre dos capas de ORFIT\u00ae CLASSIC. La pata larga se dobla a la longitud deseada. Con la flexion total del dedo, el resorte est\u00e1 en tensi\u00f3n con una fuerza de torsi\u00f3n de aproximadamente 2000 g\/cm. El resorte est\u00e1 especialmente dise\u00f1ado para ayudar a la extensi\u00f3n del dedo en combinaci\u00f3n con la f\u00e9rula ORFIT\u00ae. (calibre 1 mm &#8211; 1\/24&#8243;  &#8211; di\u00e1metro de la espiral 4 mm &#8211; 2\/12&#8243;)<\/p>\n","protected":false},"featured_media":5157,"template":"","meta":{"_acf_changed":false,"content-type":""},"product_brand":[],"product_cat":[13255,13349,13338,13347,13267],"product_tag":[12011],"class_list":{"0":"post-30743","1":"product","2":"type-product","3":"status-publish","4":"has-post-thumbnail","6":"product_cat-marca","7":"product_cat-orfit","8":"product_cat-terapia-para-miembro-superior","9":"product_cat-ferulaje","10":"product_cat-accesorios","11":"product_tag-orfit","13":"first","14":"instock","15":"taxable","16":"shipping-taxable","17":"purchasable","18":"product-type-simple"},"acf":[],"_links":{"self":[{"href":"https:\/\/www.zannasalud.com\/tienda\/wp-json\/wp\/v2\/product\/30743","targetHints":{"allow":["GET"]}}],"collection":[{"href":"https:\/\/www.zannasalud.com\/tienda\/wp-json\/wp\/v2\/product"}],"about":[{"href":"https:\/\/www.zannasalud.com\/tienda\/wp-json\/wp\/v2\/types\/product"}],"wp:featuredmedia":[{"embeddable":true,"href":"https:\/\/www.zannasalud.com\/tienda\/wp-json\/wp\/v2\/media\/5157"}],"wp:attachment":[{"href":"https:\/\/www.zannasalud.com\/tienda\/wp-json\/wp\/v2\/media?parent=30743"}],"wp:term":[{"taxonomy":"product_brand","embeddable":true,"href":"https:\/\/www.zannasalud.com\/tienda\/wp-json\/wp\/v2\/product_brand?post=30743"},{"taxonomy":"product_cat","embeddable":true,"href":"https:\/\/www.zannasalud.com\/tienda\/wp-json\/wp\/v2\/product_cat?post=30743"},{"taxonomy":"product_tag","embeddable":true,"href":"https:\/\/www.zannasalud.com\/tienda\/wp-json\/wp\/v2\/product_tag?post=30743"}],"curies":[{"name":"wp","href":"https:\/\/api.w.org\/{rel}","templated":true}]}}