{"id":30733,"date":"2020-11-18T20:21:54","date_gmt":"2020-11-18T20:21:54","guid":{"rendered":"https:\/\/silver-louse-480719.hostingersite.com\/tienda\/producto\/kit-para-flexion-de-dedo-entablillado-ref-zanc22610\/"},"modified":"2024-04-08T19:03:20","modified_gmt":"2024-04-08T19:03:20","slug":"kit-para-flexion-de-dedo-entablillado-ref-zanc22610","status":"publish","type":"product","link":"https:\/\/www.zannasalud.com\/tienda\/producto\/kit-para-flexion-de-dedo-entablillado-ref-zanc22610\/","title":{"rendered":"KIT PARA FLEXION DE DEDO ENTABLILLADO REF. ZANC22610"},"content":{"rendered":"<div id=\"goog-gt-tt\" class=\"skiptranslate\" dir=\"ltr\">\n<div style=\"padding: 8px;\">Utilice la tablilla para proporcionar flexi\u00f3n de los dedos de forma compuesta, progresiva o est\u00e1ticamente. <\/p>\n<p>El kit incluye:<br \/>\n(1) F\u00e9rula precortada (2,4 mm) de material termopl\u00e1stico. Dise\u00f1ada para encajar en varios tama\u00f1os de la mano. Recorte seg\u00fan sea necesario.<br \/>\n(2) 2&#8243;x 1&#8243; piezas (5,1 cm x 2,5 cm) dedo cabestrillo hecho de material termopl\u00e1stico (2,4 mm)<br \/>\n(3) Correa de velcro (2,5 x 15 cm)<br \/>\n(4) ojales de metal (gu\u00edas de l\u00ednea) (1) (2,5 x 7,6 cm) Gancho de velcro (1) (91cm) (9.1kg) Trenzado L\u00ednea Outrigger<\/p>\n<div><\/div>\n<\/div>\n<\/div>\n<div class=\"goog-te-spinner-pos\">\n<div class=\"goog-te-spinner-animation\"><\/div>\n<\/div>\n","protected":false},"excerpt":{"rendered":"<p>Utilice la tablilla para proporcionar flexi\u00f3n de los dedos de forma compuesta, progresiva o est\u00e1ticamente. <\/p>\n<p>El kit incluye:<br \/>\n(1) F\u00e9rula precortada (2,4 mm) de material termopl\u00e1stico. Dise\u00f1ada para encajar en varios tama\u00f1os de la mano. Recorte seg\u00fan sea necesario.<br \/>\n(2) 2&#8243;x 1&#8243; piezas (5,1 cm x 2,5 cm) dedo cabestrillo hecho de material termopl\u00e1stico (2,4 mm)<br \/>\n(3) Correa de velcro (2,5 x 15 cm)<br \/>\n(4) ojales de metal (gu\u00edas de l\u00ednea) (1) (2,5 x 7,6 cm) Gancho de velcro (1) (91cm) (9.1kg) Trenzado L\u00ednea Outrigger<\/p>\n","protected":false},"featured_media":0,"template":"","meta":{"_acf_changed":false,"content-type":""},"product_brand":[],"product_cat":[13352,13255,13276,13338,13347],"product_tag":[11849],"class_list":{"0":"post-30733","1":"product","2":"type-product","3":"status-publish","5":"product_cat-ferulas-termoplasticas-precortadas","6":"product_cat-marca","7":"product_cat-north-coast","8":"product_cat-terapia-para-miembro-superior","9":"product_cat-ferulaje","10":"product_tag-north-coast","12":"first","13":"instock","14":"shipping-taxable","15":"purchasable","16":"product-type-simple"},"acf":[],"_links":{"self":[{"href":"https:\/\/www.zannasalud.com\/tienda\/wp-json\/wp\/v2\/product\/30733","targetHints":{"allow":["GET"]}}],"collection":[{"href":"https:\/\/www.zannasalud.com\/tienda\/wp-json\/wp\/v2\/product"}],"about":[{"href":"https:\/\/www.zannasalud.com\/tienda\/wp-json\/wp\/v2\/types\/product"}],"wp:attachment":[{"href":"https:\/\/www.zannasalud.com\/tienda\/wp-json\/wp\/v2\/media?parent=30733"}],"wp:term":[{"taxonomy":"product_brand","embeddable":true,"href":"https:\/\/www.zannasalud.com\/tienda\/wp-json\/wp\/v2\/product_brand?post=30733"},{"taxonomy":"product_cat","embeddable":true,"href":"https:\/\/www.zannasalud.com\/tienda\/wp-json\/wp\/v2\/product_cat?post=30733"},{"taxonomy":"product_tag","embeddable":true,"href":"https:\/\/www.zannasalud.com\/tienda\/wp-json\/wp\/v2\/product_tag?post=30733"}],"curies":[{"name":"wp","href":"https:\/\/api.w.org\/{rel}","templated":true}]}}