{"id":30730,"date":"2020-11-18T20:21:54","date_gmt":"2020-11-18T20:21:54","guid":{"rendered":"https:\/\/silver-louse-480719.hostingersite.com\/tienda\/producto\/munequera-con-ferula-post-para-el-pulgar-medium-ref-zaoft35811\/"},"modified":"2025-04-08T15:05:51","modified_gmt":"2025-04-08T15:05:51","slug":"munequera-con-ferula-post-para-el-pulgar-medium-ref-zaoft35811","status":"publish","type":"product","link":"https:\/\/www.zannasalud.com\/tienda\/producto\/munequera-con-ferula-post-para-el-pulgar-medium-ref-zaoft35811\/","title":{"rendered":"MU\u00d1EQUERA CON FERULA POST PARA EL PULGAR MEDIUM REF. ZAOFT35811"},"content":{"rendered":"<div id=\"goog-gt-tt\" class=\"skiptranslate\" dir=\"ltr\">\n<div style=\"padding: 8px;\">\n<p>Esta f\u00e9rula proporciona una inmovilizaci\u00f3n y estabilizaci\u00f3n extraordinariamente<br \/>\nc\u00f3modas de toda la columna del pulgar. Puede servir<br \/>\ncomo tratamiento de la tenosinovitis, la artritis reumatoide, la osteoartritis<br \/>\nde la base del pulgar, los esguinces del pulgar y el manejo<br \/>\nprey postoperatorio del pulgar.<\/p>\n<div><\/div>\n<\/div>\n<\/div>\n<div class=\"goog-te-spinner-pos\">\n<div class=\"goog-te-spinner-animation\"><\/div>\n<\/div>\n","protected":false},"excerpt":{"rendered":"<p>Esta f\u00e9rula proporciona una inmovilizaci\u00f3n y estabilizaci\u00f3n extraordinariamente c\u00f3modas de toda la columna del pulgar. Puede servir como tratamiento de la tenosinovitis, la artritis reumatoide, la osteoartritis de la base del pulgar, los esguinces del pulgar y el manejo prey postoperatorio del pulgar.<\/p>\n","protected":false},"featured_media":4639,"template":"","meta":{"_acf_changed":false,"content-type":""},"product_brand":[],"product_cat":[13352,13255,13349,13338,13347],"product_tag":[12011],"class_list":{"0":"post-30730","1":"product","2":"type-product","3":"status-publish","4":"has-post-thumbnail","6":"product_cat-ferulas-termoplasticas-precortadas","7":"product_cat-marca","8":"product_cat-orfit","9":"product_cat-terapia-para-miembro-superior","10":"product_cat-ferulaje","11":"product_tag-orfit","13":"first","14":"onbackorder","15":"shipping-taxable","16":"purchasable","17":"product-type-variable"},"acf":[],"_links":{"self":[{"href":"https:\/\/www.zannasalud.com\/tienda\/wp-json\/wp\/v2\/product\/30730","targetHints":{"allow":["GET"]}}],"collection":[{"href":"https:\/\/www.zannasalud.com\/tienda\/wp-json\/wp\/v2\/product"}],"about":[{"href":"https:\/\/www.zannasalud.com\/tienda\/wp-json\/wp\/v2\/types\/product"}],"wp:featuredmedia":[{"embeddable":true,"href":"https:\/\/www.zannasalud.com\/tienda\/wp-json\/wp\/v2\/media\/4639"}],"wp:attachment":[{"href":"https:\/\/www.zannasalud.com\/tienda\/wp-json\/wp\/v2\/media?parent=30730"}],"wp:term":[{"taxonomy":"product_brand","embeddable":true,"href":"https:\/\/www.zannasalud.com\/tienda\/wp-json\/wp\/v2\/product_brand?post=30730"},{"taxonomy":"product_cat","embeddable":true,"href":"https:\/\/www.zannasalud.com\/tienda\/wp-json\/wp\/v2\/product_cat?post=30730"},{"taxonomy":"product_tag","embeddable":true,"href":"https:\/\/www.zannasalud.com\/tienda\/wp-json\/wp\/v2\/product_tag?post=30730"}],"curies":[{"name":"wp","href":"https:\/\/api.w.org\/{rel}","templated":true}]}}