{"id":30704,"date":"2020-11-18T20:21:46","date_gmt":"2020-11-18T20:21:46","guid":{"rendered":"https:\/\/silver-louse-480719.hostingersite.com\/tienda\/producto\/kit-lamina-orfit-eco-nat-mini-3-2-225x30-cm-ref-zaoft8934n-4-kit1-25\/"},"modified":"2024-04-08T19:03:18","modified_gmt":"2024-04-08T19:03:18","slug":"kit-lamina-orfit-eco-nat-mini-3-2-225x30-cm-ref-zaoft8934n-4-kit1-25","status":"publish","type":"product","link":"https:\/\/www.zannasalud.com\/tienda\/producto\/kit-lamina-orfit-eco-nat-mini-3-2-225x30-cm-ref-zaoft8934n-4-kit1-25\/","title":{"rendered":"KIT LAMINA ORFIT ECO NAT. MINI 3.2\u00a0 22,5X30 CM\u00a0 REF. ZAOFT8934N.4\/KIT1.25"},"content":{"rendered":"<div id=\"goog-gt-tt\" class=\"skiptranslate\" dir=\"ltr\">\n<div style=\"padding: 8px;\">Caracter\u00edsticas:<br \/>\n\u2022 Elasticidad moderada.<br \/>\n\u2022 Buenamemoria el\u00e1stica.<br \/>\n\u2022 M\u00e1xima facilidad de uso. <\/p>\n<p>Ventajas:<br \/>\n\u2022 Elasticidad de hasta el 300% y remoldeable.<br \/>\n\u2022 Se adhiere a s\u00ed mismo cuando se le aplica calor seco. No produce una uni\u00f3n permanente.<br \/>\n\u2022 Material reciclado para una mayor rentabilidad sin sacrificar la calidad.<br \/>\n\u2022 Excelente para f\u00e9rulas r\u00edgidas. Beneficios:<br \/>\n\u2022 Excelente elecci\u00f3n para f\u00e9rulasde cualquier tama\u00f1o, grandes o peque\u00f1as.<br \/>\n\u2022 Uni\u00f3ntemporalmientrassemoldea.<br \/>\n\u2022 Rigidez excelente.<br \/>\n\u2022 Acabado est\u00e9tico de la superficie.<br \/>\n\u2022 Bordes f\u00e1ciles de recortar. Aplicaciones en f\u00e9rulas: drivenbycare 21<br \/>\n\u2022 Perfecto para la fabricaci\u00f3n de f\u00e9rulas r\u00edgidas o grandes.<br \/>\n\u2022 Ideal en soportes para el codo, el antebrazo, la mu\u00f1eca e incluso el tobillo.<br \/>\nLAMINA DE 20X22.5 CM<\/p>\n<div><\/div>\n<\/div>\n<\/div>\n<div class=\"goog-te-spinner-pos\">\n<div class=\"goog-te-spinner-animation\"><\/div>\n<\/div>\n","protected":false},"excerpt":{"rendered":"<p>Caracter\u00edsticas:<br \/>\n\u2022 Elasticidad moderada.<br \/>\n\u2022 Buenamemoria el\u00e1stica.<br \/>\n\u2022 M\u00e1xima facilidad de uso. <\/p>\n<p>Ventajas:<br \/>\n\u2022 Elasticidad de hasta el 300% y remoldeable.<br \/>\n\u2022 Se adhiere a s\u00ed mismo cuando se le aplica calor seco. No produce una uni\u00f3n permanente.<br \/>\n\u2022 Material reciclado para una mayor rentabilidad sin sacrificar la calidad.<br \/>\n\u2022 Excelente para f\u00e9rulas r\u00edgidas. Beneficios:<br \/>\n\u2022 Excelente elecci\u00f3n para f\u00e9rulasde cualquier tama\u00f1o, grandes o peque\u00f1as.<br \/>\n\u2022 Uni\u00f3ntemporalmientrassemoldea.<br \/>\n\u2022 Rigidez excelente.<br \/>\n\u2022 Acabado est\u00e9tico de la superficie.<br \/>\n\u2022 Bordes f\u00e1ciles de recortar. Aplicaciones en f\u00e9rulas: drivenbycare 21<br \/>\n\u2022 Perfecto para la fabricaci\u00f3n de f\u00e9rulas r\u00edgidas o grandes.<br \/>\n\u2022 Ideal en soportes para el codo, el antebrazo, la mu\u00f1eca e incluso el tobillo.<br \/>\nLAMINA DE 20X22.5 CM<\/p>\n","protected":false},"featured_media":9782,"template":"","meta":{"_acf_changed":false,"content-type":""},"product_brand":[],"product_cat":[13348,13255,13349,13338,13347],"product_tag":[12011],"class_list":{"0":"post-30704","1":"product","2":"type-product","3":"status-publish","4":"has-post-thumbnail","6":"product_cat-kit-de-estudiantes","7":"product_cat-marca","8":"product_cat-orfit","9":"product_cat-terapia-para-miembro-superior","10":"product_cat-ferulaje","11":"product_tag-orfit","13":"first","14":"onbackorder","15":"shipping-taxable","16":"purchasable","17":"product-type-simple"},"acf":[],"_links":{"self":[{"href":"https:\/\/www.zannasalud.com\/tienda\/wp-json\/wp\/v2\/product\/30704","targetHints":{"allow":["GET"]}}],"collection":[{"href":"https:\/\/www.zannasalud.com\/tienda\/wp-json\/wp\/v2\/product"}],"about":[{"href":"https:\/\/www.zannasalud.com\/tienda\/wp-json\/wp\/v2\/types\/product"}],"wp:featuredmedia":[{"embeddable":true,"href":"https:\/\/www.zannasalud.com\/tienda\/wp-json\/wp\/v2\/media\/9782"}],"wp:attachment":[{"href":"https:\/\/www.zannasalud.com\/tienda\/wp-json\/wp\/v2\/media?parent=30704"}],"wp:term":[{"taxonomy":"product_brand","embeddable":true,"href":"https:\/\/www.zannasalud.com\/tienda\/wp-json\/wp\/v2\/product_brand?post=30704"},{"taxonomy":"product_cat","embeddable":true,"href":"https:\/\/www.zannasalud.com\/tienda\/wp-json\/wp\/v2\/product_cat?post=30704"},{"taxonomy":"product_tag","embeddable":true,"href":"https:\/\/www.zannasalud.com\/tienda\/wp-json\/wp\/v2\/product_tag?post=30704"}],"curies":[{"name":"wp","href":"https:\/\/api.w.org\/{rel}","templated":true}]}}