{"id":30689,"date":"2020-11-18T20:21:39","date_gmt":"2020-11-18T20:21:39","guid":{"rendered":"https:\/\/silver-louse-480719.hostingersite.com\/tienda\/producto\/sistema-ue-ranger-door-mount-ref-zasa565762\/"},"modified":"2024-04-08T19:03:17","modified_gmt":"2024-04-08T19:03:17","slug":"sistema-ue-ranger-door-mount-ref-zasa565762","status":"publish","type":"product","link":"https:\/\/www.zannasalud.com\/tienda\/producto\/sistema-ue-ranger-door-mount-ref-zasa565762\/","title":{"rendered":"SISTEMA UE RANGER DOOR MOUNT\n REF. ZASA565762"},"content":{"rendered":"<div id=\"goog-gt-tt\" class=\"skiptranslate\" dir=\"ltr\">\n<div style=\"padding: 8px;\">UTIL para mejorar el rango de movimiento, fuerza y coordinaci\u00f3n funcional de problemas neurol\u00f3gicos y ortop\u00e9dicos a nivel de la extremidad superior. Dise\u00f1ado para trabajar multiplanos biomec\u00e1nicos naturales y gradual progresi\u00f3n de la actividad motora. Se puede usar sujet\u00e1ndolo a la pared para uso cl\u00ednico o a una puerta para uso casero.<\/p>\n<div><\/div>\n<\/div>\n<\/div>\n<div class=\"goog-te-spinner-pos\">\n<div class=\"goog-te-spinner-animation\"><\/div>\n<\/div>\n","protected":false},"excerpt":{"rendered":"<p>UTIL para mejorar el rango de movimiento, fuerza y coordinaci\u00f3n funcional de problemas neurol\u00f3gicos y ortop\u00e9dicos a nivel de la extremidad superior. Dise\u00f1ado para trabajar multiplanos biomec\u00e1nicos naturales y gradual progresi\u00f3n de la actividad motora. Se puede usar sujet\u00e1ndolo a la pared para uso cl\u00ednico o a una puerta para uso casero.<\/p>\n","protected":false},"featured_media":4840,"template":"","meta":{"_acf_changed":false,"content-type":""},"product_brand":[],"product_cat":[13339,13255,13313,13344,13338],"product_tag":[12003],"class_list":{"0":"post-30689","1":"product","2":"type-product","3":"status-publish","4":"has-post-thumbnail","6":"product_cat-ejercitadores-de-dedo-y-mano","7":"product_cat-marca","8":"product_cat-patterson-medical","9":"product_cat-sistemas-multifuncionales","10":"product_cat-terapia-para-miembro-superior","11":"product_tag-patterson-medical","13":"first","14":"onbackorder","15":"taxable","16":"shipping-taxable","17":"purchasable","18":"product-type-simple"},"acf":[],"_links":{"self":[{"href":"https:\/\/www.zannasalud.com\/tienda\/wp-json\/wp\/v2\/product\/30689","targetHints":{"allow":["GET"]}}],"collection":[{"href":"https:\/\/www.zannasalud.com\/tienda\/wp-json\/wp\/v2\/product"}],"about":[{"href":"https:\/\/www.zannasalud.com\/tienda\/wp-json\/wp\/v2\/types\/product"}],"wp:featuredmedia":[{"embeddable":true,"href":"https:\/\/www.zannasalud.com\/tienda\/wp-json\/wp\/v2\/media\/4840"}],"wp:attachment":[{"href":"https:\/\/www.zannasalud.com\/tienda\/wp-json\/wp\/v2\/media?parent=30689"}],"wp:term":[{"taxonomy":"product_brand","embeddable":true,"href":"https:\/\/www.zannasalud.com\/tienda\/wp-json\/wp\/v2\/product_brand?post=30689"},{"taxonomy":"product_cat","embeddable":true,"href":"https:\/\/www.zannasalud.com\/tienda\/wp-json\/wp\/v2\/product_cat?post=30689"},{"taxonomy":"product_tag","embeddable":true,"href":"https:\/\/www.zannasalud.com\/tienda\/wp-json\/wp\/v2\/product_tag?post=30689"}],"curies":[{"name":"wp","href":"https:\/\/api.w.org\/{rel}","templated":true}]}}