{"id":30651,"date":"2020-11-18T20:21:23","date_gmt":"2020-11-18T20:21:23","guid":{"rendered":"https:\/\/silver-louse-480719.hostingersite.com\/tienda\/producto\/plataforma-estabilometrica-alfa-tecnologia-europea-ref-zaaca18-166-015\/"},"modified":"2024-04-08T19:03:14","modified_gmt":"2024-04-08T19:03:14","slug":"plataforma-estabilometrica-alfa-tecnologia-europea-ref-zaaca18-166-015","status":"publish","type":"product","link":"https:\/\/www.zannasalud.com\/tienda\/producto\/plataforma-estabilometrica-alfa-tecnologia-europea-ref-zaaca18-166-015\/","title":{"rendered":"PLATAFORMA ESTABILOMETRICA ALFA. TECNOLOGIA EUROPEA REF. ZAACA18.166.015"},"content":{"rendered":"<div id=\"goog-gt-tt\" class=\"skiptranslate\" dir=\"ltr\">\n<div style=\"padding: 8px;\">Avanzado en la evaluaci\u00f3n y medici\u00f3n de la calidad postural del paciente y su rehabilitaci\u00f3n a trav\u00e9s de una gran cantidad de ejercicios de BIOFEEDBACK.<br \/>\n\u2022 Medici\u00f3n del Centro de Presi\u00f3n (CP)<br \/>\n\u2022 Facilidad de instalaci\u00f3n<br \/>\n\u2022 Construcci\u00f3n ligera y extremadamente robusta<br \/>\n\u2022 Medici\u00f3n de la distribuci\u00f3n del peso (entre derecha e izquierda, adelante y atr\u00e1s)<br \/>\n\u2022 Datos exportables a Excel<br \/>\n\u2022 Conexi\u00f3n de una segunda pantalla (opcional)<br \/>\n\u2022 Conexi\u00f3n de una videoc\u00e1mara (opcional)<br \/>\n\u2022 Informes multimedia<br \/>\n\u2022 Base de datos con gran cantidad de informaci\u00f3n<br \/>\n\u2022 Ejercicios y Videojuegos de Biofeedback<br \/>\n\u2022 Ejercicios de Biofeedback<br \/>\n\u2022 Medici\u00f3n del \u00edndice de masa corporal<br \/>\n\u2022 Superficie antideslizante<br \/>\n\u2022 Datos comparables<br \/>\n\u2022 C\u00e1lculo del \u00edndice de Romberg La gran flexibilidad y programabilidad de los ejercicios permiten al terapista personalizar y memorizar los ejercicios asoci\u00e1ndolos al paciente una vez evaluada su patolog\u00eda. <\/p>\n<p>Una videoc\u00e1mara (Opcional) permite grabar los movimientos del paciente durante las pruebas\/ ejercicios para poder evaluar los resultados con m\u00e1s precisi\u00f3n. Los pacientes hemipl\u00e9jicos tratados con este Biofeedback postural responden en la fase inicial de rehabilitaci\u00f3n con una mejora sensible de la redistribuci\u00f3n y alineaci\u00f3n del peso. El dispositivo realiza la prueba de Romberg y Unterberger cl\u00e1sica (ojos abiertos, ojos cerrados). El dispositivo permite grabar un gran n\u00famero de ejercicios\/pruebas y compararlos con los anteriores para monitorear las mejoras del paciente. Alfa permite establecer par\u00e1metros de ejercicio\/prueba que pueden reproducirse con facilidad durante todo el periodo de rehabilitaci\u00f3n. El monitor proporciona un Biofeedback visual que permite al paciente comprobar en todo momento el ejercicio que est\u00e1 realizando ayud\u00e1ndole a corregir su postura. Los ejercicios de Biofeedback facilitan la comunicaci\u00f3n entre el paciente y el fisioterapista, aumentando as\u00ed la motivaci\u00f3n del paciente.<\/p>\n<div><\/div>\n<\/div>\n<\/div>\n<div class=\"goog-te-spinner-pos\">\n<div class=\"goog-te-spinner-animation\"><\/div>\n<\/div>\n","protected":false},"excerpt":{"rendered":"<p>Avanzado en la evaluaci\u00f3n y medici\u00f3n de la calidad postural del paciente y su rehabilitaci\u00f3n a trav\u00e9s de una gran cantidad de ejercicios de BIOFEEDBACK.<br \/>\n\u2022 Medici\u00f3n del Centro de Presi\u00f3n (CP)<br \/>\n\u2022 Facilidad de instalaci\u00f3n<br \/>\n\u2022 Construcci\u00f3n ligera y extremadamente robusta<br \/>\n\u2022 Medici\u00f3n de la distribuci\u00f3n del peso (entre derecha e izquierda, adelante y atr\u00e1s)<br \/>\n\u2022 Datos exportables a Excel<br \/>\n\u2022 Conexi\u00f3n de una segunda pantalla (opcional)<br \/>\n\u2022 Conexi\u00f3n de una videoc\u00e1mara (opcional)<br \/>\n\u2022 Informes multimedia<br \/>\n\u2022 Base de datos con gran cantidad de informaci\u00f3n<br \/>\n\u2022 Ejercicios y Videojuegos de Biofeedback<br \/>\n\u2022 Ejercicios de Biofeedback<br \/>\n\u2022 Medici\u00f3n del \u00edndice de masa corporal<br \/>\n\u2022 Superficie antideslizante<br \/>\n\u2022 Datos comparables<br \/>\n\u2022 C\u00e1lculo del \u00edndice de Romberg La gran flexibilidad y programabilidad de los ejercicios permiten al terapista personalizar y memorizar los ejercicios asoci\u00e1ndolos al paciente una vez evaluada su patolog\u00eda. <\/p>\n<p>Una videoc\u00e1mara (Opcional) permite grabar los movimientos del paciente durante las pruebas\/ ejercicios para poder evaluar los resultados con m\u00e1s precisi\u00f3n. Los pacientes hemipl\u00e9jicos tratados con este Biofeedback postural responden en la fase inicial de rehabilitaci\u00f3n con una mejora sensible de la redistribuci\u00f3n y alineaci\u00f3n del peso. El dispositivo realiza la prueba de Romberg y Unterberger cl\u00e1sica (ojos abiertos, ojos cerrados). El dispositivo permite grabar un gran n\u00famero de ejercicios\/pruebas y compararlos con los anteriores para monitorear las mejoras del paciente. Alfa permite establecer par\u00e1metros de ejercicio\/prueba que pueden reproducirse con facilidad durante todo el periodo de rehabilitaci\u00f3n. El monitor proporciona un Biofeedback visual que permite al paciente comprobar en todo momento el ejercicio que est\u00e1 realizando ayud\u00e1ndole a corregir su postura. Los ejercicios de Biofeedback facilitan la comunicaci\u00f3n entre el paciente y el fisioterapista, aumentando as\u00ed la motivaci\u00f3n del paciente.<\/p>\n","protected":false},"featured_media":9701,"template":"","meta":{"_acf_changed":false,"content-type":""},"product_brand":[],"product_cat":[13329,13255,13301,13336],"product_tag":[11803],"class_list":{"0":"post-30651","1":"product","2":"type-product","3":"status-publish","4":"has-post-thumbnail","6":"product_cat-entrenamiento-con-alta-tecnologia-y-virtual","7":"product_cat-marca","8":"product_cat-technomex","9":"product_cat-plataformas-con-retroalimentacion","10":"product_tag-technomex","12":"first","13":"instock","14":"taxable","15":"shipping-taxable","16":"purchasable","17":"product-type-simple"},"acf":[],"_links":{"self":[{"href":"https:\/\/www.zannasalud.com\/tienda\/wp-json\/wp\/v2\/product\/30651","targetHints":{"allow":["GET"]}}],"collection":[{"href":"https:\/\/www.zannasalud.com\/tienda\/wp-json\/wp\/v2\/product"}],"about":[{"href":"https:\/\/www.zannasalud.com\/tienda\/wp-json\/wp\/v2\/types\/product"}],"wp:featuredmedia":[{"embeddable":true,"href":"https:\/\/www.zannasalud.com\/tienda\/wp-json\/wp\/v2\/media\/9701"}],"wp:attachment":[{"href":"https:\/\/www.zannasalud.com\/tienda\/wp-json\/wp\/v2\/media?parent=30651"}],"wp:term":[{"taxonomy":"product_brand","embeddable":true,"href":"https:\/\/www.zannasalud.com\/tienda\/wp-json\/wp\/v2\/product_brand?post=30651"},{"taxonomy":"product_cat","embeddable":true,"href":"https:\/\/www.zannasalud.com\/tienda\/wp-json\/wp\/v2\/product_cat?post=30651"},{"taxonomy":"product_tag","embeddable":true,"href":"https:\/\/www.zannasalud.com\/tienda\/wp-json\/wp\/v2\/product_tag?post=30651"}],"curies":[{"name":"wp","href":"https:\/\/api.w.org\/{rel}","templated":true}]}}