{"id":30644,"date":"2020-11-18T20:21:23","date_gmt":"2020-11-18T20:21:23","guid":{"rendered":"https:\/\/silver-louse-480719.hostingersite.com\/tienda\/producto\/laboratorio-de-movimiento-high-end-3d-motion-ref-zasimi90314990004\/"},"modified":"2024-04-08T19:03:13","modified_gmt":"2024-04-08T19:03:13","slug":"laboratorio-de-movimiento-high-end-3d-motion-ref-zasimi90314990004","status":"publish","type":"product","link":"https:\/\/www.zannasalud.com\/tienda\/producto\/laboratorio-de-movimiento-high-end-3d-motion-ref-zasimi90314990004\/","title":{"rendered":"LABORATORIO DE MOVIMIENTO High End 3D Motion REF. ZASIMI90314990004"},"content":{"rendered":"<div id=\"goog-gt-tt\" class=\"skiptranslate\" dir=\"ltr\">\n<div style=\"padding: 8px;\">Marcador completo y sistema marcadorles para c\u00e1lculos biomec\u00e1nicos 3D avanzados. Se utiliza principalmente en el campo de la investigaci\u00f3n, la investigaci\u00f3n cl\u00ednica y los movimientos relacionados con el deporte, es decir, correr, lanzar, saltar, etc * Laboratorio de captura y an\u00e1lisis 3D de alta velocidad para movimientos complejos * Grandes vol\u00famenes y evaluaciones cient\u00edficas de alto nivel * Incluyendo software, sistema de grabaci\u00f3n con 8 c\u00e1maras sincronizadas 180fps @ 4MP, unidad de procesamiento de alta velocidad, todos los accesorios. movimientos complejos * Grandes vol\u00famenes y evaluaciones cient\u00edficas de alto nivel * Incluyendo software, sistema de grabaci\u00f3n con 8 c\u00e1maras sincronizadas 180fps @ 4MP, unidad de procesamiento de alta velocidad, todos los accesorios * Sistema para laboratorios biomec\u00e1nicos de investigaci\u00f3n * Permite la compleja captura de movimiento corporal completo * Modelos de marcadores biomec\u00e1nicos, juegos de marcadores libres y seguimiento de siluetas sin marcador * El sistema se puede sincronizar y grabar con EMG, plataformas de fuerza y sistemas de presi\u00f3n * Cualquier tipo de pruebas complejas se pueden hacer * La resoluci\u00f3n de las c\u00e1maras permite capturar el \u00e1rea de cerca de 9x9m con los marcadores en un combate 12m m * Chip tiene altura escalable para 180fps @ 4MP; 500fps @ 1,45MP; 2235 fps @ 0,3MP; 740fps @ VGA; 564 @ 1,3 MP; 728fps @ 1MP * Fps permiten todo tipo de movimientos tambi\u00e9n movimientos deportivos de muy alta velocidad (es decir, club de golf). * 8 c\u00e1maras industriales, aprox. 140 fps, aprox. 4MP * Chip tiene altura escalable para 180fps @ 4MP; 500fps @ 1,45MP; 2235 fps @ 0,3MP; 740fps @ VGA; 564 @ 1,3 MP; 728fps @ 1MP * Tecnolog\u00eda de Enlace de C\u00e1mara * 8 Lentes de la c\u00e1mara &#8211; longitud focal fija 4mm (intercambiable) * 1 Caja de Sincronizaci\u00f3n &#8211; para la sincronizaci\u00f3n de la c\u00e1mara * 8 cables de disparo de la c\u00e1mara (20m) &#8211; cables de sincronizaci\u00f3n de la c\u00e1mara * 8 Cables del sistema (20m) &#8211; cables de la c\u00e1mara * 8 Adaptadores para montaje en tr\u00edpode de la c\u00e1mara &#8211; adaptador para fijar las c\u00e1maras en los tr\u00edpodes * 8 tr\u00edpodes de c\u00e1mara &#8211; inclinaci\u00f3n 3D * 8 luces LED de alta potencia para luces y juego de montaje * 1 estaci\u00f3n de trabajo Simi de alta velocidad &#8211; configuraci\u00f3n de hardware individual, sistema operativo Microsoft, monitor LCD, teclado, rat\u00f3n (\u00f3ptico) * Grabaci\u00f3n a trav\u00e9s de la RAM (limitada a trav\u00e9s de la RAM) * Capacidad de grabaci\u00f3n en directo en RAM sin compresi\u00f3n: 23sec * Capacidad de almacenamiento para la grabaci\u00f3n antes de la compresi\u00f3n necesaria 30-60min<\/p>\n<div><\/div>\n<\/div>\n<\/div>\n<div class=\"goog-te-spinner-pos\">\n<div class=\"goog-te-spinner-animation\"><\/div>\n<\/div>\n","protected":false},"excerpt":{"rendered":"<p>Marcador completo y sistema marcadorles para c\u00e1lculos biomec\u00e1nicos 3D avanzados. Se utiliza principalmente en el campo de la investigaci\u00f3n, la investigaci\u00f3n cl\u00ednica y los movimientos relacionados con el deporte, es decir, correr, lanzar, saltar, etc * Laboratorio de captura y an\u00e1lisis 3D de alta velocidad para movimientos complejos * Grandes vol\u00famenes y evaluaciones cient\u00edficas de alto nivel * Incluyendo software, sistema de grabaci\u00f3n con 8 c\u00e1maras sincronizadas 180fps @ 4MP, unidad de procesamiento de alta velocidad, todos los accesorios. movimientos complejos * Grandes vol\u00famenes y evaluaciones cient\u00edficas de alto nivel * Incluyendo software, sistema de grabaci\u00f3n con 8 c\u00e1maras sincronizadas 180fps @ 4MP, unidad de procesamiento de alta velocidad, todos los accesorios * Sistema para laboratorios biomec\u00e1nicos de investigaci\u00f3n * Permite la compleja captura de movimiento corporal completo * Modelos de marcadores biomec\u00e1nicos, juegos de marcadores libres y seguimiento de siluetas sin marcador * El sistema se puede sincronizar y grabar con EMG, plataformas de fuerza y sistemas de presi\u00f3n * Cualquier tipo de pruebas complejas se pueden hacer * La resoluci\u00f3n de las c\u00e1maras permite capturar el \u00e1rea de cerca de 9x9m con los marcadores en un combate 12m m * Chip tiene altura escalable para 180fps @ 4MP; 500fps @ 1,45MP; 2235 fps @ 0,3MP; 740fps @ VGA; 564 @ 1,3 MP; 728fps @ 1MP * Fps permiten todo tipo de movimientos tambi\u00e9n movimientos deportivos de muy alta velocidad (es decir, club de golf). * 8 c\u00e1maras industriales, aprox. 140 fps, aprox. 4MP * Chip tiene altura escalable para 180fps @ 4MP; 500fps @ 1,45MP; 2235 fps @ 0,3MP; 740fps @ VGA; 564 @ 1,3 MP; 728fps @ 1MP * Tecnolog\u00eda de Enlace de C\u00e1mara * 8 Lentes de la c\u00e1mara &#8211; longitud focal fija 4mm (intercambiable) * 1 Caja de Sincronizaci\u00f3n &#8211; para la sincronizaci\u00f3n de la c\u00e1mara * 8 cables de disparo de la c\u00e1mara (20m) &#8211; cables de sincronizaci\u00f3n de la c\u00e1mara * 8 Cables del sistema (20m) &#8211; cables de la c\u00e1mara * 8 Adaptadores para montaje en tr\u00edpode de la c\u00e1mara &#8211; adaptador para fijar las c\u00e1maras en los tr\u00edpodes * 8 tr\u00edpodes de c\u00e1mara &#8211; inclinaci\u00f3n 3D * 8 luces LED de alta potencia para luces y juego de montaje * 1 estaci\u00f3n de trabajo Simi de alta velocidad &#8211; configuraci\u00f3n de hardware individual, sistema operativo Microsoft, monitor LCD, teclado, rat\u00f3n (\u00f3ptico) * Grabaci\u00f3n a trav\u00e9s de la RAM (limitada a trav\u00e9s de la RAM) * Capacidad de grabaci\u00f3n en directo en RAM sin compresi\u00f3n: 23sec * Capacidad de almacenamiento para la grabaci\u00f3n antes de la compresi\u00f3n necesaria 30-60min<\/p>\n","protected":false},"featured_media":4290,"template":"","meta":{"_acf_changed":false,"content-type":""},"product_brand":[],"product_cat":[13329,13255,13333,13332],"product_tag":[12548],"class_list":{"0":"post-30644","1":"product","2":"type-product","3":"status-publish","4":"has-post-thumbnail","6":"product_cat-entrenamiento-con-alta-tecnologia-y-virtual","7":"product_cat-marca","8":"product_cat-simi","9":"product_cat-marcha-y-movimiento","10":"product_tag-simi","12":"first","13":"onbackorder","14":"taxable","15":"shipping-taxable","16":"purchasable","17":"product-type-simple"},"acf":[],"_links":{"self":[{"href":"https:\/\/www.zannasalud.com\/tienda\/wp-json\/wp\/v2\/product\/30644","targetHints":{"allow":["GET"]}}],"collection":[{"href":"https:\/\/www.zannasalud.com\/tienda\/wp-json\/wp\/v2\/product"}],"about":[{"href":"https:\/\/www.zannasalud.com\/tienda\/wp-json\/wp\/v2\/types\/product"}],"wp:featuredmedia":[{"embeddable":true,"href":"https:\/\/www.zannasalud.com\/tienda\/wp-json\/wp\/v2\/media\/4290"}],"wp:attachment":[{"href":"https:\/\/www.zannasalud.com\/tienda\/wp-json\/wp\/v2\/media?parent=30644"}],"wp:term":[{"taxonomy":"product_brand","embeddable":true,"href":"https:\/\/www.zannasalud.com\/tienda\/wp-json\/wp\/v2\/product_brand?post=30644"},{"taxonomy":"product_cat","embeddable":true,"href":"https:\/\/www.zannasalud.com\/tienda\/wp-json\/wp\/v2\/product_cat?post=30644"},{"taxonomy":"product_tag","embeddable":true,"href":"https:\/\/www.zannasalud.com\/tienda\/wp-json\/wp\/v2\/product_tag?post=30644"}],"curies":[{"name":"wp","href":"https:\/\/api.w.org\/{rel}","templated":true}]}}