{"id":30643,"date":"2020-11-18T20:21:23","date_gmt":"2020-11-18T20:21:23","guid":{"rendered":"https:\/\/silver-louse-480719.hostingersite.com\/tienda\/producto\/laboratorio-de-movimiento-simi-basic-simi-motion-2d-system-ref-zasimi90314990002\/"},"modified":"2024-04-08T19:03:13","modified_gmt":"2024-04-08T19:03:13","slug":"laboratorio-de-movimiento-simi-basic-simi-motion-2d-system-ref-zasimi90314990002","status":"publish","type":"product","link":"https:\/\/www.zannasalud.com\/tienda\/producto\/laboratorio-de-movimiento-simi-basic-simi-motion-2d-system-ref-zasimi90314990002\/","title":{"rendered":"LABORATORIO DE MOVIMIENTO SIMI Basic Simi Motion 2D System. REF.ZASIMI90314990002"},"content":{"rendered":"<div id=\"goog-gt-tt\" class=\"skiptranslate\" dir=\"ltr\">\n<div style=\"padding: 8px;\">Se utiliza en rehabilitaci\u00f3n, y fines de Investigacion basic. * Sistema m\u00f3vil 2D cient\u00edfico b\u00e1sic * Para investigadores y usuarios avanzados * Ofreciendo muchas posibilidades para calcular y filtrar cinem\u00e1tica 2D e incluir EMGs, plataformas de fuerza y sistemas de presi\u00f3n * Incluye software, sistema de grabaci\u00f3n con 2 c\u00e1maras sincronizadas 120fps @ 0,3MP, Laptop, Todos los accesos * Sistema para peque\u00f1os proyectos de investigaci\u00f3n * M\u00f3vil y r\u00e1pido de configurar * Permite la simple cinem\u00e1tica 2D * Proporciona posibilidades cient\u00edficas para calcular, filtrar, manipular o exportar datos * Sistema que puede grabar sincronizando EMG, plataformas de fuerza y sistemas de presi\u00f3n * Ideal para proyectos de investigaci\u00f3n portatiles o peque\u00f1os * 2 c\u00e1maras industriales, aprox. 120 fps, aprox. 640&#215;480 p\u00edxeles * 2 lentes de la c\u00e1mara &#8211; distancia focal del zumbido 4,4mm-11m m * 1 Caja de Sincronizaci\u00f3n &#8211; para la sincronizaci\u00f3n de la c\u00e1mara * 2 cables de disparo de la c\u00e1mara (20m) &#8211; cables de sincronizaci\u00f3n de la c\u00e1mara * 2 Cables del sistema (20m) &#8211; cables de la c\u00e1mara * 2 adaptadores para montaje en tr\u00edpode de la c\u00e1mara &#8211; adaptador para fijar las c\u00e1maras en los tr\u00edpodes * 2 tr\u00edpodes de c\u00e1mara &#8211; inclinaci\u00f3n 3D * 2 luces LED de alta potencia y juego de montaje * 1 estaci\u00f3n de trabajo Simi de alta velocidad &#8211; configuraci\u00f3n de hardware individual, sistema operativo Microsoft, monitor LCD, teclado, rat\u00f3n (\u00f3ptico) (Opci\u00f3n de actualizaci\u00f3n 1.800 \u20ac adicionales &#8211; actualizaci\u00f3n de una estaci\u00f3n de trabajo a un port\u00e1til port\u00e1til) * Capacidad de grabaci\u00f3n en vivo hasta que sea necesario archivar: 60min * Capacidad de escritura por c\u00e1mara hasta superar el SSD TBW: 150 TBW (es igual a un m\u00ednimo de 299 horas de grabaci\u00f3n con 0,3MP @ 100fps). Simi Laptop Upgrade para sistema de grabaci\u00f3n<\/p>\n<div><\/div>\n<\/div>\n<\/div>\n<div class=\"goog-te-spinner-pos\">\n<div class=\"goog-te-spinner-animation\"><\/div>\n<\/div>\n","protected":false},"excerpt":{"rendered":"<p>Se utiliza en rehabilitaci\u00f3n, y fines de Investigacion basic. * Sistema m\u00f3vil 2D cient\u00edfico b\u00e1sic * Para investigadores y usuarios avanzados * Ofreciendo muchas posibilidades para calcular y filtrar cinem\u00e1tica 2D e incluir EMGs, plataformas de fuerza y sistemas de presi\u00f3n * Incluye software, sistema de grabaci\u00f3n con 2 c\u00e1maras sincronizadas 120fps @ 0,3MP, Laptop, Todos los accesos * Sistema para peque\u00f1os proyectos de investigaci\u00f3n * M\u00f3vil y r\u00e1pido de configurar * Permite la simple cinem\u00e1tica 2D * Proporciona posibilidades cient\u00edficas para calcular, filtrar, manipular o exportar datos * Sistema que puede grabar sincronizando EMG, plataformas de fuerza y sistemas de presi\u00f3n * Ideal para proyectos de investigaci\u00f3n portatiles o peque\u00f1os * 2 c\u00e1maras industriales, aprox. 120 fps, aprox. 640&#215;480 p\u00edxeles * 2 lentes de la c\u00e1mara &#8211; distancia focal del zumbido 4,4mm-11m m * 1 Caja de Sincronizaci\u00f3n &#8211; para la sincronizaci\u00f3n de la c\u00e1mara * 2 cables de disparo de la c\u00e1mara (20m) &#8211; cables de sincronizaci\u00f3n de la c\u00e1mara * 2 Cables del sistema (20m) &#8211; cables de la c\u00e1mara * 2 adaptadores para montaje en tr\u00edpode de la c\u00e1mara &#8211; adaptador para fijar las c\u00e1maras en los tr\u00edpodes * 2 tr\u00edpodes de c\u00e1mara &#8211; inclinaci\u00f3n 3D * 2 luces LED de alta potencia y juego de montaje * 1 estaci\u00f3n de trabajo Simi de alta velocidad &#8211; configuraci\u00f3n de hardware individual, sistema operativo Microsoft, monitor LCD, teclado, rat\u00f3n (\u00f3ptico) (Opci\u00f3n de actualizaci\u00f3n 1.800 \u20ac adicionales &#8211; actualizaci\u00f3n de una estaci\u00f3n de trabajo a un port\u00e1til port\u00e1til) * Capacidad de grabaci\u00f3n en vivo hasta que sea necesario archivar: 60min * Capacidad de escritura por c\u00e1mara hasta superar el SSD TBW: 150 TBW (es igual a un m\u00ednimo de 299 horas de grabaci\u00f3n con 0,3MP @ 100fps). Simi Laptop Upgrade para sistema de grabaci\u00f3n<\/p>\n","protected":false},"featured_media":4290,"template":"","meta":{"_acf_changed":false,"content-type":""},"product_brand":[],"product_cat":[13329,13255,13333,13332],"product_tag":[12548],"class_list":{"0":"post-30643","1":"product","2":"type-product","3":"status-publish","4":"has-post-thumbnail","6":"product_cat-entrenamiento-con-alta-tecnologia-y-virtual","7":"product_cat-marca","8":"product_cat-simi","9":"product_cat-marcha-y-movimiento","10":"product_tag-simi","12":"first","13":"onbackorder","14":"taxable","15":"shipping-taxable","16":"purchasable","17":"product-type-simple"},"acf":[],"_links":{"self":[{"href":"https:\/\/www.zannasalud.com\/tienda\/wp-json\/wp\/v2\/product\/30643","targetHints":{"allow":["GET"]}}],"collection":[{"href":"https:\/\/www.zannasalud.com\/tienda\/wp-json\/wp\/v2\/product"}],"about":[{"href":"https:\/\/www.zannasalud.com\/tienda\/wp-json\/wp\/v2\/types\/product"}],"wp:featuredmedia":[{"embeddable":true,"href":"https:\/\/www.zannasalud.com\/tienda\/wp-json\/wp\/v2\/media\/4290"}],"wp:attachment":[{"href":"https:\/\/www.zannasalud.com\/tienda\/wp-json\/wp\/v2\/media?parent=30643"}],"wp:term":[{"taxonomy":"product_brand","embeddable":true,"href":"https:\/\/www.zannasalud.com\/tienda\/wp-json\/wp\/v2\/product_brand?post=30643"},{"taxonomy":"product_cat","embeddable":true,"href":"https:\/\/www.zannasalud.com\/tienda\/wp-json\/wp\/v2\/product_cat?post=30643"},{"taxonomy":"product_tag","embeddable":true,"href":"https:\/\/www.zannasalud.com\/tienda\/wp-json\/wp\/v2\/product_tag?post=30643"}],"curies":[{"name":"wp","href":"https:\/\/api.w.org\/{rel}","templated":true}]}}