{"id":30642,"date":"2020-11-18T20:21:23","date_gmt":"2020-11-18T20:21:23","guid":{"rendered":"https:\/\/silver-louse-480719.hostingersite.com\/tienda\/producto\/laboratorio-de-movimiento-simi-aktisys-3d-system-ref-zasimi90314990002\/"},"modified":"2024-04-08T19:03:13","modified_gmt":"2024-04-08T19:03:13","slug":"laboratorio-de-movimiento-simi-aktisys-3d-system-ref-zasimi90314990002","status":"publish","type":"product","link":"https:\/\/www.zannasalud.com\/tienda\/producto\/laboratorio-de-movimiento-simi-aktisys-3d-system-ref-zasimi90314990002\/","title":{"rendered":"LABORATORIO DE MOVIMIENTO SIMI Aktisys 3D System REF. ZASIMI90314990002"},"content":{"rendered":"<div id=\"goog-gt-tt\" class=\"skiptranslate\" dir=\"ltr\">\n<div style=\"padding: 8px;\">Sistema cl\u00ednico basado en LED con marcadores activos para el seguimiento de datos en tiempo real. Se utiliza en rehabilitaci\u00f3n, aplicaciones de prevenci\u00f3n de deportes. F\u00e1cil de usar con resultados inmediatos, an\u00e1lisis din\u00e1micos Cine maticos con protocolos predefinidos para marcha \u2022 Trote \u2022 Ciclismo \u2022 Columna &#8211; Postura \u2022 Funcionales \u2022 Otros Sistema de an\u00e1lisis 3D de movimientos b\u00e1sicos Muy simple de usar * Simple y f\u00e1cil de implementar para cl\u00ednicas y educacional * Medici\u00f3n 3D EN TIEMPO REAL * Sistema completo con software, ordenador port\u00e1til, 2 c\u00e1maras 100fps @ 0,3MP, barra de montaje * Para principiantes que necesitan resultados muy r\u00e1pidos y sencillos * Especialmente uso cl\u00ednico o orientados a la formaci\u00f3n\/educacion. * Simple de aprender y puede ser implementado en rutinas diarias f\u00e1cilmente * Mide s\u00f3lo cinem\u00e1tica 3D simple con 5 marcadores en tiempo real * Seguimiento de marcadores activos * El seguimiento se basa en marcadores LED de color. 3D Posici\u00f3n y color se detectan en tiempo real y los marcadores se asignan a los puntos de referencia anat\u00f3micos en tiempo real por su color * M\u00e1x. 5 marcadores * Captura de hasta 4 c\u00e1maras * Seguimiento dentro de la transmisi\u00f3n en vivo (es decir, \u00e1ngulos) * Seguimiento de v\u00eddeos grabados (es decir, \u00e1ngulos) * Medidas 2D * Mediciones 3D * Medici\u00f3n de distancia, distancia a punto virtual, distancia entre dos puntos virtuales, \u00e1ngulo de 3 puntos, \u00e1ngulo de 4 puntos, \u00e1ngulo de 3 puntos con v\u00e9rtice virtual, \u00e1ngulo a ejes x, \u00e1ngulo a ejes y, \u00e1ngulo a plano XY, \u00e1ngulo al plano XZ, \u00c1ngulo respecto al plano YZ, \u00e1ngulo de la l\u00ednea virtual al plano XY, \u00e1ngulo de la l\u00ednea virtual al plano XZ, \u00e1ngulo de la l\u00ednea virtual al plano YZ * Posibilidad de ajustar offset, negar, sentido horario, \u00e1rea de medici\u00f3n (sin saltos de \u00e1ngulo), limitaci\u00f3n, unidad y \u00e1rea de biofeedback para medici\u00f3n en vivo para par\u00e1metro * Grabaci\u00f3n de videos * Visualizaci\u00f3n directa de las mediciones en la vista en vivo * Mediciones autom\u00e1ticas con marcadores de color activado * Reproducci\u00f3n y rebobinado de videos y datos de medici\u00f3n * Informe en PDF o Excel * Rango ajustado para mediciones (es decir, anillos) Plantillas de c\u00e1lculo * Informe est\u00e1ndar para el an\u00e1lisis de la marcha sagital y frontal: configuraci\u00f3n de \u00e1ngulo predefinido, fases de marcha e informe con datos de referencia * Reproducci\u00f3n de datos en c\u00e1mara lenta * Exhibici\u00f3n cambiada de tiempo del measruement vivo * Posibilidad de establecer el \u00e1rea de inter\u00e9s para la medici\u00f3n en vivo * Adaptaci\u00f3n de brightnes de video despu\u00e9s de la grabaci\u00f3n en software * Barra deslizante para adaptar la sensibilidad del marcador y el offset del color en el software durante la medici\u00f3n en vivo * Generaci\u00f3n de videos con brigthnes, resultados angulares y compresi\u00f3n * Visualizaci\u00f3n de im\u00e1genes de referencia para las fases de movimiento * Establecimiento de fases de movimiento en el video para c\u00e1lculos y reportes especiales * Procesamiento de im\u00e1genes en tiempo real para corregir la distorsi\u00f3n de la lente de las c\u00e1maras &#8211; aumentando significativamente la precisi\u00f3n, especialmente en las habitaciones peque\u00f1as<\/p>\n<div><\/div>\n<\/div>\n<\/div>\n<div class=\"goog-te-spinner-pos\">\n<div class=\"goog-te-spinner-animation\"><\/div>\n<\/div>\n","protected":false},"excerpt":{"rendered":"<p>Sistema cl\u00ednico basado en LED con marcadores activos para el seguimiento de datos en tiempo real. Se utiliza en rehabilitaci\u00f3n, aplicaciones de prevenci\u00f3n de deportes. F\u00e1cil de usar con resultados inmediatos, an\u00e1lisis din\u00e1micos Cine maticos con protocolos predefinidos para marcha \u2022 Trote \u2022 Ciclismo \u2022 Columna &#8211; Postura \u2022 Funcionales \u2022 Otros Sistema de an\u00e1lisis 3D de movimientos b\u00e1sicos Muy simple de usar * Simple y f\u00e1cil de implementar para cl\u00ednicas y educacional * Medici\u00f3n 3D EN TIEMPO REAL * Sistema completo con software, ordenador port\u00e1til, 2 c\u00e1maras 100fps @ 0,3MP, barra de montaje * Para principiantes que necesitan resultados muy r\u00e1pidos y sencillos * Especialmente uso cl\u00ednico o orientados a la formaci\u00f3n\/educacion. * Simple de aprender y puede ser implementado en rutinas diarias f\u00e1cilmente * Mide s\u00f3lo cinem\u00e1tica 3D simple con 5 marcadores en tiempo real * Seguimiento de marcadores activos * El seguimiento se basa en marcadores LED de color. 3D Posici\u00f3n y color se detectan en tiempo real y los marcadores se asignan a los puntos de referencia anat\u00f3micos en tiempo real por su color * M\u00e1x. 5 marcadores * Captura de hasta 4 c\u00e1maras * Seguimiento dentro de la transmisi\u00f3n en vivo (es decir, \u00e1ngulos) * Seguimiento de v\u00eddeos grabados (es decir, \u00e1ngulos) * Medidas 2D * Mediciones 3D * Medici\u00f3n de distancia, distancia a punto virtual, distancia entre dos puntos virtuales, \u00e1ngulo de 3 puntos, \u00e1ngulo de 4 puntos, \u00e1ngulo de 3 puntos con v\u00e9rtice virtual, \u00e1ngulo a ejes x, \u00e1ngulo a ejes y, \u00e1ngulo a plano XY, \u00e1ngulo al plano XZ, \u00c1ngulo respecto al plano YZ, \u00e1ngulo de la l\u00ednea virtual al plano XY, \u00e1ngulo de la l\u00ednea virtual al plano XZ, \u00e1ngulo de la l\u00ednea virtual al plano YZ * Posibilidad de ajustar offset, negar, sentido horario, \u00e1rea de medici\u00f3n (sin saltos de \u00e1ngulo), limitaci\u00f3n, unidad y \u00e1rea de biofeedback para medici\u00f3n en vivo para par\u00e1metro * Grabaci\u00f3n de videos * Visualizaci\u00f3n directa de las mediciones en la vista en vivo * Mediciones autom\u00e1ticas con marcadores de color activado * Reproducci\u00f3n y rebobinado de videos y datos de medici\u00f3n * Informe en PDF o Excel * Rango ajustado para mediciones (es decir, anillos) Plantillas de c\u00e1lculo * Informe est\u00e1ndar para el an\u00e1lisis de la marcha sagital y frontal: configuraci\u00f3n de \u00e1ngulo predefinido, fases de marcha e informe con datos de referencia * Reproducci\u00f3n de datos en c\u00e1mara lenta * Exhibici\u00f3n cambiada de tiempo del measruement vivo * Posibilidad de establecer el \u00e1rea de inter\u00e9s para la medici\u00f3n en vivo * Adaptaci\u00f3n de brightnes de video despu\u00e9s de la grabaci\u00f3n en software * Barra deslizante para adaptar la sensibilidad del marcador y el offset del color en el software durante la medici\u00f3n en vivo * Generaci\u00f3n de videos con brigthnes, resultados angulares y compresi\u00f3n * Visualizaci\u00f3n de im\u00e1genes de referencia para las fases de movimiento * Establecimiento de fases de movimiento en el video para c\u00e1lculos y reportes especiales * Procesamiento de im\u00e1genes en tiempo real para corregir la distorsi\u00f3n de la lente de las c\u00e1maras &#8211; aumentando significativamente la precisi\u00f3n, especialmente en las habitaciones peque\u00f1as<\/p>\n","protected":false},"featured_media":4290,"template":"","meta":{"_acf_changed":false,"content-type":""},"product_brand":[],"product_cat":[13329,13255,13333,13332],"product_tag":[12548],"class_list":{"0":"post-30642","1":"product","2":"type-product","3":"status-publish","4":"has-post-thumbnail","6":"product_cat-entrenamiento-con-alta-tecnologia-y-virtual","7":"product_cat-marca","8":"product_cat-simi","9":"product_cat-marcha-y-movimiento","10":"product_tag-simi","12":"first","13":"onbackorder","14":"taxable","15":"shipping-taxable","16":"purchasable","17":"product-type-simple"},"acf":[],"_links":{"self":[{"href":"https:\/\/www.zannasalud.com\/tienda\/wp-json\/wp\/v2\/product\/30642","targetHints":{"allow":["GET"]}}],"collection":[{"href":"https:\/\/www.zannasalud.com\/tienda\/wp-json\/wp\/v2\/product"}],"about":[{"href":"https:\/\/www.zannasalud.com\/tienda\/wp-json\/wp\/v2\/types\/product"}],"wp:featuredmedia":[{"embeddable":true,"href":"https:\/\/www.zannasalud.com\/tienda\/wp-json\/wp\/v2\/media\/4290"}],"wp:attachment":[{"href":"https:\/\/www.zannasalud.com\/tienda\/wp-json\/wp\/v2\/media?parent=30642"}],"wp:term":[{"taxonomy":"product_brand","embeddable":true,"href":"https:\/\/www.zannasalud.com\/tienda\/wp-json\/wp\/v2\/product_brand?post=30642"},{"taxonomy":"product_cat","embeddable":true,"href":"https:\/\/www.zannasalud.com\/tienda\/wp-json\/wp\/v2\/product_cat?post=30642"},{"taxonomy":"product_tag","embeddable":true,"href":"https:\/\/www.zannasalud.com\/tienda\/wp-json\/wp\/v2\/product_tag?post=30642"}],"curies":[{"name":"wp","href":"https:\/\/api.w.org\/{rel}","templated":true}]}}