{"id":30634,"date":"2020-11-18T20:21:14","date_gmt":"2020-11-18T20:21:14","guid":{"rendered":"https:\/\/silver-louse-480719.hostingersite.com\/tienda\/producto\/masajeador-vibrador-institucional-thumper-vmtx-ref-zathp50989\/"},"modified":"2024-04-08T19:03:13","modified_gmt":"2024-04-08T19:03:13","slug":"masajeador-vibrador-institucional-thumper-vmtx-ref-zathp50989","status":"publish","type":"product","link":"https:\/\/www.zannasalud.com\/tienda\/producto\/masajeador-vibrador-institucional-thumper-vmtx-ref-zathp50989\/","title":{"rendered":"MASAJEADOR VIBRADOR INSTITUCIONAL THUMPER\u00ae VMTX REF. ZATHP50989"},"content":{"rendered":"<div id=\"goog-gt-tt\" class=\"skiptranslate\" dir=\"ltr\">\n<div style=\"padding: 8px;\">El original masajeador a percusi\u00f3n profunda patentada. Fabricado en Canada.El Masajeador Percutor VMTX es una modalidad de verdadera ergon\u00f3mia de terapia vibratoria que opera dentro de las frecuencias naturales de la curaci\u00f3n del cuerpo. La VMTX es el \u00fanico masajeador de su clase, que ofrece un rendimiento de tama\u00f1o completo en la palma de su mano. A medida que masajea los diferentes grupos musculares, usted sentir\u00e1 un alivio de dolor y la tensi\u00f3n muscular desaparecen bajo el efecto de la VMTX. El Masajeador VMTX es la m\u00e1s reciente adici\u00f3n a la l\u00ednea de masajeadores Thumper \u00ae. Conceptualizado en colaboraci\u00f3n con un profesor l\u00edder quiropr\u00e1ctico de la Quiropr\u00e1ctica Canadiense del Memorial College, El VMTX es ideal para el tratamiento de la totalidad de las cadenas cin\u00e9ticas de los m\u00fasculos. La Masajeador VMTX Es f\u00e1cil de usar, simplemente agarrarlo como si fuera un mouse de computador, con la correa de banda flexible en el dorso de la mano y ya est\u00e1 listo para dar rienda suelta a la potencia de la terapia vibratoria de masaje. Con un poco de pr\u00e1ctica, el uso del dispositivo y su eficacia ser\u00e1 intuitiva, como si el masajeador se convirtiera en una extensi\u00f3n de su mano. Para maximizar el efecto de su masaje y minimizar el efecto molestia en su mano y mu\u00f1eca, se deslizara el foco o \u00bb tal\u00f3n \u00bb del VMTX a lo largo de los m\u00fasculos donde usted est\u00e9 realizando masajes. La presi\u00f3n se hace con la palma de la mano y deje que el movimiento de percusi\u00f3n del cabezote haga su trabajo. Use simplemente sus dedos para deslizar el dispositivo en la direcci\u00f3n que desea que se mueva. Cuando est\u00e9 listo para aplicar m\u00e1s presi\u00f3n en un punto de presi\u00f3n espec\u00edfico o nudo muscular, transfiera el peso de sus manos hacia la palma hacia sus dedos.. Esta transferencia de presi\u00f3n aumentar\u00e1 la intensidad del masaje en ese punto del m\u00fasculo en particular.<br \/>\nCaracter\u00edsticas<br \/>\n\u2022 Pesa solo 2 libras. Perfectamente ajustable para las manos. El Masajeador VMTX ayuda a cubrir los m\u00fasculos mas peque\u00f1os en los sitios m\u00e1s complicados, ofreciendo un masaje de foco \u00fanico.<br \/>\n\u2022 Control selector de intensidad \/ velocidad variable de 20 a 40 hertz que se ajusta con todas las frecuencias naturales para aliviar todas las lesiones musculares.<br \/>\n\u2022 3 aplicadores diferentes para masajes intercambiables que permiten personalizar la experiencia del masaje, y lograr mejores resultados.<br \/>\n\u2022 F\u00e1cil de limpiar, simplemente limpie con un pa\u00f1o h\u00famedo.<br \/>\n\u2022 Fabricado a mano en Canad\u00e1, garantizando la m\u00e1xima calidad de producto. <\/p>\n<p>Especificaciones<br \/>\n\u2022 Tama\u00f1o: 3.5 \u00bb W x 7.5&#8243; L x 3.5 \u00abH ( 9cm x 19cm x 9cm)<br \/>\n\u2022 Peso : 2 lbs. ( 0,9 kg )<br \/>\n\u2022 Clase 1 aprobado por la FDA<br \/>\n\u2022 El\u00e9ctricamente aprobado, UL, CSA, CE<br \/>\n\u2022 Garant\u00eda de 2 a\u00f1os<\/p>\n<div><\/div>\n<\/div>\n<\/div>\n<div class=\"goog-te-spinner-pos\">\n<div class=\"goog-te-spinner-animation\"><\/div>\n<\/div>\n","protected":false},"excerpt":{"rendered":"<p>El original masajeador a percusi\u00f3n profunda patentada. Fabricado en Canada.El Masajeador Percutor VMTX es una modalidad de verdadera ergon\u00f3mia de terapia vibratoria que opera dentro de las frecuencias naturales de la curaci\u00f3n del cuerpo. La VMTX es el \u00fanico masajeador de su clase, que ofrece un rendimiento de tama\u00f1o completo en la palma de su mano. A medida que masajea los diferentes grupos musculares, usted sentir\u00e1 un alivio de dolor y la tensi\u00f3n muscular desaparecen bajo el efecto de la VMTX. El Masajeador VMTX es la m\u00e1s reciente adici\u00f3n a la l\u00ednea de masajeadores Thumper \u00ae. Conceptualizado en colaboraci\u00f3n con un profesor l\u00edder quiropr\u00e1ctico de la Quiropr\u00e1ctica Canadiense del Memorial College, El VMTX es ideal para el tratamiento de la totalidad de las cadenas cin\u00e9ticas de los m\u00fasculos. La Masajeador VMTX Es f\u00e1cil de usar, simplemente agarrarlo como si fuera un mouse de computador, con la correa de banda flexible en el dorso de la mano y ya est\u00e1 listo para dar rienda suelta a la potencia de la terapia vibratoria de masaje. Con un poco de pr\u00e1ctica, el uso del dispositivo y su eficacia ser\u00e1 intuitiva, como si el masajeador se convirtiera en una extensi\u00f3n de su mano. Para maximizar el efecto de su masaje y minimizar el efecto molestia en su mano y mu\u00f1eca, se deslizara el foco o \u00bb tal\u00f3n \u00bb del VMTX a lo largo de los m\u00fasculos donde usted est\u00e9 realizando masajes. La presi\u00f3n se hace con la palma de la mano y deje que el movimiento de percusi\u00f3n del cabezote haga su trabajo. Use simplemente sus dedos para deslizar el dispositivo en la direcci\u00f3n que desea que se mueva. Cuando est\u00e9 listo para aplicar m\u00e1s presi\u00f3n en un punto de presi\u00f3n espec\u00edfico o nudo muscular, transfiera el peso de sus manos hacia la palma hacia sus dedos.. Esta transferencia de presi\u00f3n aumentar\u00e1 la intensidad del masaje en ese punto del m\u00fasculo en particular.<br \/>\nCaracter\u00edsticas<br \/>\n\u2022 Pesa solo 2 libras. Perfectamente ajustable para las manos. El Masajeador VMTX ayuda a cubrir los m\u00fasculos mas peque\u00f1os en los sitios m\u00e1s complicados, ofreciendo un masaje de foco \u00fanico.<br \/>\n\u2022 Control selector de intensidad \/ velocidad variable de 20 a 40 hertz que se ajusta con todas las frecuencias naturales para aliviar todas las lesiones musculares.<br \/>\n\u2022 3 aplicadores diferentes para masajes intercambiables que permiten personalizar la experiencia del masaje, y lograr mejores resultados.<br \/>\n\u2022 F\u00e1cil de limpiar, simplemente limpie con un pa\u00f1o h\u00famedo.<br \/>\n\u2022 Fabricado a mano en Canad\u00e1, garantizando la m\u00e1xima calidad de producto. <\/p>\n<p>Especificaciones<br \/>\n\u2022 Tama\u00f1o: 3.5 \u00bb W x 7.5&#8243; L x 3.5 \u00abH ( 9cm x 19cm x 9cm)<br \/>\n\u2022 Peso : 2 lbs. ( 0,9 kg )<br \/>\n\u2022 Clase 1 aprobado por la FDA<br \/>\n\u2022 El\u00e9ctricamente aprobado, UL, CSA, CE<br \/>\n\u2022 Garant\u00eda de 2 a\u00f1os<\/p>\n","protected":false},"featured_media":9664,"template":"","meta":{"_acf_changed":false,"content-type":""},"product_brand":[],"product_cat":[13255,13328,13327,13322,13252],"product_tag":[12544],"class_list":{"0":"post-30634","1":"product","2":"type-product","3":"status-publish","4":"has-post-thumbnail","6":"product_cat-marca","7":"product_cat-thumper","8":"product_cat-masajeadores-percutores","9":"product_cat-masajes-y-bienestar","10":"product_cat-modalidades","11":"product_tag-thumper","13":"first","14":"onbackorder","15":"taxable","16":"shipping-taxable","17":"purchasable","18":"product-type-simple"},"acf":[],"_links":{"self":[{"href":"https:\/\/www.zannasalud.com\/tienda\/wp-json\/wp\/v2\/product\/30634","targetHints":{"allow":["GET"]}}],"collection":[{"href":"https:\/\/www.zannasalud.com\/tienda\/wp-json\/wp\/v2\/product"}],"about":[{"href":"https:\/\/www.zannasalud.com\/tienda\/wp-json\/wp\/v2\/types\/product"}],"wp:featuredmedia":[{"embeddable":true,"href":"https:\/\/www.zannasalud.com\/tienda\/wp-json\/wp\/v2\/media\/9664"}],"wp:attachment":[{"href":"https:\/\/www.zannasalud.com\/tienda\/wp-json\/wp\/v2\/media?parent=30634"}],"wp:term":[{"taxonomy":"product_brand","embeddable":true,"href":"https:\/\/www.zannasalud.com\/tienda\/wp-json\/wp\/v2\/product_brand?post=30634"},{"taxonomy":"product_cat","embeddable":true,"href":"https:\/\/www.zannasalud.com\/tienda\/wp-json\/wp\/v2\/product_cat?post=30634"},{"taxonomy":"product_tag","embeddable":true,"href":"https:\/\/www.zannasalud.com\/tienda\/wp-json\/wp\/v2\/product_tag?post=30634"}],"curies":[{"name":"wp","href":"https:\/\/api.w.org\/{rel}","templated":true}]}}