{"id":30633,"date":"2020-11-18T20:21:14","date_gmt":"2020-11-18T20:21:14","guid":{"rendered":"https:\/\/silver-louse-480719.hostingersite.com\/tienda\/producto\/masajeador-vibrador-institucional-thumper-sport-ref-zathp50988\/"},"modified":"2024-04-08T19:03:12","modified_gmt":"2024-04-08T19:03:12","slug":"masajeador-vibrador-institucional-thumper-sport-ref-zathp50988","status":"publish","type":"product","link":"https:\/\/www.zannasalud.com\/tienda\/producto\/masajeador-vibrador-institucional-thumper-sport-ref-zathp50988\/","title":{"rendered":"MASAJEADOR VIBRADOR INSTITUCIONAL THUMPER\u00ae SPORT REF. ZATHP50988"},"content":{"rendered":"<div id=\"goog-gt-tt\" class=\"skiptranslate\" dir=\"ltr\">\n<div style=\"padding: 8px;\">Masajeador portable dise\u00f1ado espec\u00edficamente para uso en centros de Rehabilitacion peque\u00f1os. El original masajeador a percusi\u00f3n profunda patentada. Fabricado en Canada.Este dispositivo es para uso dom\u00e9stico solamente (no para uso comercial). Thumper Sport ha sido creado para individuos activos que necesitan relajar los m\u00fasculos luego del ejercicio f\u00edsico. Es tambien ideal para aquellos que no ejercitan suficiente y necesitan mejorar la circulaci\u00f3n en sus cuerpos. Esta dise\u00f1ado ergon\u00f3micamente para f\u00e1cil uso personal. Pesando solo 3 libras (1.4 kg) es ideal para uso en la oficina, gimnasio, casa, o en cualquier lugar en que pueda conectarse. Para recibir el m\u00e1ximo beneficio de su Thumper Sport por favor vea el DVD educativo incluido con el aparato.<\/p>\n<div><\/div>\n<\/div>\n<\/div>\n<div class=\"goog-te-spinner-pos\">\n<div class=\"goog-te-spinner-animation\"><\/div>\n<\/div>\n","protected":false},"excerpt":{"rendered":"<p>Masajeador portable dise\u00f1ado espec\u00edficamente para uso en centros de Rehabilitacion peque\u00f1os. El original masajeador a percusi\u00f3n profunda patentada. Fabricado en Canada.Este dispositivo es para uso dom\u00e9stico solamente (no para uso comercial). Thumper Sport ha sido creado para individuos activos que necesitan relajar los m\u00fasculos luego del ejercicio f\u00edsico. Es tambien ideal para aquellos que no ejercitan suficiente y necesitan mejorar la circulaci\u00f3n en sus cuerpos. Esta dise\u00f1ado ergon\u00f3micamente para f\u00e1cil uso personal. Pesando solo 3 libras (1.4 kg) es ideal para uso en la oficina, gimnasio, casa, o en cualquier lugar en que pueda conectarse. Para recibir el m\u00e1ximo beneficio de su Thumper Sport por favor vea el DVD educativo incluido con el aparato.<\/p>\n","protected":false},"featured_media":4562,"template":"","meta":{"_acf_changed":false,"content-type":""},"product_brand":[],"product_cat":[13255,13328,13327,13322,13252],"product_tag":[12544],"class_list":{"0":"post-30633","1":"product","2":"type-product","3":"status-publish","4":"has-post-thumbnail","6":"product_cat-marca","7":"product_cat-thumper","8":"product_cat-masajeadores-percutores","9":"product_cat-masajes-y-bienestar","10":"product_cat-modalidades","11":"product_tag-thumper","13":"first","14":"instock","15":"taxable","16":"shipping-taxable","17":"purchasable","18":"product-type-simple"},"acf":[],"_links":{"self":[{"href":"https:\/\/www.zannasalud.com\/tienda\/wp-json\/wp\/v2\/product\/30633","targetHints":{"allow":["GET"]}}],"collection":[{"href":"https:\/\/www.zannasalud.com\/tienda\/wp-json\/wp\/v2\/product"}],"about":[{"href":"https:\/\/www.zannasalud.com\/tienda\/wp-json\/wp\/v2\/types\/product"}],"wp:featuredmedia":[{"embeddable":true,"href":"https:\/\/www.zannasalud.com\/tienda\/wp-json\/wp\/v2\/media\/4562"}],"wp:attachment":[{"href":"https:\/\/www.zannasalud.com\/tienda\/wp-json\/wp\/v2\/media?parent=30633"}],"wp:term":[{"taxonomy":"product_brand","embeddable":true,"href":"https:\/\/www.zannasalud.com\/tienda\/wp-json\/wp\/v2\/product_brand?post=30633"},{"taxonomy":"product_cat","embeddable":true,"href":"https:\/\/www.zannasalud.com\/tienda\/wp-json\/wp\/v2\/product_cat?post=30633"},{"taxonomy":"product_tag","embeddable":true,"href":"https:\/\/www.zannasalud.com\/tienda\/wp-json\/wp\/v2\/product_tag?post=30633"}],"curies":[{"name":"wp","href":"https:\/\/api.w.org\/{rel}","templated":true}]}}