{"id":30631,"date":"2020-11-18T20:21:14","date_gmt":"2020-11-18T20:21:14","guid":{"rendered":"https:\/\/silver-louse-480719.hostingersite.com\/tienda\/producto\/masajeador-vibrador-institucional-thumper-versa-pro-ref-zathp34679\/"},"modified":"2024-04-08T19:03:12","modified_gmt":"2024-04-08T19:03:12","slug":"masajeador-vibrador-institucional-thumper-versa-pro-ref-zathp34679","status":"publish","type":"product","link":"https:\/\/www.zannasalud.com\/tienda\/producto\/masajeador-vibrador-institucional-thumper-versa-pro-ref-zathp34679\/","title":{"rendered":"MASAJEADOR VIBRADOR INSTITUCIONAL THUMPER\u00ae VERSA PRO REF. ZATHP34679"},"content":{"rendered":"<div id=\"goog-gt-tt\" class=\"skiptranslate\" dir=\"ltr\">\n<div style=\"padding: 8px;\">El original masajeador a percusi\u00f3n profunda patentada. Fabricado en Canada.El mejor y mas completo masajeador existente. Para sus piernas, su espalda y sus pies. Con 6 velocidades y 7 programas autom\u00e1ticos y 184 puntos de presi\u00f3n. No existe un masajeador como este en ning\u00fan otro sitio.<\/p>\n<div><\/div>\n<\/div>\n<\/div>\n<div class=\"goog-te-spinner-pos\">\n<div class=\"goog-te-spinner-animation\"><\/div>\n<\/div>\n","protected":false},"excerpt":{"rendered":"<p>El original masajeador a percusi\u00f3n profunda patentada. Fabricado en Canada.El mejor y mas completo masajeador existente. Para sus piernas, su espalda y sus pies. Con 6 velocidades y 7 programas autom\u00e1ticos y 184 puntos de presi\u00f3n. No existe un masajeador como este en ning\u00fan otro sitio.<\/p>\n","protected":false},"featured_media":4549,"template":"","meta":{"_acf_changed":false,"content-type":""},"product_brand":[],"product_cat":[13255,13328,13327,13322,13252],"product_tag":[12544],"class_list":{"0":"post-30631","1":"product","2":"type-product","3":"status-publish","4":"has-post-thumbnail","6":"product_cat-marca","7":"product_cat-thumper","8":"product_cat-masajeadores-percutores","9":"product_cat-masajes-y-bienestar","10":"product_cat-modalidades","11":"product_tag-thumper","13":"first","14":"onbackorder","15":"taxable","16":"shipping-taxable","17":"purchasable","18":"product-type-simple"},"acf":[],"_links":{"self":[{"href":"https:\/\/www.zannasalud.com\/tienda\/wp-json\/wp\/v2\/product\/30631","targetHints":{"allow":["GET"]}}],"collection":[{"href":"https:\/\/www.zannasalud.com\/tienda\/wp-json\/wp\/v2\/product"}],"about":[{"href":"https:\/\/www.zannasalud.com\/tienda\/wp-json\/wp\/v2\/types\/product"}],"wp:featuredmedia":[{"embeddable":true,"href":"https:\/\/www.zannasalud.com\/tienda\/wp-json\/wp\/v2\/media\/4549"}],"wp:attachment":[{"href":"https:\/\/www.zannasalud.com\/tienda\/wp-json\/wp\/v2\/media?parent=30631"}],"wp:term":[{"taxonomy":"product_brand","embeddable":true,"href":"https:\/\/www.zannasalud.com\/tienda\/wp-json\/wp\/v2\/product_brand?post=30631"},{"taxonomy":"product_cat","embeddable":true,"href":"https:\/\/www.zannasalud.com\/tienda\/wp-json\/wp\/v2\/product_cat?post=30631"},{"taxonomy":"product_tag","embeddable":true,"href":"https:\/\/www.zannasalud.com\/tienda\/wp-json\/wp\/v2\/product_tag?post=30631"}],"curies":[{"name":"wp","href":"https:\/\/api.w.org\/{rel}","templated":true}]}}