{"id":30626,"date":"2020-11-18T20:21:14","date_gmt":"2020-11-18T20:21:14","guid":{"rendered":"https:\/\/silver-louse-480719.hostingersite.com\/tienda\/producto\/masajeador-profesional-gbm-ref-zame600\/"},"modified":"2024-04-08T19:03:12","modified_gmt":"2024-04-08T19:03:12","slug":"masajeador-profesional-gbm-ref-zame600","status":"publish","type":"product","link":"https:\/\/www.zannasalud.com\/tienda\/producto\/masajeador-profesional-gbm-ref-zame600\/","title":{"rendered":"MASAJEADOR PROFESIONAL GBM REF. ZAME600"},"content":{"rendered":"<div id=\"goog-gt-tt\" class=\"skiptranslate\" dir=\"ltr\">\n<div style=\"padding: 8px;\">Este masajeador manual alcanza una velocidad de 15 a 55 ciclos por segundo. Su dise\u00f1o ergon\u00f3mico reduce la vibraci\u00f3n de la mano permitiendo que realice varios tratamientos en un mismo d\u00eda sin cansarse. El G5 GBM combina potencia y movilidad en una unidad peque\u00f1a que cabe en un bolso de viaje. Simple de operar, solo es necesario girar una perilla y ajustar las velocidades de menor a mayor. Es perfecto para tratamientos cl\u00ednicos sencillos o para uso domiciliario.<\/p>\n<div><\/div>\n<\/div>\n<\/div>\n<div class=\"goog-te-spinner-pos\">\n<div class=\"goog-te-spinner-animation\"><\/div>\n<\/div>\n","protected":false},"excerpt":{"rendered":"<p>Este masajeador manual alcanza una velocidad de 15 a 55 ciclos por segundo. Su dise\u00f1o ergon\u00f3mico reduce la vibraci\u00f3n de la mano permitiendo que realice varios tratamientos en un mismo d\u00eda sin cansarse. El G5 GBM combina potencia y movilidad en una unidad peque\u00f1a que cabe en un bolso de viaje. Simple de operar, solo es necesario girar una perilla y ajustar las velocidades de menor a mayor. Es perfecto para tratamientos cl\u00ednicos sencillos o para uso domiciliario.<\/p>\n","protected":false},"featured_media":4567,"template":"","meta":{"_acf_changed":false,"content-type":""},"product_brand":[],"product_cat":[13255,13256,13323,13322,13252],"product_tag":[11670],"class_list":{"0":"post-30626","1":"product","2":"type-product","3":"status-publish","4":"has-post-thumbnail","6":"product_cat-marca","7":"product_cat-mettler-electronics","8":"product_cat-masajeadores-electricos","9":"product_cat-masajes-y-bienestar","10":"product_cat-modalidades","11":"product_tag-mettler-electronics","13":"first","14":"onbackorder","15":"taxable","16":"shipping-taxable","17":"purchasable","18":"product-type-simple"},"acf":[],"_links":{"self":[{"href":"https:\/\/www.zannasalud.com\/tienda\/wp-json\/wp\/v2\/product\/30626","targetHints":{"allow":["GET"]}}],"collection":[{"href":"https:\/\/www.zannasalud.com\/tienda\/wp-json\/wp\/v2\/product"}],"about":[{"href":"https:\/\/www.zannasalud.com\/tienda\/wp-json\/wp\/v2\/types\/product"}],"wp:featuredmedia":[{"embeddable":true,"href":"https:\/\/www.zannasalud.com\/tienda\/wp-json\/wp\/v2\/media\/4567"}],"wp:attachment":[{"href":"https:\/\/www.zannasalud.com\/tienda\/wp-json\/wp\/v2\/media?parent=30626"}],"wp:term":[{"taxonomy":"product_brand","embeddable":true,"href":"https:\/\/www.zannasalud.com\/tienda\/wp-json\/wp\/v2\/product_brand?post=30626"},{"taxonomy":"product_cat","embeddable":true,"href":"https:\/\/www.zannasalud.com\/tienda\/wp-json\/wp\/v2\/product_cat?post=30626"},{"taxonomy":"product_tag","embeddable":true,"href":"https:\/\/www.zannasalud.com\/tienda\/wp-json\/wp\/v2\/product_tag?post=30626"}],"curies":[{"name":"wp","href":"https:\/\/api.w.org\/{rel}","templated":true}]}}