{"id":30609,"date":"2020-11-18T20:21:07","date_gmt":"2020-11-18T20:21:07","guid":{"rendered":"https:\/\/silver-louse-480719.hostingersite.com\/tienda\/producto\/spray-frio-para-dolor-point-relief-coldspot-ref-zask020\/"},"modified":"2024-04-08T19:03:10","modified_gmt":"2024-04-08T19:03:10","slug":"spray-frio-para-dolor-point-relief-coldspot-ref-zask020","status":"publish","type":"product","link":"https:\/\/www.zannasalud.com\/tienda\/producto\/spray-frio-para-dolor-point-relief-coldspot-ref-zask020\/","title":{"rendered":"SPRAY FRIO PARA DOLOR POINT RELIEF\u00ae COLDSPOT\u00ae REF. ZASK020"},"content":{"rendered":"<div id=\"goog-gt-tt\" class=\"skiptranslate\" dir=\"ltr\">\n<div style=\"padding: 8px;\">Analg\u00e9sicos t\u00f3picos Alivio Point \u00ae Coldspot \u00ae est\u00e1n disponibles con gel, roll-on y spray aplicadores. Los m\u00e1s de-the-counter f\u00f3rmulas ofrece acci\u00f3n r\u00e1pida, calmante alivio temporal de dolores menores y dolores de m\u00fasculos y articulaciones asociados con simples dolores de espalda, artritis, contusiones, esguinces y torceduras. F\u00f3rmula a base de agua minimiza la grasa y los residuos. Coldspot \u00ae incluye ingredientes naturales como el mentol,<\/p>\n<div><\/div>\n<\/div>\n<\/div>\n<div class=\"goog-te-spinner-pos\">\n<div class=\"goog-te-spinner-animation\"><\/div>\n<\/div>\n","protected":false},"excerpt":{"rendered":"<p>Analg\u00e9sicos t\u00f3picos Alivio Point \u00ae Coldspot \u00ae est\u00e1n disponibles con gel, roll-on y spray aplicadores. Los m\u00e1s de-the-counter f\u00f3rmulas ofrece acci\u00f3n r\u00e1pida, calmante alivio temporal de dolores menores y dolores de m\u00fasculos y articulaciones asociados con simples dolores de espalda, artritis, contusiones, esguinces y torceduras. F\u00f3rmula a base de agua minimiza la grasa y los residuos. Coldspot \u00ae incluye ingredientes naturales como el mentol,<\/p>\n","protected":false},"featured_media":4524,"template":"","meta":{"_acf_changed":false,"content-type":""},"product_brand":[],"product_cat":[13255,13252,13319,13314],"product_tag":[],"class_list":{"0":"post-30609","1":"product","2":"type-product","3":"status-publish","4":"has-post-thumbnail","6":"product_cat-marca","7":"product_cat-modalidades","8":"product_cat-productos-crio","9":"product_cat-terapia-de-frio-y-calor","11":"first","12":"onbackorder","13":"shipping-taxable","14":"purchasable","15":"product-type-simple"},"acf":[],"_links":{"self":[{"href":"https:\/\/www.zannasalud.com\/tienda\/wp-json\/wp\/v2\/product\/30609","targetHints":{"allow":["GET"]}}],"collection":[{"href":"https:\/\/www.zannasalud.com\/tienda\/wp-json\/wp\/v2\/product"}],"about":[{"href":"https:\/\/www.zannasalud.com\/tienda\/wp-json\/wp\/v2\/types\/product"}],"wp:featuredmedia":[{"embeddable":true,"href":"https:\/\/www.zannasalud.com\/tienda\/wp-json\/wp\/v2\/media\/4524"}],"wp:attachment":[{"href":"https:\/\/www.zannasalud.com\/tienda\/wp-json\/wp\/v2\/media?parent=30609"}],"wp:term":[{"taxonomy":"product_brand","embeddable":true,"href":"https:\/\/www.zannasalud.com\/tienda\/wp-json\/wp\/v2\/product_brand?post=30609"},{"taxonomy":"product_cat","embeddable":true,"href":"https:\/\/www.zannasalud.com\/tienda\/wp-json\/wp\/v2\/product_cat?post=30609"},{"taxonomy":"product_tag","embeddable":true,"href":"https:\/\/www.zannasalud.com\/tienda\/wp-json\/wp\/v2\/product_tag?post=30609"}],"curies":[{"name":"wp","href":"https:\/\/api.w.org\/{rel}","templated":true}]}}