{"id":30600,"date":"2020-11-18T20:21:07","date_gmt":"2020-11-18T20:21:07","guid":{"rendered":"https:\/\/silver-louse-480719.hostingersite.com\/tienda\/producto\/tanque-de-parafina-institucional-therabath-pro-ref-zathe2383-tb6\/"},"modified":"2024-04-08T19:03:10","modified_gmt":"2024-04-08T19:03:10","slug":"tanque-de-parafina-institucional-therabath-pro-ref-zathe2383-tb6","status":"publish","type":"product","link":"https:\/\/www.zannasalud.com\/tienda\/producto\/tanque-de-parafina-institucional-therabath-pro-ref-zathe2383-tb6\/","title":{"rendered":"TANQUE DE PARAFINA INSTITUCIONAL THERABATH \u00aePRO REF. ZATHE2383-TB6"},"content":{"rendered":"<div id=\"goog-gt-tt\" class=\"skiptranslate\" dir=\"ltr\">\n<div style=\"padding: 8px;\">EQUIPO FABRICADO 100% U.S.A.THERABAPRO MANTIENE EL CALOR ENTRE 52GRADOSY 54 GRADOS CENTIGRADOS 24 HORAS. Dise\u00f1o \u00danico de material ALUMINIO ANODIZADO &#8211; ligero, durable y ahorrador de energ\u00eda Para m\u00e1ximo efecto terap\u00e9utico &#8211; Vida \u00datil : Garantizado de por vida &#8211; Incluye 6 Libras de Parafina. La terapia con Parafina ha comprobado sus beneficios desde 1962. THERABATH PRO se ha consolidado en Norte Am\u00e9rica como empresa l\u00edder en el desarrollo de Tanques Institucionales y Parafina. -Ideal para ser usado en Rehabilitaci\u00f3n (Hospitales, Cl\u00ednicas, Centros de Salud), Spas y Centros de est\u00e9tica y belleza. Terapia que ofrece una humectaci\u00f3n intensiva, previniendo la resequedad en la piel. -Suaviza y Rejuvenece la piel. Tratamiento anti edad. Mejora el flujo sangu\u00edneo. Elimina toxinas. Relaja los m\u00fasculos y las articulaciones. Tambi\u00e9n especial para personas con artritis. Alivia el dolor  &#8211; Con parafina en esencias granulada con aromas relajantes, proporcionando mas beneficios.<\/p>\n<div><\/div>\n<\/div>\n<\/div>\n<div class=\"goog-te-spinner-pos\">\n<div class=\"goog-te-spinner-animation\"><\/div>\n<\/div>\n","protected":false},"excerpt":{"rendered":"<p>EQUIPO FABRICADO 100% U.S.A.THERABAPRO MANTIENE EL CALOR ENTRE 52GRADOSY 54 GRADOS CENTIGRADOS 24 HORAS. Dise\u00f1o \u00danico de material ALUMINIO ANODIZADO &#8211; ligero, durable y ahorrador de energ\u00eda Para m\u00e1ximo efecto terap\u00e9utico &#8211; Vida \u00datil : Garantizado de por vida &#8211; Incluye 6 Libras de Parafina. La terapia con Parafina ha comprobado sus beneficios desde 1962. [&hellip;]<\/p>\n","protected":false},"featured_media":4501,"template":"","meta":{"_acf_changed":false,"content-type":""},"product_brand":[],"product_cat":[13255,13317,13252,13314,13316],"product_tag":[11844],"class_list":{"0":"post-30600","1":"product","2":"type-product","3":"status-publish","4":"has-post-thumbnail","6":"product_cat-marca","7":"product_cat-therabath","8":"product_cat-modalidades","9":"product_cat-terapia-de-frio-y-calor","10":"product_cat-terapia-de-parafina","11":"product_tag-therabath","13":"first","14":"instock","15":"taxable","16":"shipping-taxable","17":"purchasable","18":"product-type-simple"},"acf":[],"_links":{"self":[{"href":"https:\/\/www.zannasalud.com\/tienda\/wp-json\/wp\/v2\/product\/30600","targetHints":{"allow":["GET"]}}],"collection":[{"href":"https:\/\/www.zannasalud.com\/tienda\/wp-json\/wp\/v2\/product"}],"about":[{"href":"https:\/\/www.zannasalud.com\/tienda\/wp-json\/wp\/v2\/types\/product"}],"wp:featuredmedia":[{"embeddable":true,"href":"https:\/\/www.zannasalud.com\/tienda\/wp-json\/wp\/v2\/media\/4501"}],"wp:attachment":[{"href":"https:\/\/www.zannasalud.com\/tienda\/wp-json\/wp\/v2\/media?parent=30600"}],"wp:term":[{"taxonomy":"product_brand","embeddable":true,"href":"https:\/\/www.zannasalud.com\/tienda\/wp-json\/wp\/v2\/product_brand?post=30600"},{"taxonomy":"product_cat","embeddable":true,"href":"https:\/\/www.zannasalud.com\/tienda\/wp-json\/wp\/v2\/product_cat?post=30600"},{"taxonomy":"product_tag","embeddable":true,"href":"https:\/\/www.zannasalud.com\/tienda\/wp-json\/wp\/v2\/product_tag?post=30600"}],"curies":[{"name":"wp","href":"https:\/\/api.w.org\/{rel}","templated":true}]}}