{"id":30598,"date":"2020-11-18T20:21:07","date_gmt":"2020-11-18T20:21:07","guid":{"rendered":"https:\/\/silver-louse-480719.hostingersite.com\/tienda\/producto\/tanque-de-parafina-institucional-paratherapy-ref-zawhallpt6-s\/"},"modified":"2024-04-08T19:03:10","modified_gmt":"2024-04-08T19:03:10","slug":"tanque-de-parafina-institucional-paratherapy-ref-zawhallpt6-s","status":"publish","type":"product","link":"https:\/\/www.zannasalud.com\/tienda\/producto\/tanque-de-parafina-institucional-paratherapy-ref-zawhallpt6-s\/","title":{"rendered":"TANQUE DE PARAFINA INSTITUCIONAL PARATHERAPY REF. ZAWHALLPT6-S"},"content":{"rendered":"<div id=\"goog-gt-tt\" class=\"skiptranslate\" dir=\"ltr\">\n<div style=\"padding: 8px;\">EQUIPO FABRICADO 100% en U.S.A. Proporciona un m\u00e9todo simple, eficaz en la aplicaci\u00f3n de calor en las extremidades Superiores e Inferiores con e prop\u00f3sito de aumentar la circulaci\u00f3n. Toda la unidad es de 80 por ciento en acero inoxidable duradero. La unidad est\u00e1 controlada por un termostato. Una luz indicadora de encendido muestra que la parafina est\u00e1 calentando. La capacidad del dep\u00f3sito de esta unidad es de 6 libras. Funci\u00f3n del producto: Para uso en la mano, la mu\u00f1eca<br \/>\nDetalles Del Producto<br \/>\nMarca: ParaTherapy<br \/>\nAdecuada para: Podolog\u00eda, Terapia mano, Preparador F\u00edsico, Terapia F\u00edsica, Terapia Ocupacional, quiropr\u00e1ctica, Spa, Terapia en Casa, Cuidado a Largo Plazo Capacidad<br \/>\nPeso: 6 libras<br \/>\nLongitud interna: 11.75 \u00bb<br \/>\nInterno Anchura: 5.75 \u00bb<br \/>\nProfundidad interna: 5.75 \u00bb<\/p>\n<div><\/div>\n<\/div>\n<\/div>\n<div class=\"goog-te-spinner-pos\">\n<div class=\"goog-te-spinner-animation\"><\/div>\n<\/div>\n","protected":false},"excerpt":{"rendered":"<p>EQUIPO FABRICADO 100% en U.S.A. Proporciona un m\u00e9todo simple, eficaz en la aplicaci\u00f3n de calor en las extremidades Superiores e Inferiores con e prop\u00f3sito de aumentar la circulaci\u00f3n. Toda la unidad es de 80 por ciento en acero inoxidable duradero. La unidad est\u00e1 controlada por un termostato. Una luz indicadora de encendido muestra que la [&hellip;]<\/p>\n","protected":false},"featured_media":9607,"template":"","meta":{"_acf_changed":false,"content-type":""},"product_brand":[],"product_cat":[13255,13275,13252,13314,13316],"product_tag":[11840],"class_list":{"0":"post-30598","1":"product","2":"type-product","3":"status-publish","4":"has-post-thumbnail","6":"product_cat-marca","7":"product_cat-whitehall","8":"product_cat-modalidades","9":"product_cat-terapia-de-frio-y-calor","10":"product_cat-terapia-de-parafina","11":"product_tag-whitehall","13":"first","14":"onbackorder","15":"taxable","16":"shipping-taxable","17":"purchasable","18":"product-type-simple"},"acf":[],"_links":{"self":[{"href":"https:\/\/www.zannasalud.com\/tienda\/wp-json\/wp\/v2\/product\/30598","targetHints":{"allow":["GET"]}}],"collection":[{"href":"https:\/\/www.zannasalud.com\/tienda\/wp-json\/wp\/v2\/product"}],"about":[{"href":"https:\/\/www.zannasalud.com\/tienda\/wp-json\/wp\/v2\/types\/product"}],"wp:featuredmedia":[{"embeddable":true,"href":"https:\/\/www.zannasalud.com\/tienda\/wp-json\/wp\/v2\/media\/9607"}],"wp:attachment":[{"href":"https:\/\/www.zannasalud.com\/tienda\/wp-json\/wp\/v2\/media?parent=30598"}],"wp:term":[{"taxonomy":"product_brand","embeddable":true,"href":"https:\/\/www.zannasalud.com\/tienda\/wp-json\/wp\/v2\/product_brand?post=30598"},{"taxonomy":"product_cat","embeddable":true,"href":"https:\/\/www.zannasalud.com\/tienda\/wp-json\/wp\/v2\/product_cat?post=30598"},{"taxonomy":"product_tag","embeddable":true,"href":"https:\/\/www.zannasalud.com\/tienda\/wp-json\/wp\/v2\/product_tag?post=30598"}],"curies":[{"name":"wp","href":"https:\/\/api.w.org\/{rel}","templated":true}]}}