{"id":30591,"date":"2020-11-18T20:20:59","date_gmt":"2020-11-18T20:20:59","guid":{"rendered":"https:\/\/silver-louse-480719.hostingersite.com\/tienda\/producto\/paquete-caliente-humedo-cervical-relief-pak-usa\/"},"modified":"2025-04-04T14:30:35","modified_gmt":"2025-04-04T14:30:35","slug":"paquete-caliente-humedo-cervical-relief-pak-usa","status":"publish","type":"product","link":"https:\/\/www.zannasalud.com\/tienda\/producto\/paquete-caliente-humedo-cervical-relief-pak-usa\/","title":{"rendered":"PAQUETE CALIENTE HUMEDO CERVICAL RELIEF PAK . USA REF. ZAFAB111311"},"content":{"rendered":"<p>El ReliefPak Moist Heat Pack es la soluci\u00f3n ideal para aliviar los dolores y molestias de la artritis, el dolor de espalda, las distensiones musculares, la rigidez del cuello, los esguinces, la rigidez de las articulaciones, los hematomas, el dolor general y los espasmos. \u00bfPor qu\u00e9 una compresa de calor h\u00famedo y no una almohadilla t\u00e9rmica? El calor h\u00famedo es m\u00e1s eficaz en el calentamiento de tejidos m\u00e1s profundos y penetra m\u00e1s que el calor seco a la misma temperatura. Listo para \u00daselo despu\u00e9s de menos de una hora en la estufa, microondas u otra unidad de calefacci\u00f3n. Ideal para su uso en la recuperaci\u00f3n despu\u00e9s de una lesi\u00f3n y despu\u00e9s del entrenamiento con un material que se adapta a cualquier parte del cuerpo y es flexible cuando se calienta. Altamente recomendado por fisioterapeutas, m\u00e9dicos, quiropr\u00e1cticos, entrenadores deportivos y kinesi\u00f3logos. Las compresas de calor h\u00famedo son seguras para adultos y ni\u00f1os y son f\u00e1ciles de transportar. Las bolsas de calor no contienen l\u00e1tex. Este paquete de calor contornea el cuello y mide 7 \u00abx 24\u00bb. El calor h\u00famedo cambia r\u00e1pidamente la temperatura de los tejidos. Los pacientes a menudo informan un alivio m\u00e1s r\u00e1pido del calor h\u00famedo y se ha demostrado que el calor h\u00famedo acelera la recuperaci\u00f3n al aumentar el flujo sangu\u00edneo a un \u00e1rea espec\u00edfica. La compresa caliente proporciona hasta 30 minutos de alivio terap\u00e9utico h\u00famedo y caliente. Una vez calentado y listo para usar, manipule el paquete por la leng\u00fceta de la esquina. Aseg\u00farese de envolver el paquete t\u00e9rmico en una toalla o cubierta antes de usarlo. Al ofrecer m\u00faltiples beneficios, son ideales para ayudar a tratar el dolor agudo y cr\u00f3nico, aliviar los dolores y aliviar el dolor y la rigidez. Las compresas t\u00e9rmicas h\u00famedas ReliefPak est\u00e1n dise\u00f1adas para su uso en el hogar o en entornos multiusuario como cl\u00ednicas, spas, gimnasios y salas de entrenamiento. El uso esperado dictar\u00e1 c\u00f3mo cuidar y almacenar el paquete de calor. Si se espera que el paquete se vaya a utilizar para tratamientos regulares o frecuentes, debe mantenerse en agua, ya sea en la unidad de calefacci\u00f3n o en una olla tapada en la estufa. Si se espera que el paquete est\u00e9 inactivo y almacenado durante un per\u00edodo prolongado, debe mantenerse h\u00famedo y fr\u00edo. En esos casos, coloque el paquete h\u00famedo en una bolsa de pl\u00e1stico, s\u00e9llelo y gu\u00e1rdelo en el congelador. .<\/p>\n","protected":false},"excerpt":{"rendered":"<p>Paquete caliente humedo alivia dolores, rigidez y espasmos, ideal para terapia en casa.<\/p>\n","protected":false},"featured_media":4453,"template":"","meta":{"_acf_changed":false,"content-type":""},"product_brand":[],"product_cat":[13255,13311,13252,13310,13307],"product_tag":[11858],"class_list":{"0":"post-30591","1":"product","2":"type-product","3":"status-publish","4":"has-post-thumbnail","6":"product_cat-marca","7":"product_cat-fabrication-enterpreses","8":"product_cat-modalidades","9":"product_cat-paquetes-de-calor-humedo","10":"product_cat-terapia-de-frio-calor-compresion","11":"product_tag-fabrication-enterpreses","13":"first","14":"onbackorder","15":"shipping-taxable","16":"purchasable","17":"product-type-simple"},"acf":[],"_links":{"self":[{"href":"https:\/\/www.zannasalud.com\/tienda\/wp-json\/wp\/v2\/product\/30591","targetHints":{"allow":["GET"]}}],"collection":[{"href":"https:\/\/www.zannasalud.com\/tienda\/wp-json\/wp\/v2\/product"}],"about":[{"href":"https:\/\/www.zannasalud.com\/tienda\/wp-json\/wp\/v2\/types\/product"}],"wp:featuredmedia":[{"embeddable":true,"href":"https:\/\/www.zannasalud.com\/tienda\/wp-json\/wp\/v2\/media\/4453"}],"wp:attachment":[{"href":"https:\/\/www.zannasalud.com\/tienda\/wp-json\/wp\/v2\/media?parent=30591"}],"wp:term":[{"taxonomy":"product_brand","embeddable":true,"href":"https:\/\/www.zannasalud.com\/tienda\/wp-json\/wp\/v2\/product_brand?post=30591"},{"taxonomy":"product_cat","embeddable":true,"href":"https:\/\/www.zannasalud.com\/tienda\/wp-json\/wp\/v2\/product_cat?post=30591"},{"taxonomy":"product_tag","embeddable":true,"href":"https:\/\/www.zannasalud.com\/tienda\/wp-json\/wp\/v2\/product_tag?post=30591"}],"curies":[{"name":"wp","href":"https:\/\/api.w.org\/{rel}","templated":true}]}}