{"id":30588,"date":"2020-11-18T20:20:59","date_gmt":"2020-11-18T20:20:59","guid":{"rendered":"https:\/\/silver-louse-480719.hostingersite.com\/tienda\/producto\/lampara-de-rayos-infrarojos\/"},"modified":"2024-04-08T19:03:09","modified_gmt":"2024-04-08T19:03:09","slug":"lampara-de-rayos-infrarojos","status":"publish","type":"product","link":"https:\/\/www.zannasalud.com\/tienda\/producto\/lampara-de-rayos-infrarojos\/","title":{"rendered":"LAMPARA DE RAYOS INFRAROJOS"},"content":{"rendered":"<div id=\"goog-gt-tt\" class=\"skiptranslate\" dir=\"ltr\">\n<div style=\"padding: 8px;\">Ideal para trat. de lesiones musculo esquel\u00e9ticas, maneja. espasmos, activa del sistema nervioso y mejora la micro-circulaci\u00f3n. Ver anexo catalogo electr\u00f3nico.<\/p>\n<div><\/div>\n<\/div>\n<\/div>\n<div class=\"goog-te-spinner-pos\">\n<div class=\"goog-te-spinner-animation\"><\/div>\n<\/div>\n","protected":false},"excerpt":{"rendered":"<p>NUEVA TECNOLOGIA con materiales de formaci\u00f3n mineral. Incluyen 33 elementos esenciales. I<\/p>\n","protected":false},"featured_media":4507,"template":"","meta":{"_acf_changed":false,"content-type":""},"product_brand":[],"product_cat":[13308,13255,13252,13307],"product_tag":[],"class_list":{"0":"post-30588","1":"product","2":"type-product","3":"status-publish","4":"has-post-thumbnail","6":"product_cat-lamparas","7":"product_cat-marca","8":"product_cat-modalidades","9":"product_cat-terapia-de-frio-calor-compresion","11":"first","12":"onbackorder","13":"taxable","14":"shipping-taxable","15":"purchasable","16":"product-type-simple"},"acf":[],"_links":{"self":[{"href":"https:\/\/www.zannasalud.com\/tienda\/wp-json\/wp\/v2\/product\/30588","targetHints":{"allow":["GET"]}}],"collection":[{"href":"https:\/\/www.zannasalud.com\/tienda\/wp-json\/wp\/v2\/product"}],"about":[{"href":"https:\/\/www.zannasalud.com\/tienda\/wp-json\/wp\/v2\/types\/product"}],"wp:featuredmedia":[{"embeddable":true,"href":"https:\/\/www.zannasalud.com\/tienda\/wp-json\/wp\/v2\/media\/4507"}],"wp:attachment":[{"href":"https:\/\/www.zannasalud.com\/tienda\/wp-json\/wp\/v2\/media?parent=30588"}],"wp:term":[{"taxonomy":"product_brand","embeddable":true,"href":"https:\/\/www.zannasalud.com\/tienda\/wp-json\/wp\/v2\/product_brand?post=30588"},{"taxonomy":"product_cat","embeddable":true,"href":"https:\/\/www.zannasalud.com\/tienda\/wp-json\/wp\/v2\/product_cat?post=30588"},{"taxonomy":"product_tag","embeddable":true,"href":"https:\/\/www.zannasalud.com\/tienda\/wp-json\/wp\/v2\/product_tag?post=30588"}],"curies":[{"name":"wp","href":"https:\/\/api.w.org\/{rel}","templated":true}]}}