{"id":30585,"date":"2020-11-18T20:20:59","date_gmt":"2020-11-18T20:20:59","guid":{"rendered":"https:\/\/silver-louse-480719.hostingersite.com\/tienda\/producto\/piscina-hydro-pysio-life-style\/"},"modified":"2024-04-08T19:03:09","modified_gmt":"2024-04-08T19:03:09","slug":"piscina-hydro-pysio-life-style","status":"publish","type":"product","link":"https:\/\/www.zannasalud.com\/tienda\/producto\/piscina-hydro-pysio-life-style\/","title":{"rendered":"PISCINA HYDRO PYSIO LIFE STYLE"},"content":{"rendered":"<div id=\"goog-gt-tt\" class=\"skiptranslate\" dir=\"ltr\">\n<div style=\"padding: 8px;\">El modelo LIFE STYLE se caracteriza por su caminadora de hidroterapia prima de HYDRO PHYSIO. Los terapeutas establecen altura del agua, su temperatura, velocidad de la trotadora, resistencia de chorros. Las paredes de cristal atraviesan la puerta de apertura hacia el exterior. El modelo de LIFE STYLE incorpora al tratamiento autom\u00e1tico de agua, una iluminaci\u00f3n subacu\u00e1tica y controles de pantalla t\u00e1ctil programables. Incluye Pantalla, Barras paralelas y C\u00e1mara.<\/p>\n<div><\/div>\n<\/div>\n<\/div>\n<div class=\"goog-te-spinner-pos\">\n<div class=\"goog-te-spinner-animation\"><\/div>\n<\/div>\n","protected":false},"excerpt":{"rendered":"<p>Es lo ultimo en productos de la terapia acu\u00e1tica. Utilizados en todo el mundo en los principales hospitales, centros de terapia e institutos deportivos.<\/p>\n","protected":false},"featured_media":6815,"template":"","meta":{"_acf_changed":false,"content-type":""},"product_brand":[],"product_cat":[13299,13255,13303,13252,13302],"product_tag":[12520],"class_list":{"0":"post-30585","1":"product","2":"type-product","3":"status-publish","4":"has-post-thumbnail","6":"product_cat-hydroterapia","7":"product_cat-marca","8":"product_cat-hydro-physio","9":"product_cat-modalidades","10":"product_cat-piscinas-portatiles-de-ultima-generacion","11":"product_tag-hydro-pysio","13":"first","14":"onbackorder","15":"taxable","16":"shipping-taxable","17":"purchasable","18":"product-type-simple"},"acf":[],"_links":{"self":[{"href":"https:\/\/www.zannasalud.com\/tienda\/wp-json\/wp\/v2\/product\/30585","targetHints":{"allow":["GET"]}}],"collection":[{"href":"https:\/\/www.zannasalud.com\/tienda\/wp-json\/wp\/v2\/product"}],"about":[{"href":"https:\/\/www.zannasalud.com\/tienda\/wp-json\/wp\/v2\/types\/product"}],"wp:featuredmedia":[{"embeddable":true,"href":"https:\/\/www.zannasalud.com\/tienda\/wp-json\/wp\/v2\/media\/6815"}],"wp:attachment":[{"href":"https:\/\/www.zannasalud.com\/tienda\/wp-json\/wp\/v2\/media?parent=30585"}],"wp:term":[{"taxonomy":"product_brand","embeddable":true,"href":"https:\/\/www.zannasalud.com\/tienda\/wp-json\/wp\/v2\/product_brand?post=30585"},{"taxonomy":"product_cat","embeddable":true,"href":"https:\/\/www.zannasalud.com\/tienda\/wp-json\/wp\/v2\/product_cat?post=30585"},{"taxonomy":"product_tag","embeddable":true,"href":"https:\/\/www.zannasalud.com\/tienda\/wp-json\/wp\/v2\/product_tag?post=30585"}],"curies":[{"name":"wp","href":"https:\/\/api.w.org\/{rel}","templated":true}]}}