{"id":30582,"date":"2020-11-18T20:20:59","date_gmt":"2020-11-18T20:20:59","guid":{"rendered":"https:\/\/silver-louse-480719.hostingersite.com\/tienda\/producto\/piscina-hydro-pysio-wellbeing-2\/"},"modified":"2024-04-08T19:03:08","modified_gmt":"2024-04-08T19:03:08","slug":"piscina-hydro-pysio-wellbeing-2","status":"publish","type":"product","link":"https:\/\/www.zannasalud.com\/tienda\/producto\/piscina-hydro-pysio-wellbeing-2\/","title":{"rendered":"PISCINA HYDRO PYSIO WELLBEING"},"content":{"rendered":"<div id=\"goog-gt-tt\" class=\"skiptranslate\" dir=\"ltr\">\n<div style=\"padding: 8px;\">Las piscinas WELLBEING acomodan de tres a 5 personas. Pueden adaptarse para proporcionar iluminaci\u00f3n subacu\u00e1tica con chorros de masaje y cortinas de burbujas. El sistema de la piscina es portable y requiere adaptaci\u00f3n al suelo. Fabricado con materiales de acero inoxidable de alta calidad y seguridad m\u00e9dica y con lados curvos de vidrio, ofreciendo una visi\u00f3n panor\u00e1mica que promueve un \u00fanico tratamiento terap\u00e9utico. La temperatura del agua se puede ajustar para diferentes aplicaciones de terapia. Capacidad para 2 personas.<\/p>\n<div><\/div>\n<\/div>\n<\/div>\n<div class=\"goog-te-spinner-pos\">\n<div class=\"goog-te-spinner-animation\"><\/div>\n<\/div>\n","protected":false},"excerpt":{"rendered":"<p>WELLBEING ES UN SISTEMA de piscina auto funcional. Con asiento y espacio suficiente para flotar.<\/p>\n","protected":false},"featured_media":6810,"template":"","meta":{"_acf_changed":false,"content-type":""},"product_brand":[],"product_cat":[13299,13255,13303,13252,13302],"product_tag":[12520],"class_list":{"0":"post-30582","1":"product","2":"type-product","3":"status-publish","4":"has-post-thumbnail","6":"product_cat-hydroterapia","7":"product_cat-marca","8":"product_cat-hydro-physio","9":"product_cat-modalidades","10":"product_cat-piscinas-portatiles-de-ultima-generacion","11":"product_tag-hydro-pysio","13":"first","14":"onbackorder","15":"taxable","16":"shipping-taxable","17":"purchasable","18":"product-type-simple"},"acf":[],"_links":{"self":[{"href":"https:\/\/www.zannasalud.com\/tienda\/wp-json\/wp\/v2\/product\/30582","targetHints":{"allow":["GET"]}}],"collection":[{"href":"https:\/\/www.zannasalud.com\/tienda\/wp-json\/wp\/v2\/product"}],"about":[{"href":"https:\/\/www.zannasalud.com\/tienda\/wp-json\/wp\/v2\/types\/product"}],"wp:featuredmedia":[{"embeddable":true,"href":"https:\/\/www.zannasalud.com\/tienda\/wp-json\/wp\/v2\/media\/6810"}],"wp:attachment":[{"href":"https:\/\/www.zannasalud.com\/tienda\/wp-json\/wp\/v2\/media?parent=30582"}],"wp:term":[{"taxonomy":"product_brand","embeddable":true,"href":"https:\/\/www.zannasalud.com\/tienda\/wp-json\/wp\/v2\/product_brand?post=30582"},{"taxonomy":"product_cat","embeddable":true,"href":"https:\/\/www.zannasalud.com\/tienda\/wp-json\/wp\/v2\/product_cat?post=30582"},{"taxonomy":"product_tag","embeddable":true,"href":"https:\/\/www.zannasalud.com\/tienda\/wp-json\/wp\/v2\/product_tag?post=30582"}],"curies":[{"name":"wp","href":"https:\/\/api.w.org\/{rel}","templated":true}]}}