{"id":30578,"date":"2020-11-18T20:20:59","date_gmt":"2020-11-18T20:20:59","guid":{"rendered":"https:\/\/silver-louse-480719.hostingersite.com\/tienda\/producto\/piscina-hydro-pysio-focus-treadmill\/"},"modified":"2025-04-04T14:30:35","modified_gmt":"2025-04-04T14:30:35","slug":"piscina-hydro-pysio-focus-treadmill","status":"publish","type":"product","link":"https:\/\/www.zannasalud.com\/tienda\/producto\/piscina-hydro-pysio-focus-treadmill\/","title":{"rendered":"PISCINA HYDRO PHYSIO FOCUS TREADMILL"},"content":{"rendered":"<p>Lo \u00faltimo en deporte y bienestar viene ahora de la mano de Hydro Physio. Un invento que combina la carrera en cinta con el deporte en el agua. Incorpora un panel de control con una gran pantalla t\u00e1ctil, desde la que podemos controlar, entre otras funciones, el grado de resistencia y el tipo de ejercicios que queremos realizar. Al movernos bajo el agua, se consiguen varias ventajas. Una es que las articulaciones se van a resentir menos, ya que no tienen que soportar golpes tan fuertes como si se practicase la carrera en una cinta convencional. Por otro lado, el agua act\u00faa como un elemento termoregulador que hace que la temperatura del cuerpo no suba tanto y retrasa la aparici\u00f3n de la fatiga.Hydro Physio se puede utilizar para realizar ejercicios cardiovasculares, combatir la obesidad, prevenir accidentes cerebrovasculares y tambi\u00e9n para la prevenci\u00f3n de la artritis.  Adem\u00e1s, gracias a que va montado sobre una plataforma con ruedas, se puede mover de un lugar a otro sin problemas. Tambi\u00e9n hay disponible una rampa para el acceso con sillas de ruedas. Estos equipos se encuentran repartidos por cl\u00ednicas de Europa, Am\u00e9rica y \u00c1frica.   Jets de resistencia. Barras paralelas, Inclinaci\u00f3n<\/p>\n","protected":false},"excerpt":{"rendered":"<p>De todos es sabido que el deporte acu\u00e1tico, como la nataci\u00f3n o el aerobic en piscina, es uno de los m\u00e1s completos.<\/p>\n","protected":false},"featured_media":6806,"template":"","meta":{"_acf_changed":false,"content-type":""},"product_brand":[],"product_cat":[13299,13255,13303,13252,13302],"product_tag":[12520],"class_list":{"0":"post-30578","1":"product","2":"type-product","3":"status-publish","4":"has-post-thumbnail","6":"product_cat-hydroterapia","7":"product_cat-marca","8":"product_cat-hydro-physio","9":"product_cat-modalidades","10":"product_cat-piscinas-portatiles-de-ultima-generacion","11":"product_tag-hydro-pysio","13":"first","14":"onbackorder","15":"taxable","16":"shipping-taxable","17":"purchasable","18":"product-type-simple"},"acf":[],"_links":{"self":[{"href":"https:\/\/www.zannasalud.com\/tienda\/wp-json\/wp\/v2\/product\/30578","targetHints":{"allow":["GET"]}}],"collection":[{"href":"https:\/\/www.zannasalud.com\/tienda\/wp-json\/wp\/v2\/product"}],"about":[{"href":"https:\/\/www.zannasalud.com\/tienda\/wp-json\/wp\/v2\/types\/product"}],"wp:featuredmedia":[{"embeddable":true,"href":"https:\/\/www.zannasalud.com\/tienda\/wp-json\/wp\/v2\/media\/6806"}],"wp:attachment":[{"href":"https:\/\/www.zannasalud.com\/tienda\/wp-json\/wp\/v2\/media?parent=30578"}],"wp:term":[{"taxonomy":"product_brand","embeddable":true,"href":"https:\/\/www.zannasalud.com\/tienda\/wp-json\/wp\/v2\/product_brand?post=30578"},{"taxonomy":"product_cat","embeddable":true,"href":"https:\/\/www.zannasalud.com\/tienda\/wp-json\/wp\/v2\/product_cat?post=30578"},{"taxonomy":"product_tag","embeddable":true,"href":"https:\/\/www.zannasalud.com\/tienda\/wp-json\/wp\/v2\/product_tag?post=30578"}],"curies":[{"name":"wp","href":"https:\/\/api.w.org\/{rel}","templated":true}]}}