{"id":30576,"date":"2020-11-18T20:20:51","date_gmt":"2020-11-18T20:20:51","guid":{"rendered":"https:\/\/silver-louse-480719.hostingersite.com\/tienda\/producto\/tanque-de-hidroterapia-hubbard-tank-butterfly-shaped-tub-with-filling-system-t-mot\/"},"modified":"2025-04-17T02:48:52","modified_gmt":"2025-04-17T02:48:52","slug":"tanque-de-hidroterapia-hubbard-tank-butterfly-shaped-tub-with-filling-system-t-mot","status":"publish","type":"product","link":"https:\/\/www.zannasalud.com\/tienda\/producto\/tanque-de-hidroterapia-hubbard-tank-butterfly-shaped-tub-with-filling-system-t-mot\/","title":{"rendered":"TANQUE DE HIDROTERAPIA HUBBARD TANK (BUTTERFLY SHAPED TUB) WITH FILLING SYSTEM. T-MOT"},"content":{"rendered":"<div id=\"goog-gt-tt\" class=\"skiptranslate\" dir=\"ltr\">\n<div style=\"padding: 8px;\">El tanque Hubbard, tambi\u00e9n conocido como \u00bb butterfly tub \u00ab, se ha utilizado durante muchos a\u00f1os para permitir que pacientes que requieren cuidados especiales y atenci\u00f3n individualizada por parte de terapeutas realicen ejercicios en un entorno acu\u00e1tico, bajo estricta supervisi\u00f3n. Su tama\u00f1o grande permite movimientos libres al paciente. Fabricado en pl\u00e1stico reforzado con fibra de vidrio (GFK), garantiza a\u00f1os de funcionamiento sin problemas y reduce el riesgo de da\u00f1os en la ba\u00f1era. Dependiendo de la versi\u00f3n del tanque Hubbard, puede estar equipado, entre otros, con un sistema de masaje subacu\u00e1tico (T-MOT UWM) y un skimmer, un dispositivo especial que facilita el reciclaje del agua del ba\u00f1o (conexi\u00f3n a la estaci\u00f3n de tratamiento).<\/p>\n<p>Volumen: 1100 litros<br \/>\nLongitud: 2450 mm<br \/>\nAncho: 2000 mm<br \/>\nAltura: 900 mm<\/p>\n<p>Caracter\u00edsticas t\u00e9cnicas:<br \/>\n\u2022 8 asas dentro de la ba\u00f1era para seguridad y comodidad del paciente<br \/>\n\u2022 Soporte para la cabeza<br \/>\n\u2022 Ducha manual<br \/>\n\u2022 Manguera para masaje subacu\u00e1tico con 3 boquillas intercambiables (opcional)<br \/>\n\u2022 Modernizaci\u00f3n extensiva<\/p>\n<p>T-MOT :<\/p>\n<p>? Sistema de llenado de agua<br \/>\n? Ducha manual<br \/>\n(opci\u00f3n) Manguera para masaje subacu\u00e1tico con 3 boquillas intercambiables<br \/>\n? Jets para masaje subacu\u00e1tico (8 jets)<br \/>\n? Jets para masaje subacu\u00e1tico (4 jets)<br \/>\n(opci\u00f3n) Sistema de desinfecci\u00f3n qu\u00edmica<br \/>\n(opci\u00f3n) Skimmer para reciclaje de agua<br \/>\n(opci\u00f3n) Sistema de ba\u00f1o de perlas<br \/>\n(opci\u00f3n) Sistema de mantenimiento de temperatura del agua<br \/>\n? Protecci\u00f3n de la bomba contra el \u00abtrabajo en seco\u00bb<br \/>\n? Escalera para facilitar el acceso a la ba\u00f1era<\/p>\n<div><\/div>\n<\/div>\n<\/div>\n<div class=\"goog-te-spinner-pos\">\n<div class=\"goog-te-spinner-animation\"><\/div>\n<\/div>\n","protected":false},"excerpt":{"rendered":"<p>TanqueHubbard para terapia acu\u00e1tica con sistema avanzado de masaje<\/p>\n","protected":false},"featured_media":4364,"template":"","meta":{"_acf_changed":false,"content-type":""},"product_brand":[],"product_cat":[13299,13255,13301,13252,13300],"product_tag":[14095,14092,14096,14097,14089,14090,14091,11803,14093,14094],"class_list":{"0":"post-30576","1":"product","2":"type-product","3":"status-publish","4":"has-post-thumbnail","6":"product_cat-hydroterapia","7":"product_cat-marca","8":"product_cat-technomex","9":"product_cat-modalidades","10":"product_cat-tanques-y-baneras","11":"product_tag-01-501-027-technomex","12":"product_tag-banera-mariposa","13":"product_tag-banera-para-ejercicio-acuatico","14":"product_tag-baneta-technomex","15":"product_tag-butterfly-tub-t-mot","16":"product_tag-t-mot-technomex","17":"product_tag-tanque-hubbard","18":"product_tag-technomex","19":"product_tag-terapia-acuatica","20":"product_tag-za01-501-027","22":"first","23":"onbackorder","24":"taxable","25":"shipping-taxable","26":"purchasable","27":"product-type-simple"},"acf":[],"_links":{"self":[{"href":"https:\/\/www.zannasalud.com\/tienda\/wp-json\/wp\/v2\/product\/30576","targetHints":{"allow":["GET"]}}],"collection":[{"href":"https:\/\/www.zannasalud.com\/tienda\/wp-json\/wp\/v2\/product"}],"about":[{"href":"https:\/\/www.zannasalud.com\/tienda\/wp-json\/wp\/v2\/types\/product"}],"wp:featuredmedia":[{"embeddable":true,"href":"https:\/\/www.zannasalud.com\/tienda\/wp-json\/wp\/v2\/media\/4364"}],"wp:attachment":[{"href":"https:\/\/www.zannasalud.com\/tienda\/wp-json\/wp\/v2\/media?parent=30576"}],"wp:term":[{"taxonomy":"product_brand","embeddable":true,"href":"https:\/\/www.zannasalud.com\/tienda\/wp-json\/wp\/v2\/product_brand?post=30576"},{"taxonomy":"product_cat","embeddable":true,"href":"https:\/\/www.zannasalud.com\/tienda\/wp-json\/wp\/v2\/product_cat?post=30576"},{"taxonomy":"product_tag","embeddable":true,"href":"https:\/\/www.zannasalud.com\/tienda\/wp-json\/wp\/v2\/product_tag?post=30576"}],"curies":[{"name":"wp","href":"https:\/\/api.w.org\/{rel}","templated":true}]}}