{"id":30574,"date":"2020-11-18T20:20:51","date_gmt":"2020-11-18T20:20:51","guid":{"rendered":"https:\/\/silver-louse-480719.hostingersite.com\/tienda\/producto\/tanque-de-hidroterapia-underwater-massage-tub-full-body-whirlpools-automatic-mode-tmp-uwm-automat\/"},"modified":"2025-04-17T02:44:53","modified_gmt":"2025-04-17T02:44:53","slug":"tanque-de-hidroterapia-underwater-massage-tub-full-body-whirlpools-automatic-mode-tmp-uwm-automat","status":"publish","type":"product","link":"https:\/\/www.zannasalud.com\/tienda\/producto\/tanque-de-hidroterapia-underwater-massage-tub-full-body-whirlpools-automatic-mode-tmp-uwm-automat\/","title":{"rendered":"TANQUE DE HIDROTERAPIA UNDERWATER MASSAGE TUB (FULL BODY WHIRLPOOLS) \u2013 AUTOMATIC MODE. TMP-UWM AUTOMAT"},"content":{"rendered":"<div id=\"goog-gt-tt\" class=\"skiptranslate\" dir=\"ltr\">\n<div style=\"padding: 8px;\">Esta ba\u00f1era est\u00e1 dise\u00f1ada para realizar un tratamiento autom\u00e1tico de masaje submarino. No requiere la presencia constante del terapeuta cerca de la unidad. El masaje se realiza utilizando un sistema de 28 jets divididos en 5 secciones. Gracias al panel de control electr\u00f3nico, el masaje se puede realizar en una direcci\u00f3n espec\u00edfica simulando el masaje manual y las secciones individuales pueden programarse de forma independiente.<\/p>\n<p>Volumen: 250 litros<br \/>\nLongitud: 2800 mm<br \/>\nAncho: 840 mm<br \/>\nAltura: 740 mm<\/p>\n<p>Caracter\u00edsticas t\u00e9cnicas:<br \/>\n\u2022 Masaje submarino autom\u00e1tico: 28 jets (5 secciones: pies, tobillos, rodillas, caderas y columna vertebral)<br \/>\n\u2022 Capacidad total de 250 litros (nivel de trabajo 190 litros)<br \/>\n\u2022 Taz\u00f3n de la ba\u00f1era con forma anat\u00f3mica<br \/>\n\u2022 Sistema autom\u00e1tico de llenado<br \/>\n\u2022 Bomba de alta calidad que proporciona suficiente presi\u00f3n de agua durante el tratamiento<\/p>\n<p>? Masaje submarino autom\u00e1tico: 28 jets (5 secciones: pies, tobillos, rodillas, caderas y columna vertebral)<br \/>\n? Sistema de ba\u00f1o de perlas: 14 x 5 jets<br \/>\n(opci\u00f3n) Sistema de desinfecci\u00f3n qu\u00edmica<br \/>\n(opci\u00f3n) Sistema de cromoterapia<br \/>\n(opci\u00f3n) Sistema de mantenimiento de temperatura\/calentamiento del agua en la ba\u00f1era<br \/>\n? Ducha manual<br \/>\n? Panel de control t\u00e1ctil<br \/>\n? Sistema autom\u00e1tico de llenado<br \/>\n? Ajuste autom\u00e1tico del nivel de agua requerido<br \/>\n? Drenaje autom\u00e1tico controlado electr\u00f3nicamente del agua<br \/>\n? Apagado autom\u00e1tico despu\u00e9s del tiempo de tratamiento<br \/>\n? Protecci\u00f3n de la bomba contra \u00abtrabajo en seco\u00bb<br \/>\n? Protecci\u00f3n contra fallos y cambio de secuencia de fases<br \/>\n? Protecci\u00f3n contra sobrecargas<br \/>\n? L\u00edquido limpiador (11)<br \/>\n(opci\u00f3n) Sistema de aromaterapia<\/p>\n<div><\/div>\n<\/div>\n<\/div>\n<div class=\"goog-te-spinner-pos\">\n<div class=\"goog-te-spinner-animation\"><\/div>\n<\/div>\n","protected":false},"excerpt":{"rendered":"<p>Ba\u00f1era autom\u00e1tica T-MP UWM con 28 jets de masaje.<\/p>\n","protected":false},"featured_media":3967,"template":"","meta":{"_acf_changed":false,"content-type":""},"product_brand":[],"product_cat":[13299,13255,13301,13252,13300],"product_tag":[14084,14088,14085,14086,14087,14081,14082,11803,14083],"class_list":{"0":"post-30574","1":"product","2":"type-product","3":"status-publish","4":"has-post-thumbnail","6":"product_cat-hydroterapia","7":"product_cat-marca","8":"product_cat-technomex","9":"product_cat-modalidades","10":"product_cat-tanques-y-baneras","11":"product_tag-01-501-002-technomex","12":"product_tag-banera-automatica","13":"product_tag-banera-automatica-t-mp-uwm-para-masaje","14":"product_tag-banera-terapeutica-automatica-t-mp-uwm","15":"product_tag-panel-de-control-tactil-en-banera-t-mp-uwm","16":"product_tag-t-mp-uwm-automat","17":"product_tag-t-mp-uwm-automat-technomex","18":"product_tag-technomex","19":"product_tag-za01-501-002","21":"first","22":"onbackorder","23":"taxable","24":"shipping-taxable","25":"purchasable","26":"product-type-simple"},"acf":[],"_links":{"self":[{"href":"https:\/\/www.zannasalud.com\/tienda\/wp-json\/wp\/v2\/product\/30574","targetHints":{"allow":["GET"]}}],"collection":[{"href":"https:\/\/www.zannasalud.com\/tienda\/wp-json\/wp\/v2\/product"}],"about":[{"href":"https:\/\/www.zannasalud.com\/tienda\/wp-json\/wp\/v2\/types\/product"}],"wp:featuredmedia":[{"embeddable":true,"href":"https:\/\/www.zannasalud.com\/tienda\/wp-json\/wp\/v2\/media\/3967"}],"wp:attachment":[{"href":"https:\/\/www.zannasalud.com\/tienda\/wp-json\/wp\/v2\/media?parent=30574"}],"wp:term":[{"taxonomy":"product_brand","embeddable":true,"href":"https:\/\/www.zannasalud.com\/tienda\/wp-json\/wp\/v2\/product_brand?post=30574"},{"taxonomy":"product_cat","embeddable":true,"href":"https:\/\/www.zannasalud.com\/tienda\/wp-json\/wp\/v2\/product_cat?post=30574"},{"taxonomy":"product_tag","embeddable":true,"href":"https:\/\/www.zannasalud.com\/tienda\/wp-json\/wp\/v2\/product_tag?post=30574"}],"curies":[{"name":"wp","href":"https:\/\/api.w.org\/{rel}","templated":true}]}}