{"id":30573,"date":"2020-11-18T20:20:51","date_gmt":"2020-11-18T20:20:51","guid":{"rendered":"https:\/\/silver-louse-480719.hostingersite.com\/tienda\/producto\/tanque-de-hidroterapia-electrotherapeutic-bath-tub-full-body-whirlpools-std-or-small-versions-t-uwm-e-std-small\/"},"modified":"2024-04-08T19:03:08","modified_gmt":"2024-04-08T19:03:08","slug":"tanque-de-hidroterapia-electrotherapeutic-bath-tub-full-body-whirlpools-std-or-small-versions-t-uwm-e-std-small","status":"publish","type":"product","link":"https:\/\/www.zannasalud.com\/tienda\/producto\/tanque-de-hidroterapia-electrotherapeutic-bath-tub-full-body-whirlpools-std-or-small-versions-t-uwm-e-std-small\/","title":{"rendered":"TANQUE DE HIDROTERAPIA ELECTROTHERAPEUTIC BATH TUB (FULL BODY WHIRLPOOLS), STD OR SMALL VERSIONS. T-UWM\/E. STD\/SMALL"},"content":{"rendered":"<div id=\"goog-gt-tt\" class=\"skiptranslate\" dir=\"ltr\">\n<div style=\"padding: 8px;\">\u2022 Tratamiento de electro-terapia. \u2022 Masaje subacu\u00e1tico. El terapeuta puede establecer la polaridad de cada uno de los 9 electrodos instalados en las paredes de la tina y seleccionar entre los tipos de corriente galv\u00e1nica, din\u00e1mica y far\u00e1dica. Todos los par\u00e1metros son fijados en paneles electr\u00f3nicos de f\u00e1cil manejo. GARANTIA 2 A\u00d1OS<\/p>\n<div><\/div>\n<\/div>\n<\/div>\n<div class=\"goog-te-spinner-pos\">\n<div class=\"goog-te-spinner-animation\"><\/div>\n<\/div>\n","protected":false},"excerpt":{"rendered":"<p>La Ba\u00f1era electroterap\u00e9utica permite brindar dos tipos diferentes de tratamiento en un ambiente acu\u00e1tico:<\/p>\n","protected":false},"featured_media":3970,"template":"","meta":{"_acf_changed":false,"content-type":""},"product_brand":[],"product_cat":[13299,13255,13301,13252,13300],"product_tag":[11803],"class_list":{"0":"post-30573","1":"product","2":"type-product","3":"status-publish","4":"has-post-thumbnail","6":"product_cat-hydroterapia","7":"product_cat-marca","8":"product_cat-technomex","9":"product_cat-modalidades","10":"product_cat-tanques-y-baneras","11":"product_tag-technomex","13":"first","14":"onbackorder","15":"taxable","16":"shipping-taxable","17":"purchasable","18":"product-type-simple"},"acf":[],"_links":{"self":[{"href":"https:\/\/www.zannasalud.com\/tienda\/wp-json\/wp\/v2\/product\/30573","targetHints":{"allow":["GET"]}}],"collection":[{"href":"https:\/\/www.zannasalud.com\/tienda\/wp-json\/wp\/v2\/product"}],"about":[{"href":"https:\/\/www.zannasalud.com\/tienda\/wp-json\/wp\/v2\/types\/product"}],"wp:featuredmedia":[{"embeddable":true,"href":"https:\/\/www.zannasalud.com\/tienda\/wp-json\/wp\/v2\/media\/3970"}],"wp:attachment":[{"href":"https:\/\/www.zannasalud.com\/tienda\/wp-json\/wp\/v2\/media?parent=30573"}],"wp:term":[{"taxonomy":"product_brand","embeddable":true,"href":"https:\/\/www.zannasalud.com\/tienda\/wp-json\/wp\/v2\/product_brand?post=30573"},{"taxonomy":"product_cat","embeddable":true,"href":"https:\/\/www.zannasalud.com\/tienda\/wp-json\/wp\/v2\/product_cat?post=30573"},{"taxonomy":"product_tag","embeddable":true,"href":"https:\/\/www.zannasalud.com\/tienda\/wp-json\/wp\/v2\/product_tag?post=30573"}],"curies":[{"name":"wp","href":"https:\/\/api.w.org\/{rel}","templated":true}]}}