{"id":30572,"date":"2020-11-18T20:20:51","date_gmt":"2020-11-18T20:20:51","guid":{"rendered":"https:\/\/silver-louse-480719.hostingersite.com\/tienda\/producto\/tanque-de-hidroterapia-underwater-massage-tub-full-body-whirlpools-std-or-small-versions-t-uwm-std-small\/"},"modified":"2024-04-08T19:03:08","modified_gmt":"2024-04-08T19:03:08","slug":"tanque-de-hidroterapia-underwater-massage-tub-full-body-whirlpools-std-or-small-versions-t-uwm-std-small","status":"publish","type":"product","link":"https:\/\/www.zannasalud.com\/tienda\/producto\/tanque-de-hidroterapia-underwater-massage-tub-full-body-whirlpools-std-or-small-versions-t-uwm-std-small\/","title":{"rendered":"TANQUE DE HIDROTERAPIA UNDERWATER MASSAGE TUB (FULL BODY WHIRLPOOLS), STD OR SMALL VERSIONS. T-UWM. STD\/SMALL"},"content":{"rendered":"<div id=\"goog-gt-tt\" class=\"skiptranslate\" dir=\"ltr\">\n<div style=\"padding: 8px;\">Al combinar la funci\u00f3n de flotaci\u00f3n con la regulaci\u00f3n \u00f3ptima de la temperatura del agua, la tina ayuda al paciente a relajarse, permitiendo la ejecuci\u00f3n de un tratamiento m\u00e1s efectivo. GARANTIA 2 A\u00d1OS<\/p>\n<div><\/div>\n<\/div>\n<\/div>\n<div class=\"goog-te-spinner-pos\">\n<div class=\"goog-te-spinner-animation\"><\/div>\n<\/div>\n","protected":false},"excerpt":{"rendered":"<p>Esta tina de masaje subacu\u00e1tico permite la ejecuci\u00f3n bajo el agua de una forma cl\u00e1sica de masaje.<\/p>\n","protected":false},"featured_media":3970,"template":"","meta":{"_acf_changed":false,"content-type":""},"product_brand":[],"product_cat":[13299,13255,13301,13252,13300],"product_tag":[11803],"class_list":{"0":"post-30572","1":"product","2":"type-product","3":"status-publish","4":"has-post-thumbnail","6":"product_cat-hydroterapia","7":"product_cat-marca","8":"product_cat-technomex","9":"product_cat-modalidades","10":"product_cat-tanques-y-baneras","11":"product_tag-technomex","13":"first","14":"onbackorder","15":"taxable","16":"shipping-taxable","17":"purchasable","18":"product-type-simple"},"acf":[],"_links":{"self":[{"href":"https:\/\/www.zannasalud.com\/tienda\/wp-json\/wp\/v2\/product\/30572","targetHints":{"allow":["GET"]}}],"collection":[{"href":"https:\/\/www.zannasalud.com\/tienda\/wp-json\/wp\/v2\/product"}],"about":[{"href":"https:\/\/www.zannasalud.com\/tienda\/wp-json\/wp\/v2\/types\/product"}],"wp:featuredmedia":[{"embeddable":true,"href":"https:\/\/www.zannasalud.com\/tienda\/wp-json\/wp\/v2\/media\/3970"}],"wp:attachment":[{"href":"https:\/\/www.zannasalud.com\/tienda\/wp-json\/wp\/v2\/media?parent=30572"}],"wp:term":[{"taxonomy":"product_brand","embeddable":true,"href":"https:\/\/www.zannasalud.com\/tienda\/wp-json\/wp\/v2\/product_brand?post=30572"},{"taxonomy":"product_cat","embeddable":true,"href":"https:\/\/www.zannasalud.com\/tienda\/wp-json\/wp\/v2\/product_cat?post=30572"},{"taxonomy":"product_tag","embeddable":true,"href":"https:\/\/www.zannasalud.com\/tienda\/wp-json\/wp\/v2\/product_tag?post=30572"}],"curies":[{"name":"wp","href":"https:\/\/api.w.org\/{rel}","templated":true}]}}