{"id":30571,"date":"2020-11-18T20:20:51","date_gmt":"2020-11-18T20:20:51","guid":{"rendered":"https:\/\/silver-louse-480719.hostingersite.com\/tienda\/producto\/tanque-de-hidroterapia-multifunctional-hydrotherapy-tub-magellan-basic\/"},"modified":"2024-04-08T19:03:08","modified_gmt":"2024-04-08T19:03:08","slug":"tanque-de-hidroterapia-multifunctional-hydrotherapy-tub-magellan-basic","status":"publish","type":"product","link":"https:\/\/www.zannasalud.com\/tienda\/producto\/tanque-de-hidroterapia-multifunctional-hydrotherapy-tub-magellan-basic\/","title":{"rendered":"TANQUE DE HIDROTERAPIA MULTIFUNCTIONAL HYDROTHERAPY TUB. MAGELLAN BASIC"},"content":{"rendered":"<div id=\"goog-gt-tt\" class=\"skiptranslate\" dir=\"ltr\">\n<div style=\"padding: 8px;\">Cuenta con un panel de control electr\u00f3nico y una configuraci\u00f3n especial de 34 jets (5 secciones: pies, tobillos, rodillas, caderas y espina) para la programaci\u00f3n de sesiones individuales de trabajo. Adem\u00e1s, el usuario puede prescindir de secciones que no quiera utilizar durante el tratamiento. La tina multifuncional de hidroterapia Magellan est\u00e1 equipada con un panel electr\u00f3nico para la programaci\u00f3n del tiempo total del tratamiento y del tiempo de sesiones particulares de trabajo; se desconecta de forma autom\u00e1tica una vez concluido el tratamiento y permite guardar 20 programas individuales. GARANTIA 2 A\u00d1OS.<\/p>\n<div><\/div>\n<\/div>\n<\/div>\n<div class=\"goog-te-spinner-pos\">\n<div class=\"goog-te-spinner-animation\"><\/div>\n<\/div>\n","protected":false},"excerpt":{"rendered":"<p>La tina multifuncional de hidroterapia es empleada en el masaje subacu\u00e1tico autom\u00e1tico, ba\u00f1o de perla y cromoterapia.<\/p>\n","protected":false},"featured_media":6799,"template":"","meta":{"_acf_changed":false,"content-type":""},"product_brand":[],"product_cat":[13299,13255,13301,13252,13300],"product_tag":[11803],"class_list":{"0":"post-30571","1":"product","2":"type-product","3":"status-publish","4":"has-post-thumbnail","6":"product_cat-hydroterapia","7":"product_cat-marca","8":"product_cat-technomex","9":"product_cat-modalidades","10":"product_cat-tanques-y-baneras","11":"product_tag-technomex","13":"first","14":"onbackorder","15":"taxable","16":"shipping-taxable","17":"purchasable","18":"product-type-simple"},"acf":[],"_links":{"self":[{"href":"https:\/\/www.zannasalud.com\/tienda\/wp-json\/wp\/v2\/product\/30571","targetHints":{"allow":["GET"]}}],"collection":[{"href":"https:\/\/www.zannasalud.com\/tienda\/wp-json\/wp\/v2\/product"}],"about":[{"href":"https:\/\/www.zannasalud.com\/tienda\/wp-json\/wp\/v2\/types\/product"}],"wp:featuredmedia":[{"embeddable":true,"href":"https:\/\/www.zannasalud.com\/tienda\/wp-json\/wp\/v2\/media\/6799"}],"wp:attachment":[{"href":"https:\/\/www.zannasalud.com\/tienda\/wp-json\/wp\/v2\/media?parent=30571"}],"wp:term":[{"taxonomy":"product_brand","embeddable":true,"href":"https:\/\/www.zannasalud.com\/tienda\/wp-json\/wp\/v2\/product_brand?post=30571"},{"taxonomy":"product_cat","embeddable":true,"href":"https:\/\/www.zannasalud.com\/tienda\/wp-json\/wp\/v2\/product_cat?post=30571"},{"taxonomy":"product_tag","embeddable":true,"href":"https:\/\/www.zannasalud.com\/tienda\/wp-json\/wp\/v2\/product_tag?post=30571"}],"curies":[{"name":"wp","href":"https:\/\/api.w.org\/{rel}","templated":true}]}}