{"id":30568,"date":"2020-11-18T20:20:51","date_gmt":"2020-11-18T20:20:51","guid":{"rendered":"https:\/\/silver-louse-480719.hostingersite.com\/tienda\/producto\/equipo-estim-audiovisual-david-delight-pro\/"},"modified":"2025-04-04T16:50:50","modified_gmt":"2025-04-04T16:50:50","slug":"equipo-estim-audiovisual-david-delight-pro","status":"publish","type":"product","link":"https:\/\/www.zannasalud.com\/tienda\/producto\/equipo-estim-audiovisual-david-delight-pro\/","title":{"rendered":"EQUIPO ESTIM AUDIOVISUAL DAVID DELIGHT PRO"},"content":{"rendered":"<div id=\"goog-gt-tt\" class=\"skiptranslate\" dir=\"ltr\">\n<div style=\"padding: 8px;\">No invasivo. Unidad segura y efectiva para lograr estados de conciencia y de alto funcionamiento cerebral. El PRO un equipo combinado que ofrece en un solo aparato las funciones de sincronizaci\u00f3n del David Delight Plus y un equipo de Cr\u00e1neo Estimulaci\u00f3n (CES) mediante microcorrientes el\u00e9ctricas. Este equipo es muy sofisticado pero muy f\u00e1cil de usar. Este equipo adem\u00e1s permite mediante un software (ver pantalla a la derecha) que se vende aparte programar el equipo y realizar sus propias sesiones combinando los presets y modificando los tonos, permite inclusive borrar todos los programas y dejar solo uno de forma que el equipo pueda ser usado por personas enfermas o ancianos. La funci\u00f3n CES incluye la frecuencia de 100 Hz que se ha mostrado muy efectiva en la mejora de los s\u00edntomas de diversas dolencias. Esta frecuencia CES esta reconocida incluso por el FDA (Food and Drug Administration) americano para usos terap\u00e9uticos. Las investigaciones y estudios llevadas a cabo en los pasados treinta a\u00f1os han demostrado que la Cr\u00e1neo Estimulaci\u00f3n (CES) reduce la ansiedad y mejora los procesos mentales especialmente recuperando pacientes con adicci\u00f3n a las drogas y al alcohol. Lea mas sobre las aplicaciones de Cr\u00e1neo Estimulaci\u00f3n (CES) haciendo click aqu\u00ed. En definitiva este equipo por su amplio rango de prestaciones es adecuado tanto para el uso en un entorno familar como para gabinetes o cl\u00ednicas, de medicina general, dentistas, psic\u00f3logos y psiquiatras&#8230;  Los programas o sesiones han sido probados a conciencia y se han dise\u00f1ado bas\u00e1ndose en los mas recientes investigaciones y descubrimientos, para asegurar los resultados mas efectivos. Los programas del DAVID DELIGHT PLUS se basan en estudios de investigaci\u00f3n que incluyen s\u00edndromes como el desorden estacional y afectivo, la reducci\u00f3n del insomnio, mejora del estr\u00e9s, mejora del estado de \u00e1nimo, agudeza mental y equilibrio sensorial en personas mayores, mejora en la confianza y concentraci\u00f3n y memoria en los estudios. Los programas incluyen nuestro proceso aleatorio \u00fanico que ayuda a lograr la disociaci\u00f3n, mente cuerpo, ya que el cerebro siga el estimulo. El DAVID DELIGHT PLUS tiene cinco grupos principales de programas. SUE\u00d1O Y MEJORA DEL ANIMO, ENERGIA, MEDITACION, Y ESTIMULADOR MENTAL, con dos sesiones diferentes a elegir en cada a categor\u00eda. Adem\u00e1s la Cr\u00e1neo Estimulaci\u00f3n permite a este equipo ser mas efectivo y abarcar un mas amplio rango de tratamiento para la mejora de los s\u00edntomas del insomnio, la depresi\u00f3n, adicciones (tabaquismo, alcohol, opi\u00e1ceos), migra\u00f1as y ansiedad cr\u00f3nica, y mejora de la concentraci\u00f3n entre otros. Cons\u00faltenos en caso de dudas para verificar que programa de este equipo puede hacer para mejorar sus s\u00edntomas, haga click aqu\u00ed para enviar un e-mail. El DAVID DELIGHT PLUS tiene botones de buen tama\u00f1o y f\u00e1ciles de leer, lo que es una mejora respecto a modelos anteriores por la facilidad de uso. Los botones de DAVID DELIGHT est\u00e1n retro-iluminados lo que permite usar el aparato en la cama y a oscuras. Los est\u00edmulos Audio Visuales se realizan por medio de los siguientes recursos: Gafas Tru-Vu OmniscreenTM Que han sido dise\u00f1adas para ofrecer la experiencia mas efectiva. Este proceso especial patentado permite estimular con frecuencias diferentes cada uno de los hemisferios del cerebro. Esto es esencial cuando se busca una mejora del estado de animo y de la agudeza mental. Las gafas utilizan ocho diodos LED blancos tenidos de azul montados sobre un reflector plateado detr\u00e1s de una pantalla traslucida. Esto dispersa la luz uniformemente. Las gafas est\u00e1n dise\u00f1adas para permitir la estimulaci\u00f3n separada de cada ojo y del lado izquierdo y derecho de cada ojo. esta caracter\u00edstica permite estimular cada c\u00f3rtex visual de forma independiente. Por ejemplo una persona que funcione sobre todo con su parte izquierda del cerebro se la puede estimular con unos impulsos de luz de una frecuencia de 8 Hertzios (impulso por segundo) en el ojo derecho (que es el que esta conectado el hemisferio izquierdo del cerebro, para relajar su lado izquierdo del cerebro y tener una estimulaci\u00f3n a una frecuencia superior por ejemplo 18 Hertzios el ojo izquierdo para estimular el hemisferio derecho del cerebro. Tonos pulsados Is\u00f3cronos, Tonos Binaurales y tonos monoaurales- Los tonos is\u00f3cronos pulsados est\u00e1n espaciado uniformemente, tienen igual timbre y est\u00e1n pulsados es decir se oyen o no se oyen a un ritmo   especifico. Esto es importante par lograr la mejor estimulaci\u00f3n auditiva. Los tonos monoaurales son similares a los is\u00f3cronos pero su pulsaci\u00f3n es mas suave, estos se recomiendan para quien encuentra los dem\u00e1s tonos como demasiado estimulantes. Los ritmos biaurales son dos tonos uno en cada o\u00eddo que se perciben en el o\u00eddo como un ritmo. Soft-OffTM &#8211; El DAVID grad\u00faa de forma suave los est\u00edmulos auditivos y sonoros al final de las sesiones y previene una respuesta desagradable al terminar el programa. As\u00ed los beneficios de la relajaci\u00f3n obtenida se disfrutan toda la noche. Indicador de nivel de bater\u00eda &#8211; De un vistazo puede usted ver el nivel de bater\u00eda. Los nuevos diodos LED consumen menos que en los modelos anteriores permitiendo una mas larga vida de la pila de 9 voltios. Tambi\u00e9n puede usar pilas recargables. Botones de Encendido, volumen e intensidad t\u00e1ctiles. Es muy f\u00e1cil hacer los ajustes del DAVID a sus gustos personales pues los botones son t\u00e1ctiles y se localizan al tacto.  Veinticinco programas preseleccionados de f\u00e1cil uso. Sue\u00f1o (insomnio) y Estado de Animo (depresi\u00f3n), Energ\u00eda (depresi\u00f3n), Meditaci\u00f3n (insomnio, ansiedad), Agudeza Mental (estudiantes, ejecutivos) Sesiones con sincronismo de audio &#8211; Cada categor\u00eda tiene una sesi\u00f3n de sincronizaci\u00f3n de audio (cinco en total) que permite utilizar su m\u00fasica preferida en un intrigante show de iluminaci\u00f3n. Las sesiones incluyen variaci\u00f3n del pulso cardiaco y comienzan con un triple estado que le llevara a la disociaci\u00f3n mente-cuerpo y por lo tanto a la meditaci\u00f3n en un estado de relajaci\u00f3n completo. Presentamos por primera vez un equipo donde la respiraci\u00f3n como forma de inducir a la meditaci\u00f3n se complementa con la sincronizaci\u00f3n de ritmos cerebrales. Los que conozcan el Yoga saben que ciclos largos y lentos en la respiraci\u00f3n son fundamentales para llegar a la meditaci\u00f3n. Cient\u00edficamente esta t\u00e9cnica ha sido estudiada y ha resultado que estas t\u00e9cnicas de respiraci\u00f3n relajan un sistema nervioso estresado. La actividad Simp\u00e1tica y Parasimp\u00e1tica del cerebro baja significativamente usando la t\u00e9cnica de variabilidad del pulso cardiaco. El coraz\u00f3n se acelera con cada respiraci\u00f3n y decelera con cada exhalaci\u00f3n. Este cambio en la velocidad del pulso se llama variabilidad del pulso cardiaco (HRV en ingles). Esta variabilidad entre el ritmo de inspiraci\u00f3n y el de expiraci\u00f3n es de alrededor de 15 Pulsaciones por minuto (ppm). Pues bien cuando el sujeto se estresa este \u00edndice de variabilidad baja hasta 5ppm haciendo al tiempo que el ritmo cardiaco sea inestable y poniendo al coraz\u00f3n bajo estr\u00e9s. La t\u00e9cnica de variabilidad del pulso cardiaco usada cl\u00ednicamente esta basado en un ciclo de respiraci\u00f3n de 10 segundos ( seis respiraciones por minuto, inhalando aire   despacio durante cinco segundos, en una respiraci\u00f3n pausada). Usando esta t\u00e9cnica con el DAVID DELIGHT PLUS y escuchando el ritmo del coraz\u00f3n generado por el equipo, inhale aire durante dos pulsaciones y exhale durante otras dos pulsaciones. Esta t\u00e9cnica permite entrenar al usuario de forma guiada en el uso de la respiraci\u00f3n como complemento a la sincronizaci\u00f3n para llegar a un estado de meditaci\u00f3n. ? Esta t\u00e9cnica consiste en conectar en los l\u00f3bulos de las orejas unos peque\u00f1as pinzas conectadas a un generador de impulsos el\u00e9ctricos de muy baja intensidad, apenas perceptibles. El equipo tiene unos programas que tienen diferentes frecuencias seg\u00fan el objetivo a seguir. El cerebro recibe estos est\u00edmulos y una vez mas se sincroniza a las frecuencias del est\u00edmulo. As\u00ed se puede desde vencer la ansiedad, aliviar dolores cr\u00f3nicos, las adicciones o el insomnio, dependiendo del programa seleccionado.<br \/>\nCaracter\u00edsticas y accesorios necesarios incluidos:<br \/>\n\u2022 Unidad DAVID Delight Pro<br \/>\n\u2022 Tru-Vu OmniscreenTM Eyesets (Blanco) y estuche<br \/>\n\u2022 Quality Stereo Headphones &#8211; Aud\u00edfonos<br \/>\n\u2022 Stereo Patch Cord \u2013 Cable de stereo<br \/>\n\u2022 CES Earclip Stim Cable \u2013 Cable de Estimulaci\u00f3n CES<br \/>\n\u2022 DAVID Carry Bag &#8211; Malet\u00edn<br \/>\n\u2022 9-Volt Alkaline Bater\u00eda<br \/>\n\u2022 AC Adapter \u2013 9 Volt DC Adaptador de Poder<br \/>\n\u2022 Comprehensive Operator&#8217;s Manual\/Manual de Operaci\u00f3n<\/p>\n<div><\/div>\n<\/div>\n<\/div>\n<div class=\"goog-te-spinner-pos\">\n<div class=\"goog-te-spinner-animation\"><\/div>\n<\/div>\n","protected":false},"excerpt":{"rendered":"<p>DAVID DELIGHT Pro. Estimulaci\u00f3n Cr\u00e1neo Encef\u00e1lica (CES)  DAVID DELIGHT PRO es el equipo mas avanzado de esta gama DE ESTIMULACION AUDIOVISUAL Y CRANEOELECTRICA DE ALTA CALIDAD.<\/p>\n","protected":false},"featured_media":3955,"template":"","meta":{"_acf_changed":false,"content-type":""},"product_brand":[],"product_cat":[13297,13255,13298,13252,13279],"product_tag":[12515],"class_list":{"0":"post-30568","1":"product","2":"type-product","3":"status-publish","4":"has-post-thumbnail","6":"product_cat-estimulacion-audiovisual","7":"product_cat-marca","8":"product_cat-mindalive","9":"product_cat-modalidades","10":"product_cat-retroalimentadores-biofeedback-neurofeedback-psicologia-y-rehabilitacion-fisica-incontinencia","11":"product_tag-mindalive","13":"first","14":"onbackorder","15":"taxable","16":"shipping-taxable","17":"purchasable","18":"product-type-simple"},"acf":[],"_links":{"self":[{"href":"https:\/\/www.zannasalud.com\/tienda\/wp-json\/wp\/v2\/product\/30568","targetHints":{"allow":["GET"]}}],"collection":[{"href":"https:\/\/www.zannasalud.com\/tienda\/wp-json\/wp\/v2\/product"}],"about":[{"href":"https:\/\/www.zannasalud.com\/tienda\/wp-json\/wp\/v2\/types\/product"}],"wp:featuredmedia":[{"embeddable":true,"href":"https:\/\/www.zannasalud.com\/tienda\/wp-json\/wp\/v2\/media\/3955"}],"wp:attachment":[{"href":"https:\/\/www.zannasalud.com\/tienda\/wp-json\/wp\/v2\/media?parent=30568"}],"wp:term":[{"taxonomy":"product_brand","embeddable":true,"href":"https:\/\/www.zannasalud.com\/tienda\/wp-json\/wp\/v2\/product_brand?post=30568"},{"taxonomy":"product_cat","embeddable":true,"href":"https:\/\/www.zannasalud.com\/tienda\/wp-json\/wp\/v2\/product_cat?post=30568"},{"taxonomy":"product_tag","embeddable":true,"href":"https:\/\/www.zannasalud.com\/tienda\/wp-json\/wp\/v2\/product_tag?post=30568"}],"curies":[{"name":"wp","href":"https:\/\/api.w.org\/{rel}","templated":true}]}}