{"id":30567,"date":"2020-11-18T20:20:51","date_gmt":"2020-11-18T20:20:51","guid":{"rendered":"https:\/\/silver-louse-480719.hostingersite.com\/tienda\/producto\/equipo-estim-audiovisual-david-delight-plus\/"},"modified":"2025-04-04T16:50:50","modified_gmt":"2025-04-04T16:50:50","slug":"equipo-estim-audiovisual-david-delight-plus","status":"publish","type":"product","link":"https:\/\/www.zannasalud.com\/tienda\/producto\/equipo-estim-audiovisual-david-delight-plus\/","title":{"rendered":"EQUIPO ESTIM AUDIOVISUAL DAVID DELIGHT PLUS"},"content":{"rendered":"<div id=\"goog-gt-tt\" class=\"skiptranslate\" dir=\"ltr\">\n<div style=\"padding: 8px;\">Totalmente programable. Este equipo es muy sofisticado pero muy f\u00e1cil de usar. Este equipo adem\u00e1s permite mediante un software realizar sesiones personalizadas combinando los presets y modificando los tonos, permite inclusive borrar todos los programas y dejar solo uno de forma que el equipo pueda ser usado por personas enfermas o ancianos. Los programas o sesiones han sido probados a conciencia y se han dise\u00f1ado bas\u00e1ndose en los m\u00e1s recientes investigaciones y descubrimientos, para asegurar los resultados m\u00e1s efectivos. Los programas del DAVID DELIGHT PLUS se basan en estudios de investigaci\u00f3n que incluyen s\u00edndromes como el desorden estacional y afectivo, la reducci\u00f3n del insomnio, mejora del estr\u00e9s, mejora del estado de \u00e1nimo, agudeza mental y equilibrio sensorial en personas mayores, mejora en la confianza y concentraci\u00f3n y memoria en los estudios. Los programas incluyen nuestro proceso aleatorio \u00fanico que ayuda a lograr la disociaci\u00f3n, mente cuerpo, ya que el cerebro siga el estimulo. El DAVID DELIGHT PLUS tiene cinco grupos principales de programas. SUE\u00d1O Y MEJORA DEL ANIMO, ENERGIA, MEDITACION, Y ESTIMULADOR MENTAL, con dos sesiones diferentes a elegir en cada a categor\u00eda. El DAVID DELIGHT PLUS tiene botones de buen tama\u00f1o y f\u00e1ciles de leer, lo que es una mejora respecto a modelos anteriores por la facilidad de uso. Los botones de DAVID DELIGHT est\u00e1n retro-iluminados permitiendo el uso de la unidad en lugares oscuros. SINCRONIZACION AUDIO-VISUAL: Los est\u00edmulos Audio Visuales se realizan por medio de los siguientes recursos: Gafas Tru-Vu OmniscreenTM Que han sido dise\u00f1adas para ofrecer una experiencia m\u00e1s efectiva. Este proceso especial patentado permite estimular con frecuencias diferentes cada uno de los hemisferios del cerebro. Esto es esencial cuando se busca una mejora del estado de \u00e1nimo y de la agudeza mental. Las gafas utilizan ocho diodos LED montados sobre un reflector plateado detr\u00e1s de una pantalla traslucida. Esto dispersa la luz uniformemente. Las gafas est\u00e1n dise\u00f1adas para permitir la estimulaci\u00f3n separada de cada ojo y del lado izquierdo y derecho de cada ojo. Esta caracter\u00edstica permite estimular cada c\u00f3rtex visual de forma independiente. Soft-OffTM &#8211; El DAVID grad\u00faa de forma suave los est\u00edmulos auditivos y sonoros al final de las sesiones y previene una respuesta desagradable al terminar el programa. As\u00ed los beneficios de la relajaci\u00f3n obtenida se disfrutan toda la noche. Indicador de nivel de bater\u00eda &#8211; De un vistazo puede usted ver el nivel de bater\u00eda. Los nuevos diodos LED consumen menos que en los modelos anteriores permitiendo una m\u00e1s larga vida de la pila de 9 voltios. Tambi\u00e9n puede usar pilas recargables. Botones de Encendido, volumen e intensidad t\u00e1ctiles. Es muy f\u00e1cil hacer los ajustes del DAVID a sus gustos personales pues los botones son t\u00e1ctiles y se localizan al tacto. Veinticinco programas preseleccionados de f\u00e1cil uso. Sue\u00f1o (insomnio) y Estado de \u00c1nimo (depresi\u00f3n), Energ\u00eda (depresi\u00f3n), Meditaci\u00f3n (insomnio, ansiedad), Agudeza Mental (estudiantes, ejecutivos)<br \/>\n\u2022 Sesiones con sincronismo de audio &#8211; Cada categor\u00eda tiene una sesi\u00f3n de sincronizaci\u00f3n de audio (cinco en total) que permite utilizar su m\u00fasica preferida en un intrigante show de iluminaci\u00f3n. Las sesiones incluyen variaci\u00f3n del pulso cardiaco y comienzan con un triple estado que le llevara a la disociaci\u00f3n mente-cuerpo y por lo tanto a la meditaci\u00f3n en un estado de relajaci\u00f3n completo. Caracter\u00edsticas y accesorios necesarios incluidos:<br \/>\n\u2022 Unidad DAVID Delight Plus<br \/>\n\u2022 Tru-Vu OmniscreenTM Eyesets (Blanco) y estuche<br \/>\n\u2022 Quality Stereo Headphones &#8211; Aud\u00edfonos<br \/>\n\u2022 Stereo Patch Cord \u2013 Cable de stereo<br \/>\n\u2022 DAVID Carry Bag- Malet\u00edn<br \/>\n\u2022 9-Volt Alkaline Battery-Bater\u00edas<br \/>\n\u2022 AC Adapter-Adaptador de Poder 9 Volt DC<br \/>\n\u2022 Comprehensive Operator&#8217;s Manual\/Manual de Operaci\u00f3n<\/p>\n<div><\/div>\n<\/div>\n<\/div>\n<div class=\"goog-te-spinner-pos\">\n<div class=\"goog-te-spinner-animation\"><\/div>\n<\/div>\n","protected":false},"excerpt":{"rendered":"<p>DAVID DELIGHT PLUS. Estimulaci\u00f3n Audiovisual (AAVS-AVE) El DAVID DELIGHT PLUS es un equipo muy completo de alta calidad. No invasivo. Unidad segura y efectiva para lograr estados de conciencia y alta funcionalidad cerebral.<\/p>\n","protected":false},"featured_media":3954,"template":"","meta":{"_acf_changed":false,"content-type":""},"product_brand":[],"product_cat":[13297,13255,13298,13252,13279],"product_tag":[12515],"class_list":{"0":"post-30567","1":"product","2":"type-product","3":"status-publish","4":"has-post-thumbnail","6":"product_cat-estimulacion-audiovisual","7":"product_cat-marca","8":"product_cat-mindalive","9":"product_cat-modalidades","10":"product_cat-retroalimentadores-biofeedback-neurofeedback-psicologia-y-rehabilitacion-fisica-incontinencia","11":"product_tag-mindalive","13":"first","14":"onbackorder","15":"taxable","16":"shipping-taxable","17":"purchasable","18":"product-type-simple"},"acf":[],"_links":{"self":[{"href":"https:\/\/www.zannasalud.com\/tienda\/wp-json\/wp\/v2\/product\/30567","targetHints":{"allow":["GET"]}}],"collection":[{"href":"https:\/\/www.zannasalud.com\/tienda\/wp-json\/wp\/v2\/product"}],"about":[{"href":"https:\/\/www.zannasalud.com\/tienda\/wp-json\/wp\/v2\/types\/product"}],"wp:featuredmedia":[{"embeddable":true,"href":"https:\/\/www.zannasalud.com\/tienda\/wp-json\/wp\/v2\/media\/3954"}],"wp:attachment":[{"href":"https:\/\/www.zannasalud.com\/tienda\/wp-json\/wp\/v2\/media?parent=30567"}],"wp:term":[{"taxonomy":"product_brand","embeddable":true,"href":"https:\/\/www.zannasalud.com\/tienda\/wp-json\/wp\/v2\/product_brand?post=30567"},{"taxonomy":"product_cat","embeddable":true,"href":"https:\/\/www.zannasalud.com\/tienda\/wp-json\/wp\/v2\/product_cat?post=30567"},{"taxonomy":"product_tag","embeddable":true,"href":"https:\/\/www.zannasalud.com\/tienda\/wp-json\/wp\/v2\/product_tag?post=30567"}],"curies":[{"name":"wp","href":"https:\/\/api.w.org\/{rel}","templated":true}]}}