{"id":30566,"date":"2020-11-18T20:20:51","date_gmt":"2020-11-18T20:20:51","guid":{"rendered":"https:\/\/silver-louse-480719.hostingersite.com\/tienda\/producto\/equip-entrenamiento-variabilidad-cardiaca-emwave-2\/"},"modified":"2025-04-04T16:50:48","modified_gmt":"2025-04-04T16:50:48","slug":"equip-entrenamiento-variabilidad-cardiaca-emwave-2","status":"publish","type":"product","link":"https:\/\/www.zannasalud.com\/tienda\/producto\/equip-entrenamiento-variabilidad-cardiaca-emwave-2\/","title":{"rendered":"EQUIP. ENTRENAMIENTO VARIABILIDAD CARDIACA EMWAVE 2"},"content":{"rendered":"<div id=\"goog-gt-tt\" class=\"skiptranslate\" dir=\"ltr\">\n<div style=\"padding: 8px;\">Permite mostrar al paciente o usuario sus respuestas Psicofisiol\u00f3gicas como el estr\u00e9s, ansiedad afectan su cuerpo a trav\u00e9s de graficas-sonidos-luces. La tecnolog\u00eda emWave\u00ae, y el entrenamiento en Coherencia R\u00e1pida desarrollados por el HeartMath Institute de California (USA),facilitan el proceso de cambio a un estado coherente en la persona, aumentando con la pr\u00e1ctica la capacidad de cambiar a un estado coherente definitivo y a una inteligencia emocional \u00f3ptima. La tecnolog\u00eda patentada emWave est\u00e1 basada en 20 a\u00f1os de investigaci\u00f3n cient\u00edfica dirigida por Doc Childre en el HeartMath Institute, centro pionero y referente en la comprensi\u00f3n de la din\u00e1mica de la psicolog\u00eda emocional y las interacciones entre el coraz\u00f3n y el cerebro. Muchos de sus grandes descubrimientos se han incorporado en la creaci\u00f3n de la tecnolog\u00eda que monitoriza el nivel de coherencia cardiaca. Las investigaciones del Instituto Heartmath han demostrado que los cambios en el ritmo card\u00edaco, llamados tambi\u00e9n variabilidad de ritmo card\u00edaco (VRC), reflejan el estado emocional del ser humano. El an\u00e1lisis del VRC es reconocido como un poderoso m\u00e9todo para medir la din\u00e1mica nerviosa y por medio de numerosos estudios cl\u00ednicos cient\u00edficamente demostrados se ha relacionado su efecto sobre los problemas de salud y de rendimiento en las personas. Las investigaciones y desarrollo de tecnolog\u00eda llevados a t\u00e9rmino por el HeartMath Institute han sido reconocidos durante varios a\u00f1os consecutivos con diversos premios a la innovaci\u00f3n. Caracter\u00edsticas y accesorios necesarios incluidos:<br \/>\n*Unidad Port\u00e1til con estuche<br \/>\n\u2022 Ear Sensor-Sensor de Oreja emWave2<br \/>\n\u2022 Software CD<br \/>\n\u2022 emWave2 Practice Plan<br \/>\n\u2022 Quick Start Guide \u2013 Gu\u00eda de Inicio r\u00e1pido<br \/>\n\u2022 USB Charging \/ Connector Cable &#8211; Cable conector \/ USB cargador<br \/>\n\u2022 Dimensiones: 85mm x 55mm x 14mm or 3 3\/8\u201d wide, 2\/1\/8\u201d high, 9\/16\u201d deep<br \/>\n\u2022 Peso: 2.2 onzas<br \/>\n\u2022 Internal rechargeable Lithium Ion battery \u2013 Bater\u00eda recargable interna de litio<br \/>\n\u2022 S\u00faper bright LED light bar and display indicators \u2013 Barra indicadora Display LED<br \/>\n\u2022 Sensor para dedo control de dos vais de operaci\u00f3n para el dedo &#8211; Ear sensor and two-way, finger-operated control button<\/p>\n<div><\/div>\n<\/div>\n<\/div>\n<div class=\"goog-te-spinner-pos\">\n<div class=\"goog-te-spinner-animation\"><\/div>\n<\/div>\n","protected":false},"excerpt":{"rendered":"<p>Equipo de Tecnolog\u00eda emWave\u00ae2 Para entrenamiento de variabilidad cardiaca Para valoraci\u00f3n de la coherencia entre coraz\u00f3n y cerebro.<\/p>\n","protected":false},"featured_media":6796,"template":"","meta":{"_acf_changed":false,"content-type":""},"product_brand":[],"product_cat":[13255,13296,13252,13279,13295],"product_tag":[12511],"class_list":{"0":"post-30566","1":"product","2":"type-product","3":"status-publish","4":"has-post-thumbnail","6":"product_cat-marca","7":"product_cat-heartmath","8":"product_cat-modalidades","9":"product_cat-retroalimentadores-biofeedback-neurofeedback-psicologia-y-rehabilitacion-fisica-incontinencia","10":"product_cat-variabilidad-cardiaca","11":"product_tag-heartmath","13":"first","14":"onbackorder","15":"taxable","16":"shipping-taxable","17":"purchasable","18":"product-type-simple"},"acf":[],"_links":{"self":[{"href":"https:\/\/www.zannasalud.com\/tienda\/wp-json\/wp\/v2\/product\/30566","targetHints":{"allow":["GET"]}}],"collection":[{"href":"https:\/\/www.zannasalud.com\/tienda\/wp-json\/wp\/v2\/product"}],"about":[{"href":"https:\/\/www.zannasalud.com\/tienda\/wp-json\/wp\/v2\/types\/product"}],"wp:featuredmedia":[{"embeddable":true,"href":"https:\/\/www.zannasalud.com\/tienda\/wp-json\/wp\/v2\/media\/6796"}],"wp:attachment":[{"href":"https:\/\/www.zannasalud.com\/tienda\/wp-json\/wp\/v2\/media?parent=30566"}],"wp:term":[{"taxonomy":"product_brand","embeddable":true,"href":"https:\/\/www.zannasalud.com\/tienda\/wp-json\/wp\/v2\/product_brand?post=30566"},{"taxonomy":"product_cat","embeddable":true,"href":"https:\/\/www.zannasalud.com\/tienda\/wp-json\/wp\/v2\/product_cat?post=30566"},{"taxonomy":"product_tag","embeddable":true,"href":"https:\/\/www.zannasalud.com\/tienda\/wp-json\/wp\/v2\/product_tag?post=30566"}],"curies":[{"name":"wp","href":"https:\/\/api.w.org\/{rel}","templated":true}]}}