{"id":30564,"date":"2020-11-18T20:20:51","date_gmt":"2020-11-18T20:20:51","guid":{"rendered":"https:\/\/silver-louse-480719.hostingersite.com\/tienda\/producto\/equipo-biofeedback-incontinencia-myotrac-3-sin-stim-sistema-avanzado\/"},"modified":"2024-04-08T19:03:07","modified_gmt":"2024-04-08T19:03:07","slug":"equipo-biofeedback-incontinencia-myotrac-3-sin-stim-sistema-avanzado","status":"publish","type":"product","link":"https:\/\/www.zannasalud.com\/tienda\/producto\/equipo-biofeedback-incontinencia-myotrac-3-sin-stim-sistema-avanzado\/","title":{"rendered":"EQUIPO BIOFEEDBACK INCONTINENCIA MYOTRAC 3 SIN STIM SISTEMA AVANZADO"},"content":{"rendered":"<div id=\"goog-gt-tt\" class=\"skiptranslate\" dir=\"ltr\">\n<div style=\"padding: 8px;\">El Sistema MyoTrac Infiniti Clinical es la soluci\u00f3n mas poderosa y flexible para entrenamiento de incontinencia. Combina el poder realizar sesiones acompa\u00f1adas de multimedia \u2013 PC con la libertad de un entrenamiento SEMG aut\u00f3nomo y port\u00e1til. ). El sistema incluye diferentes opciones : Kit de sensores de superficie, sensor vaginal o sensor rectal. MyoTrac 3 El dispositivo compacto MyoTrac 3 incluye dos sensores integrados SEMG que conecta a la computador v\u00eda fibra \u00f3ptica, ofreciendo una conexi\u00f3n de informaci\u00f3n. Provee un Data mas seguro y fiable en el mercado Los profesionales ahora tienen mayor flexibilidad para definir sus propios protocolos de evaluaci\u00f3n que incluyen: R\u00e1pidas Contracciones L\u00edneas de bases preliminares y posterior Contracciones de resistencia Ejercicios de trabajo y descanso Protocolos personalizados que se pueden memorizarse para futuras sesiones Para Fines de Investigaci\u00f3n o Cl\u00ednico Myotrac 3 y Suite Rehab provee extensas estad\u00edsticas de para evaluar exhaustivamente la funci\u00f3n muscular, incluyendo: Pico, promedio, desviaci\u00f3n est\u00e1ndar y coeficiente de variaci\u00f3n edad media de aparici\u00f3n de picos (reclutamiento de los m\u00fasculos) liberaci\u00f3n media (recuperaci\u00f3n muscular) Trabajo, disminuci\u00f3n de la amplitud (fatiga muscular)<\/p>\n<div><\/div>\n<\/div>\n<\/div>\n<div class=\"goog-te-spinner-pos\">\n<div class=\"goog-te-spinner-animation\"><\/div>\n<\/div>\n","protected":false},"excerpt":{"rendered":"<p>Incontinence Expert System \/ Sistema de Incontinencia Avanzado Adicione la habilidad de realizar el entrenamiento acompa\u00f1ado de una computadora con nuestro mas completo sistema de canal dual SEMG y Sistema de Estimulaci\u00f3n.<\/p>\n","protected":false},"featured_media":3839,"template":"","meta":{"_acf_changed":false,"content-type":""},"product_brand":[],"product_cat":[13293,13255,13287,13252,13279],"product_tag":[11768],"class_list":{"0":"post-30564","1":"product","2":"type-product","3":"status-publish","4":"has-post-thumbnail","6":"product_cat-biofeedback-incontinencia","7":"product_cat-marca","8":"product_cat-thought-technology","9":"product_cat-modalidades","10":"product_cat-retroalimentadores-biofeedback-neurofeedback-psicologia-y-rehabilitacion-fisica-incontinencia","11":"product_tag-thought-technology","13":"first","14":"onbackorder","15":"taxable","16":"shipping-taxable","17":"purchasable","18":"product-type-simple"},"acf":[],"_links":{"self":[{"href":"https:\/\/www.zannasalud.com\/tienda\/wp-json\/wp\/v2\/product\/30564","targetHints":{"allow":["GET"]}}],"collection":[{"href":"https:\/\/www.zannasalud.com\/tienda\/wp-json\/wp\/v2\/product"}],"about":[{"href":"https:\/\/www.zannasalud.com\/tienda\/wp-json\/wp\/v2\/types\/product"}],"wp:featuredmedia":[{"embeddable":true,"href":"https:\/\/www.zannasalud.com\/tienda\/wp-json\/wp\/v2\/media\/3839"}],"wp:attachment":[{"href":"https:\/\/www.zannasalud.com\/tienda\/wp-json\/wp\/v2\/media?parent=30564"}],"wp:term":[{"taxonomy":"product_brand","embeddable":true,"href":"https:\/\/www.zannasalud.com\/tienda\/wp-json\/wp\/v2\/product_brand?post=30564"},{"taxonomy":"product_cat","embeddable":true,"href":"https:\/\/www.zannasalud.com\/tienda\/wp-json\/wp\/v2\/product_cat?post=30564"},{"taxonomy":"product_tag","embeddable":true,"href":"https:\/\/www.zannasalud.com\/tienda\/wp-json\/wp\/v2\/product_tag?post=30564"}],"curies":[{"name":"wp","href":"https:\/\/api.w.org\/{rel}","templated":true}]}}