{"id":30561,"date":"2020-11-18T20:20:51","date_gmt":"2020-11-18T20:20:51","guid":{"rendered":"https:\/\/silver-louse-480719.hostingersite.com\/tienda\/producto\/equipo-biofeedback-incontinencia-myotrac-infiniti-semg-sin-stim-sistema-intermedio\/"},"modified":"2024-04-08T19:03:07","modified_gmt":"2024-04-08T19:03:07","slug":"equipo-biofeedback-incontinencia-myotrac-infiniti-semg-sin-stim-sistema-intermedio","status":"publish","type":"product","link":"https:\/\/www.zannasalud.com\/tienda\/producto\/equipo-biofeedback-incontinencia-myotrac-infiniti-semg-sin-stim-sistema-intermedio\/","title":{"rendered":"EQUIPO BIOFEEDBACK INCONTINENCIA MYOTRAC INFINITI SEMG SIN STIM SISTEMA INTERMEDIO"},"content":{"rendered":"<div id=\"goog-gt-tt\" class=\"skiptranslate\" dir=\"ltr\">\n<div style=\"padding: 8px;\">Este dispositivo proporciona una funcionalidad excepcional, incluyendo la opci\u00f3n de combinar SEMG biofeedback con Estimulaci\u00f3n El\u00e9ctrica (EMS). El sistema incluye diferentes opciones : Kit de sensores de superficie, sensor vaginal o sensor rectal. MyoTrac Infiniti con SEMG y No-Stim stand-alone T9860 El sistema MyoTrac Infiniti permite medir electromiograf\u00eda de superficie (SEMG) con alta resoluci\u00f3n y con un gran numero de configuraciones. \u00danico MyoTrac Infiniti que se diferencia de otros dispositivos en el mercado. Biofeedback, Relajaci\u00f3n y prop\u00f3sitos de Re-educaci\u00f3n muscular Tratamiento agudo y permanente de incontinencia urinaria mixta y donde los siguientes resultados pueden mejorar el control de la orina o control fecal : La inhibici\u00f3n del m\u00fasculo detrusor a trav\u00e9s de mecanismos reflexivos. Tratamiento de la incontinencia para evaluar la actividad EMG del piso p\u00e9lvico y accesorios- m\u00fasculos como abdominales y gl\u00fateos Relajaci\u00f3n de los espasmos musculares Prevenci\u00f3n o retraso de la atrofia por desuso Aumento de la circulaci\u00f3n sangu\u00ednea local Rehabilitaci\u00f3n de embolia cerebral por Reeducaci\u00f3n muscular Estimulaci\u00f3n post-quir\u00fargica inmediata de m\u00fasculos de la pantorrilla para prevenir la trombosis venosa Mantener o aumentar el rango de movimiento<\/p>\n<div><\/div>\n<\/div>\n<\/div>\n<div class=\"goog-te-spinner-pos\">\n<div class=\"goog-te-spinner-animation\"><\/div>\n<\/div>\n","protected":false},"excerpt":{"rendered":"<p>Incontinence Intermediate System \/ Sistema de Incontinencia Intermedio Ir mas all\u00e1 de lo b\u00e1sico con MyoTrac Infiniti, canal dual y electromiograf\u00eda de superficie(SEMG).<\/p>\n","protected":false},"featured_media":3839,"template":"","meta":{"_acf_changed":false,"content-type":""},"product_brand":[],"product_cat":[13293,13255,13287,13252,13279],"product_tag":[11768],"class_list":{"0":"post-30561","1":"product","2":"type-product","3":"status-publish","4":"has-post-thumbnail","6":"product_cat-biofeedback-incontinencia","7":"product_cat-marca","8":"product_cat-thought-technology","9":"product_cat-modalidades","10":"product_cat-retroalimentadores-biofeedback-neurofeedback-psicologia-y-rehabilitacion-fisica-incontinencia","11":"product_tag-thought-technology","13":"first","14":"onbackorder","15":"taxable","16":"shipping-taxable","17":"purchasable","18":"product-type-simple"},"acf":[],"_links":{"self":[{"href":"https:\/\/www.zannasalud.com\/tienda\/wp-json\/wp\/v2\/product\/30561","targetHints":{"allow":["GET"]}}],"collection":[{"href":"https:\/\/www.zannasalud.com\/tienda\/wp-json\/wp\/v2\/product"}],"about":[{"href":"https:\/\/www.zannasalud.com\/tienda\/wp-json\/wp\/v2\/types\/product"}],"wp:featuredmedia":[{"embeddable":true,"href":"https:\/\/www.zannasalud.com\/tienda\/wp-json\/wp\/v2\/media\/3839"}],"wp:attachment":[{"href":"https:\/\/www.zannasalud.com\/tienda\/wp-json\/wp\/v2\/media?parent=30561"}],"wp:term":[{"taxonomy":"product_brand","embeddable":true,"href":"https:\/\/www.zannasalud.com\/tienda\/wp-json\/wp\/v2\/product_brand?post=30561"},{"taxonomy":"product_cat","embeddable":true,"href":"https:\/\/www.zannasalud.com\/tienda\/wp-json\/wp\/v2\/product_cat?post=30561"},{"taxonomy":"product_tag","embeddable":true,"href":"https:\/\/www.zannasalud.com\/tienda\/wp-json\/wp\/v2\/product_tag?post=30561"}],"curies":[{"name":"wp","href":"https:\/\/api.w.org\/{rel}","templated":true}]}}