{"id":30557,"date":"2020-11-18T20:20:43","date_gmt":"2020-11-18T20:20:43","guid":{"rendered":"https:\/\/silver-louse-480719.hostingersite.com\/tienda\/producto\/equipo-biofeedback-peak-performance-procomp-infiniti-8-sistema-intermedio\/"},"modified":"2024-04-08T19:03:07","modified_gmt":"2024-04-08T19:03:07","slug":"equipo-biofeedback-peak-performance-procomp-infiniti-8-sistema-intermedio","status":"publish","type":"product","link":"https:\/\/www.zannasalud.com\/tienda\/producto\/equipo-biofeedback-peak-performance-procomp-infiniti-8-sistema-intermedio\/","title":{"rendered":"EQUIPO BIOFEEDBACK PEAK PERFORMANCE PROCOMP INFINITI 8 SISTEMA INTERMEDIO"},"content":{"rendered":"<div id=\"goog-gt-tt\" class=\"skiptranslate\" dir=\"ltr\">\n<div style=\"padding: 8px;\">Este paquete contiene una l\u00ednea completa de sensores fisiol\u00f3gicos, transmisi\u00f3n de datos inal\u00e1mbrica, y la expansi\u00f3n de nuestro codificador m\u00e1s populary el 8 canales ProComp?. Como un bono adicional, recibe la serie de videos Focus on Gold, un especial de 3 videos de algunos de los mejores psic\u00f3logos deportivos del mundo usando la psicofisiolog\u00eda para mejorar el rendimiento de sus atletas de clase mundial.  ProComp Infiniti Encoder &#8211; 8 Canales El ProComp Infiniti \u2122 es un codificador de 8 canales multi-modalidad que se conecta a su PC de escritorio o port\u00e1til de Windows a trav\u00e9s de un puerto USB y ofrece toda la potencia y flexibilidad que necesita para el monitoreo fisiol\u00f3gico computarizado en tiempo real y neuro \/ biofeedback en cualquier cl\u00ednica o en espacios de investigaci\u00f3n. Tambi\u00e9n puede almacenar datos en una tarjeta de memoria Compact Flash, para cargarla posteriormente en el PC o utilizar un m\u00f3dulo de telemetr\u00eda de flash compacto de largo alcance opcional para ofrecer una amplia gama de opciones de grabaci\u00f3n. Los dos sensores EEG Z son preamplificadores especializados que vienen con funcionalidad de comprobaci\u00f3n de impedancia integrada para ayudarle a grabar ondas cerebrales con una calidad \u00f3ptima. Los sensores de conductividad de la piel, temperatura, respiraci\u00f3n, EMG (tensi\u00f3n muscular) y pulso de volumen sangu\u00edneo (frecuencia card\u00edaca) le permiten monitorear las respuestas fisiol\u00f3gicas claves y combinar los protocolos de neurofeedback con la relajaci\u00f3n o la variabilidad de la frecuencia cardiaca para maximizar su potencial terap\u00e9utico. Los primeros dos canales del sensor proporcionan la m\u00e1xima fidelidad de la se\u00f1al (2048 muestras por segundo) para la visualizaci\u00f3n de se\u00f1ales RAW EEG, EMG y EKG. Los seis canales restantes (256 muestras \/ seg.) Se pueden utilizar con cualquier combinaci\u00f3n de sensores, incluyendo EEG, EKG, RMS EMG, conductancia cut\u00e1nea, frecuencia cardiaca, pulso de volumen sangu\u00edneo, respiraci\u00f3n, goniometr\u00eda, fuerza y<\/p>\n<div><\/div>\n<\/div>\n<\/div>\n<div class=\"goog-te-spinner-pos\">\n<div class=\"goog-te-spinner-animation\"><\/div>\n<\/div>\n","protected":false},"excerpt":{"rendered":"<p>Peak Performance Intermediate System Ampl\u00ede sus capacidades de entrenamiento con nuestro Sistema Peak Performance Intermediate<\/p>\n","protected":false},"featured_media":3847,"template":"","meta":{"_acf_changed":false,"content-type":""},"product_brand":[],"product_cat":[13292,13255,13287,13252,13279],"product_tag":[11768],"class_list":{"0":"post-30557","1":"product","2":"type-product","3":"status-publish","4":"has-post-thumbnail","6":"product_cat-biofeedback-entrenamiento-y-desempeno-deportivo-rehabilitacion-fisica","7":"product_cat-marca","8":"product_cat-thought-technology","9":"product_cat-modalidades","10":"product_cat-retroalimentadores-biofeedback-neurofeedback-psicologia-y-rehabilitacion-fisica-incontinencia","11":"product_tag-thought-technology","13":"first","14":"onbackorder","15":"taxable","16":"shipping-taxable","17":"purchasable","18":"product-type-simple"},"acf":[],"_links":{"self":[{"href":"https:\/\/www.zannasalud.com\/tienda\/wp-json\/wp\/v2\/product\/30557","targetHints":{"allow":["GET"]}}],"collection":[{"href":"https:\/\/www.zannasalud.com\/tienda\/wp-json\/wp\/v2\/product"}],"about":[{"href":"https:\/\/www.zannasalud.com\/tienda\/wp-json\/wp\/v2\/types\/product"}],"wp:featuredmedia":[{"embeddable":true,"href":"https:\/\/www.zannasalud.com\/tienda\/wp-json\/wp\/v2\/media\/3847"}],"wp:attachment":[{"href":"https:\/\/www.zannasalud.com\/tienda\/wp-json\/wp\/v2\/media?parent=30557"}],"wp:term":[{"taxonomy":"product_brand","embeddable":true,"href":"https:\/\/www.zannasalud.com\/tienda\/wp-json\/wp\/v2\/product_brand?post=30557"},{"taxonomy":"product_cat","embeddable":true,"href":"https:\/\/www.zannasalud.com\/tienda\/wp-json\/wp\/v2\/product_cat?post=30557"},{"taxonomy":"product_tag","embeddable":true,"href":"https:\/\/www.zannasalud.com\/tienda\/wp-json\/wp\/v2\/product_tag?post=30557"}],"curies":[{"name":"wp","href":"https:\/\/api.w.org\/{rel}","templated":true}]}}