{"id":30556,"date":"2020-11-18T20:20:43","date_gmt":"2020-11-18T20:20:43","guid":{"rendered":"https:\/\/silver-louse-480719.hostingersite.com\/tienda\/producto\/equipo-biofeedback-peak-performance-procomp-2-biograph-suite-sistema-starter\/"},"modified":"2024-04-08T19:03:07","modified_gmt":"2024-04-08T19:03:07","slug":"equipo-biofeedback-peak-performance-procomp-2-biograph-suite-sistema-starter","status":"publish","type":"product","link":"https:\/\/www.zannasalud.com\/tienda\/producto\/equipo-biofeedback-peak-performance-procomp-2-biograph-suite-sistema-starter\/","title":{"rendered":"EQUIPO BIOFEEDBACK PEAK PERFORMANCE PROCOMP 2 BIOGRAPH SUITE SISTEMA STARTER"},"content":{"rendered":"<div id=\"goog-gt-tt\" class=\"skiptranslate\" dir=\"ltr\">\n<div style=\"padding: 8px;\">Este paquete es ideal para los m\u00e9dicos que quieren comenzar a implementar HRV en su entrenamiento de Peak Performance. Como un bono adicional, recibe la serie de videos Focus on Gold. Un especial de 3 videos de algunos de los mejores psic\u00f3logos deportivos del mundo usando la psicofisiolog\u00eda para mejorar el rendimiento de sus atletas de clase mundial.  ProComp 2 Encoder &#8211; 2 Canales ProComp2 \u2122 es un dispositivo compacto pero poderoso de 2 canales que permite a los profesionales cl\u00ednicos configurar un sistema cl\u00ednico \u00e1gil &#8211; o para capacitar a sus clientes ofreciendo un dispositivo para llevar a casa. El ProComp2 \u2122 puede usar cualquiera de los dos sensores ProComp Infiniti \u2122 o expandirse a neurofeedback con un sensor EEG incorporado (simplemente conecte un cable extensor para monitorizar EEG y biofeedback). El sistema ProComp2 \u2122 contiene todos los perif\u00e9ricos para conectarlo f\u00e1cilmente a una PC compatible con IBM de escritorio o port\u00e1til. Beneficios para usted y su cliente A\u00f1ada salas de entrenamiento adicionales a su cl\u00ednica de una manera r\u00e1pida y econ\u00f3mica. Promover la formaci\u00f3n en el entorno del hogar para mejorar los resultados Mejorar el cumplimiento a largo plazo Incluye un sensor EEG incorporado para la oportunidad de ampliar su pr\u00e1ctica. Monitorizar las medidas perif\u00e9ricas como EEG La calidad y el apoyo con la experiencia de Thought Technology Incluye : Procomp2 -2 Canales, Biopgraph Infiniti Software, Suite Physiology, Sensor BVP, Sensor de Respiraci\u00f3n, Video Focus on gold,<\/p>\n<div><\/div>\n<\/div>\n<\/div>\n<div class=\"goog-te-spinner-pos\">\n<div class=\"goog-te-spinner-animation\"><\/div>\n<\/div>\n","protected":false},"excerpt":{"rendered":"<p>Peak Performance Starter System Consigue que tus atletas lleguen al podio con nuestro Sistema Peak Performance.<\/p>\n","protected":false},"featured_media":3841,"template":"","meta":{"_acf_changed":false,"content-type":""},"product_brand":[],"product_cat":[13292,13255,13287,13252,13279],"product_tag":[11768],"class_list":{"0":"post-30556","1":"product","2":"type-product","3":"status-publish","4":"has-post-thumbnail","6":"product_cat-biofeedback-entrenamiento-y-desempeno-deportivo-rehabilitacion-fisica","7":"product_cat-marca","8":"product_cat-thought-technology","9":"product_cat-modalidades","10":"product_cat-retroalimentadores-biofeedback-neurofeedback-psicologia-y-rehabilitacion-fisica-incontinencia","11":"product_tag-thought-technology","13":"first","14":"onbackorder","15":"taxable","16":"shipping-taxable","17":"purchasable","18":"product-type-simple"},"acf":[],"_links":{"self":[{"href":"https:\/\/www.zannasalud.com\/tienda\/wp-json\/wp\/v2\/product\/30556","targetHints":{"allow":["GET"]}}],"collection":[{"href":"https:\/\/www.zannasalud.com\/tienda\/wp-json\/wp\/v2\/product"}],"about":[{"href":"https:\/\/www.zannasalud.com\/tienda\/wp-json\/wp\/v2\/types\/product"}],"wp:featuredmedia":[{"embeddable":true,"href":"https:\/\/www.zannasalud.com\/tienda\/wp-json\/wp\/v2\/media\/3841"}],"wp:attachment":[{"href":"https:\/\/www.zannasalud.com\/tienda\/wp-json\/wp\/v2\/media?parent=30556"}],"wp:term":[{"taxonomy":"product_brand","embeddable":true,"href":"https:\/\/www.zannasalud.com\/tienda\/wp-json\/wp\/v2\/product_brand?post=30556"},{"taxonomy":"product_cat","embeddable":true,"href":"https:\/\/www.zannasalud.com\/tienda\/wp-json\/wp\/v2\/product_cat?post=30556"},{"taxonomy":"product_tag","embeddable":true,"href":"https:\/\/www.zannasalud.com\/tienda\/wp-json\/wp\/v2\/product_tag?post=30556"}],"curies":[{"name":"wp","href":"https:\/\/api.w.org\/{rel}","templated":true}]}}