{"id":30555,"date":"2020-11-18T20:20:43","date_gmt":"2020-11-18T20:20:43","guid":{"rendered":"https:\/\/silver-louse-480719.hostingersite.com\/tienda\/producto\/equipo-biofeedback-muscle-rehabilitation-advanced-system-myotrac-infiniti-biograph-infiniti\/"},"modified":"2024-04-08T19:03:07","modified_gmt":"2024-04-08T19:03:07","slug":"equipo-biofeedback-muscle-rehabilitation-advanced-system-myotrac-infiniti-biograph-infiniti","status":"publish","type":"product","link":"https:\/\/www.zannasalud.com\/tienda\/producto\/equipo-biofeedback-muscle-rehabilitation-advanced-system-myotrac-infiniti-biograph-infiniti\/","title":{"rendered":"EQUIPO BIOFEEDBACK Muscle Rehabilitation Advanced System MYOTRAC INFINITI BIOGRAPH INFINITI ."},"content":{"rendered":"<div id=\"goog-gt-tt\" class=\"skiptranslate\" dir=\"ltr\">\n<div style=\"padding: 8px;\">Este sistema viene con un sistema vers\u00e1til de 2 canales SEMG y una estimulaci\u00f3n el\u00e9ctrica neuromuscular (SNEM) para el entrenamiento de la incontinencia y la rehabilitaci\u00f3n muscular, contando con un potente software biofeedback de multimedia y la Suite Rehab.                           Este es un sistema perfecto para los terapeutas f\u00edsicos cuya pr\u00e1ctica implica tanto la ejecuci\u00f3n de evaluaciones electromiograf\u00edas realizadas en una estaci\u00f3n multimedia, y a su vez, ayudando a los pacientes en maquinas especializadas con un dispositivo de mano. La MyoTrac Infiniti permite realizar la SEMG, NEMS y la estimulaci\u00f3n provocada por EMG (EMG-STIM) en uno o dos \u00e1reas musculares. El entrenamiento de incontinencia se puede realizar con la adici\u00f3n de una sonda o electrodo vaginal o rectal. El software est\u00e1 pre-programado con muchos protocolos est\u00e1ndar para las \u00e1reas claves del cuerpo, y permite crear protocolos personalizados.  El software para PC, extiende sus capacidades con multimedia feedback y con las evaluaciones automatizadas. Usando BioGraph Infiniti y la suite de rehabilitaci\u00f3n, usted puede: Ejecutar un protocolo de evaluaci\u00f3n de la actividad EMG-5 completa en 1 o 2 sitios musculares. Ejecutar l\u00ednea de base individual, la fuerza m\u00e1xima y protocolos de evaluaci\u00f3n de resistencia. Ejecutar las evaluaciones basadas en la condici\u00f3n especializados que combinan EMG y grabaci\u00f3n de v\u00eddeo. Mejorar la capacidad muscular de entrenamiento para la relajaci\u00f3n, fortalecimiento y control. Revisar las sesiones y generar informes. MyoTrac Infiniti T9850 &#8211; Sistema de 2 Canales El MyoTrac Infiniti es un dispositivo de estimulaci\u00f3n de electromiograf\u00eda de calidad m\u00e9dica y estimulaci\u00f3n el\u00e9ctrica muscular que incorpora dos sensores de alta resoluci\u00f3n, EMG y software que ofrece SEMG est\u00e1ndar, protocolos SNEM y EMG-STIM para evaluaciones r\u00e1pidas y entrenamiento de rehabilitaci\u00f3n. Usos Biofeedback, la relajaci\u00f3n del m\u00fasculo y fines de reeducaci\u00f3n La relajaci\u00f3n de los espasmos musculares La prevenci\u00f3n o retraso de la atrofia por desuso El aumento de la circulaci\u00f3n sangu\u00ednea local Mantener o aumentar el rango de movimiento Rehabilitaci\u00f3n de embolia cerebral por Reeducaci\u00f3n muscular Estimulaci\u00f3n post-quir\u00fargica inmediata de m\u00fasculos de la pantorrilla para prevenir la trombosis venosa Mantener o aumentar el rango de movimiento El tratamiento agudo y permanente de esfuerzo, de urgencia o incontinencia urinaria mixta y donde los resultados mejoran el control urinario: inhibici\u00f3n de los m\u00fasculos a trav\u00e9s detruser mecanismos reflexivos. Tratamiento de la incontinencia desde la evaluaci\u00f3n de la actividad con EMG del piso p\u00e9lvico.y accesorios musculares como los m\u00fasculos del abdomen o gl\u00fateos Incluye: MyoTrac U-Control Plataforma Infiniti BioGraph Suite de rehabilitaci\u00f3n (cl\u00ednica) w \/ protocolos de incontinencia (2) Cables Snap Estilo EMGs Extender (4) Pin 2 mm de adaptador Snap (SA9817) Adaptador de corriente Auricular L\u00e1piz t\u00e1ctil LCD Mini cable USB 2.0 sEMG sensores desechables de muestra y Stim Pads Cable y bater\u00eda Gu\u00eda cl\u00ednica Manual Malet\u00edn de transporte Incluye : Myotrac Infiniti 2 Canales, Software Biograph Infiniti, Suite Rehab, Software Biograph Infiniti, Rehab Suite<\/p>\n<div><\/div>\n<\/div>\n<\/div>\n<div class=\"goog-te-spinner-pos\">\n<div class=\"goog-te-spinner-animation\"><\/div>\n<\/div>\n","protected":false},"excerpt":{"rendered":"<p>Muscle Rehabilitation Expert System Obtener el m\u00e1ximo rendimiento de un sistema de electromiograf\u00eda de superficie mediante la combinaci\u00f3n de la flexibilidad de un sistema aut\u00f3nomo con el poder de un sistema informatizado.<\/p>\n","protected":false},"featured_media":6792,"template":"","meta":{"_acf_changed":false,"content-type":""},"product_brand":[],"product_cat":[13291,13255,13287,13252,13279],"product_tag":[11768],"class_list":{"0":"post-30555","1":"product","2":"type-product","3":"status-publish","4":"has-post-thumbnail","6":"product_cat-biofeedback-rehabilitacion-fisica","7":"product_cat-marca","8":"product_cat-thought-technology","9":"product_cat-modalidades","10":"product_cat-retroalimentadores-biofeedback-neurofeedback-psicologia-y-rehabilitacion-fisica-incontinencia","11":"product_tag-thought-technology","13":"first","14":"onbackorder","15":"taxable","16":"shipping-taxable","17":"purchasable","18":"product-type-simple"},"acf":[],"_links":{"self":[{"href":"https:\/\/www.zannasalud.com\/tienda\/wp-json\/wp\/v2\/product\/30555","targetHints":{"allow":["GET"]}}],"collection":[{"href":"https:\/\/www.zannasalud.com\/tienda\/wp-json\/wp\/v2\/product"}],"about":[{"href":"https:\/\/www.zannasalud.com\/tienda\/wp-json\/wp\/v2\/types\/product"}],"wp:featuredmedia":[{"embeddable":true,"href":"https:\/\/www.zannasalud.com\/tienda\/wp-json\/wp\/v2\/media\/6792"}],"wp:attachment":[{"href":"https:\/\/www.zannasalud.com\/tienda\/wp-json\/wp\/v2\/media?parent=30555"}],"wp:term":[{"taxonomy":"product_brand","embeddable":true,"href":"https:\/\/www.zannasalud.com\/tienda\/wp-json\/wp\/v2\/product_brand?post=30555"},{"taxonomy":"product_cat","embeddable":true,"href":"https:\/\/www.zannasalud.com\/tienda\/wp-json\/wp\/v2\/product_cat?post=30555"},{"taxonomy":"product_tag","embeddable":true,"href":"https:\/\/www.zannasalud.com\/tienda\/wp-json\/wp\/v2\/product_tag?post=30555"}],"curies":[{"name":"wp","href":"https:\/\/api.w.org\/{rel}","templated":true}]}}